{"id":2362,"date":"2025-07-15T15:14:40","date_gmt":"2025-07-15T13:14:40","guid":{"rendered":"https:\/\/rrunning.tribalt.agency\/?post_type=product&#038;p=2362"},"modified":"2025-07-15T15:23:12","modified_gmt":"2025-07-15T13:23:12","slug":"tacx-neo-2-smart","status":"publish","type":"product","link":"https:\/\/rrunning.tribalt.agency\/?product=tacx-neo-2-smart","title":{"rendered":"TACX NEO 2 SMART"},"content":{"rendered":"<h2>LE HOME TRAINER PAR EXCELLENCE<\/h2>\n<div class=\"app__overview__intro__description\">\n<p>En plus de fonctionnalit\u00e9s vraiment immersives qui vous offrent des sensations ultra r\u00e9alistes, ce home trainer connect\u00e9 \u00e0 montage direct fournit des donn\u00e9es d\u00e9taill\u00e9es et une suite compl\u00e8te de fonctions connect\u00e9es.<\/p>\n<\/div>\n<div class=\"app__column-layout app__column-layout__column--6 app__column-layout__column__mobile--2 app__overview__intro__icons\">\n<div class=\"app__feature__card\" data-translate=\"\">\n<p class=\"app__feature__card__description app__feature__card__description--left\">Vous voulez des donn\u00e9es alors nous vous en offrons. Comme la puissance et la cadence, avec une pr\u00e9cision de l'ordre de 1%.<\/p>\n<\/div>\n<div class=\"app__feature__card\" data-translate=\"\">\n<p class=\"app__feature__card__description app__feature__card__description--left\">Vous aimez les graphiques ? Nous aussi. Analysez votre technique avec l'analyse d\u00e9taill\u00e9e du coup de p\u00e9dale<sup>1<\/sup>.<\/p>\n<\/div>\n<div class=\"app__feature__card\" data-translate=\"\">\n<p class=\"app__feature__card__description app__feature__card__description--left\">Les sensations sont si r\u00e9alistes que vous oublierez presque que vous \u00eates \u00e0 l'int\u00e9rieur.<\/p>\n<\/div>\n<div class=\"app__feature__card\" data-translate=\"\">\n<p class=\"app__feature__card__description app__feature__card__description--left\">Vous aimez la difficult\u00e9 ? Les pentes simul\u00e9es sont aussi exigeantes que les vraies.<\/p>\n<\/div>\n<div class=\"app__feature__card\" data-translate=\"\">\n<p class=\"app__feature__card__description app__feature__card__description--left\">Vous sentez ces vibrations ? C'est comme si vous rouliez sur des pav\u00e9s ou du gravier.<\/p>\n<\/div>\n<\/div>\n","protected":false},"excerpt":{"rendered":"<p>LE HOME TRAINER PAR EXCELLENCE En plus de fonctionnalit\u00e9s vraiment immersives qui vous offrent des sensations ultra r\u00e9alistes, ce home trainer connect\u00e9 \u00e0 montage direct fournit des donn\u00e9es d\u00e9taill\u00e9es et une suite compl\u00e8te de fonctions connect\u00e9es. Vous voulez des donn\u00e9es alors nous vous en offrons. Comme la puissance et la cadence, avec une pr\u00e9cision de [&hellip;]<\/p>\n","protected":false},"featured_media":2363,"template":"","meta":[],"pwb-brand":[98],"product_brand":[],"product_cat":[60],"product_tag":[],"class_list":{"0":"post-2362","1":"product","2":"type-product","3":"status-publish","4":"has-post-thumbnail","6":"pwb-brand-garmin","7":"product_cat-equipement","9":"first","10":"instock","11":"shipping-taxable","12":"purchasable","13":"product-type-simple"},"brands":[{"id":98,"name":"GARMIN","slug":"garmin"}],"_links":{"self":[{"href":"https:\/\/rrunning.tribalt.agency\/index.php?rest_route=\/wp\/v2\/product\/2362","targetHints":{"allow":["GET"]}}],"collection":[{"href":"https:\/\/rrunning.tribalt.agency\/index.php?rest_route=\/wp\/v2\/product"}],"about":[{"href":"https:\/\/rrunning.tribalt.agency\/index.php?rest_route=\/wp\/v2\/types\/product"}],"wp:featuredmedia":[{"embeddable":true,"href":"https:\/\/rrunning.tribalt.agency\/index.php?rest_route=\/wp\/v2\/media\/2363"}],"wp:attachment":[{"href":"https:\/\/rrunning.tribalt.agency\/index.php?rest_route=%2Fwp%2Fv2%2Fmedia&parent=2362"}],"wp:term":[{"taxonomy":"pwb-brand","embeddable":true,"href":"https:\/\/rrunning.tribalt.agency\/index.php?rest_route=%2Fwp%2Fv2%2Fpwb-brand&post=2362"},{"taxonomy":"product_brand","embeddable":true,"href":"https:\/\/rrunning.tribalt.agency\/index.php?rest_route=%2Fwp%2Fv2%2Fproduct_brand&post=2362"},{"taxonomy":"product_cat","embeddable":true,"href":"https:\/\/rrunning.tribalt.agency\/index.php?rest_route=%2Fwp%2Fv2%2Fproduct_cat&post=2362"},{"taxonomy":"product_tag","embeddable":true,"href":"https:\/\/rrunning.tribalt.agency\/index.php?rest_route=%2Fwp%2Fv2%2Fproduct_tag&post=2362"}],"curies":[{"name":"wp","href":"https:\/\/api.w.org\/{rel}","templated":true}]}}