{"id":2360,"date":"2025-07-15T15:12:46","date_gmt":"2025-07-15T13:12:46","guid":{"rendered":"https:\/\/rrunning.tribalt.agency\/?post_type=product&#038;p=2360"},"modified":"2025-07-15T15:14:17","modified_gmt":"2025-07-15T13:14:17","slug":"support-pour-velo-quickfit-quart-de-tour","status":"publish","type":"product","link":"https:\/\/rrunning.tribalt.agency\/?product=support-pour-velo-quickfit-quart-de-tour","title":{"rendered":"SUPPORT POUR V\u00c9LO QUICKFIT\u00ae QUART DE TOUR"},"content":{"rendered":"<h2>Transf\u00e9rez votre appareil d'entra\u00eenement multisports compatible de votre poignet \u00e0 votre v\u00e9lo en quelques secondes. Le kit est compatible avec certains appareils seulement<\/h2>\n","protected":false},"excerpt":{"rendered":"<p>Transf\u00e9rez votre appareil d'entra\u00eenement multisports compatible de votre poignet \u00e0 votre v\u00e9lo en quelques secondes. Le kit est compatible avec certains appareils seulement<\/p>\n","protected":false},"featured_media":2361,"template":"","meta":[],"pwb-brand":[98],"product_brand":[],"product_cat":[64],"product_tag":[],"class_list":{"0":"post-2360","1":"product","2":"type-product","3":"status-publish","4":"has-post-thumbnail","6":"pwb-brand-garmin","7":"product_cat-electronique-equipement","9":"first","10":"instock","11":"shipping-taxable","12":"purchasable","13":"product-type-simple"},"brands":[{"id":98,"name":"GARMIN","slug":"garmin"}],"_links":{"self":[{"href":"https:\/\/rrunning.tribalt.agency\/index.php?rest_route=\/wp\/v2\/product\/2360","targetHints":{"allow":["GET"]}}],"collection":[{"href":"https:\/\/rrunning.tribalt.agency\/index.php?rest_route=\/wp\/v2\/product"}],"about":[{"href":"https:\/\/rrunning.tribalt.agency\/index.php?rest_route=\/wp\/v2\/types\/product"}],"wp:featuredmedia":[{"embeddable":true,"href":"https:\/\/rrunning.tribalt.agency\/index.php?rest_route=\/wp\/v2\/media\/2361"}],"wp:attachment":[{"href":"https:\/\/rrunning.tribalt.agency\/index.php?rest_route=%2Fwp%2Fv2%2Fmedia&parent=2360"}],"wp:term":[{"taxonomy":"pwb-brand","embeddable":true,"href":"https:\/\/rrunning.tribalt.agency\/index.php?rest_route=%2Fwp%2Fv2%2Fpwb-brand&post=2360"},{"taxonomy":"product_brand","embeddable":true,"href":"https:\/\/rrunning.tribalt.agency\/index.php?rest_route=%2Fwp%2Fv2%2Fproduct_brand&post=2360"},{"taxonomy":"product_cat","embeddable":true,"href":"https:\/\/rrunning.tribalt.agency\/index.php?rest_route=%2Fwp%2Fv2%2Fproduct_cat&post=2360"},{"taxonomy":"product_tag","embeddable":true,"href":"https:\/\/rrunning.tribalt.agency\/index.php?rest_route=%2Fwp%2Fv2%2Fproduct_tag&post=2360"}],"curies":[{"name":"wp","href":"https:\/\/api.w.org\/{rel}","templated":true}]}}