{"id":2354,"date":"2025-07-15T15:05:35","date_gmt":"2025-07-15T13:05:35","guid":{"rendered":"https:\/\/rrunning.tribalt.agency\/?post_type=product&#038;p=2354"},"modified":"2025-07-15T15:07:42","modified_gmt":"2025-07-15T13:07:42","slug":"hrm-pro-plus","status":"publish","type":"product","link":"https:\/\/rrunning.tribalt.agency\/?product=hrm-pro-plus","title":{"rendered":"HRM-PRO PLUS"},"content":{"rendered":"<h2>Chaque pas et chaque battement compte<\/h2>\n<div class=\"app__overview__intro__description\">\n<p>Que vous vous entra\u00eeniez en int\u00e9rieur ou \u00e0 l'ext\u00e9rieur, la ceinture cardiofr\u00e9quencem\u00e8tre HRM-Pro Plus fournit les donn\u00e9es pr\u00e9cises dont vous avez besoin pour repousser vos limites et atteindre vos objectifs.<\/p>\n<\/div>\n<div class=\"app__column-layout app__column-layout__column--6 app__column-layout__column__mobile--2 app__overview__intro__icons\">\n<div class=\"app__feature__card\" data-translate=\"\">\n<p class=\"app__feature__card__description app__feature__card__description--left\">Le HRM-Pro\u2122 Plus transmet les donn\u00e9es de fr\u00e9quence cardiaque et de variabilit\u00e9 de la fr\u00e9quence cardiaque en temps r\u00e9el aux appareils, \u00e9quipements et applications compatibles.<\/p>\n<\/div>\n<div class=\"app__feature__card\" data-translate=\"\">\n<p class=\"app__feature__card__description app__feature__card__description--left\">Jusqu'\u00e0 un an d'autonomie et vous pouvez remplacer facilement la pile sans outil.<\/p>\n<\/div>\n<div class=\"app__feature__card\" data-translate=\"\">\n<p class=\"app__feature__card__description app__feature__card__description--left\">Non, il ne s'agit pas d'un simple moniteur de fr\u00e9quence cardiaque. Des dynamiques de course vous aident en plus \u00e0 am\u00e9liorer votre technique (n\u00e9cessite une montre connect\u00e9e Garmin compatible).<\/p>\n<\/div>\n<div class=\"app__feature__card\" data-translate=\"\">\n<p class=\"app__feature__card__description app__feature__card__description--left\">Connectez-vous \u00e0 votre montre connect\u00e9e Garmin compatible et obtenez des donn\u00e9es d'allure et de distance pour vos courses en int\u00e9rieur.<\/p>\n<\/div>\n<div class=\"app__feature__card\" data-translate=\"\">\n<p class=\"app__feature__card__description app__feature__card__description--left\">Vous ne portez pas votre montre ? La HRM-Pro Plus enregistre les pas, les calories br\u00fbl\u00e9es, les minutes intensives et plus encore.<\/p>\n<\/div>\n<\/div>\n","protected":false},"excerpt":{"rendered":"<p>Chaque pas et chaque battement compte Que vous vous entra\u00eeniez en int\u00e9rieur ou \u00e0 l'ext\u00e9rieur, la ceinture cardiofr\u00e9quencem\u00e8tre HRM-Pro Plus fournit les donn\u00e9es pr\u00e9cises dont vous avez besoin pour repousser vos limites et atteindre vos objectifs. Le HRM-Pro\u2122 Plus transmet les donn\u00e9es de fr\u00e9quence cardiaque et de variabilit\u00e9 de la fr\u00e9quence cardiaque en temps r\u00e9el [&hellip;]<\/p>\n","protected":false},"featured_media":2355,"template":"","meta":[],"pwb-brand":[98],"product_brand":[],"product_cat":[29],"product_tag":[],"class_list":{"0":"post-2354","1":"product","2":"type-product","3":"status-publish","4":"has-post-thumbnail","6":"pwb-brand-garmin","7":"product_cat-electronique","9":"first","10":"instock","11":"shipping-taxable","12":"purchasable","13":"product-type-simple"},"brands":[{"id":98,"name":"GARMIN","slug":"garmin"}],"_links":{"self":[{"href":"https:\/\/rrunning.tribalt.agency\/index.php?rest_route=\/wp\/v2\/product\/2354","targetHints":{"allow":["GET"]}}],"collection":[{"href":"https:\/\/rrunning.tribalt.agency\/index.php?rest_route=\/wp\/v2\/product"}],"about":[{"href":"https:\/\/rrunning.tribalt.agency\/index.php?rest_route=\/wp\/v2\/types\/product"}],"wp:featuredmedia":[{"embeddable":true,"href":"https:\/\/rrunning.tribalt.agency\/index.php?rest_route=\/wp\/v2\/media\/2355"}],"wp:attachment":[{"href":"https:\/\/rrunning.tribalt.agency\/index.php?rest_route=%2Fwp%2Fv2%2Fmedia&parent=2354"}],"wp:term":[{"taxonomy":"pwb-brand","embeddable":true,"href":"https:\/\/rrunning.tribalt.agency\/index.php?rest_route=%2Fwp%2Fv2%2Fpwb-brand&post=2354"},{"taxonomy":"product_brand","embeddable":true,"href":"https:\/\/rrunning.tribalt.agency\/index.php?rest_route=%2Fwp%2Fv2%2Fproduct_brand&post=2354"},{"taxonomy":"product_cat","embeddable":true,"href":"https:\/\/rrunning.tribalt.agency\/index.php?rest_route=%2Fwp%2Fv2%2Fproduct_cat&post=2354"},{"taxonomy":"product_tag","embeddable":true,"href":"https:\/\/rrunning.tribalt.agency\/index.php?rest_route=%2Fwp%2Fv2%2Fproduct_tag&post=2354"}],"curies":[{"name":"wp","href":"https:\/\/api.w.org\/{rel}","templated":true}]}}