{"id":2350,"date":"2025-07-15T15:02:59","date_gmt":"2025-07-15T13:02:59","guid":{"rendered":"https:\/\/rrunning.tribalt.agency\/?post_type=product&#038;p=2350"},"modified":"2025-09-01T15:49:50","modified_gmt":"2025-09-01T13:49:50","slug":"hrm-fit","status":"publish","type":"product","link":"https:\/\/rrunning.tribalt.agency\/?product=hrm-fit","title":{"rendered":"HRM-FIT"},"content":{"rendered":"<div class=\"app__feature__card\" data-translate=\"\">\n<div class=\"app__feature__card\" data-translate=\"\">\n<h2>UN DESIGN AJUST\u00c9, CON\u00c7U POUR PERFORMER<\/h2>\n<div class=\"app__overview__intro__description\">\n<p>Sp\u00e9cialement con\u00e7u pour les femmes, le moniteur de fr\u00e9quence cardiaque HRM-Fit est le moniteur dont vous avez besoin pour capturer les m\u00e9triques importantes, le tout avec un design confortable clipsable.<\/p>\n<\/div>\n<div class=\"app__column-layout app__column-layout__column--6 app__column-layout__column__mobile--2 app__overview__intro__icons\">\n<div class=\"app__feature__card\" data-translate=\"\">\n<p class=\"app__feature__card__description app__feature__card__description--left\">SE CLIPSE SUR LES BRASSI\u00c8RES \u00c0 MAINTIEN MOYEN\/FORT<\/p>\n<\/div>\n<div class=\"app__feature__card\" data-translate=\"\">\n<p class=\"app__feature__card__description app__feature__card__description--left\">JUSQU'\u00c0 1 AN D'AUTONOMIE<\/p>\n<\/div>\n<div class=\"app__feature__card\" data-translate=\"\">\n<p class=\"app__feature__card__description app__feature__card__description--left\">TRANSMET LA FR\u00c9QUENCE CARDIAQUE EN TEMPS R\u00c9EL \u00c0 VOS APPAREILS ET APP COMPATIBLES<\/p>\n<\/div>\n<div class=\"app__feature__card\" data-translate=\"\">\n<p class=\"app__feature__card__description app__feature__card__description--left\">POLYVALENT : COURSE \u00c0 PIED, CYCLISME, HIIT, MUSCULATION ET BIEN PLUS<\/p>\n<\/div>\n<div class=\"app__feature__card\" data-translate=\"\">\n<p class=\"app__feature__card__description app__feature__card__description--left\">DYNAMIQUES DE COURSE POUR AM\u00c9LIORER VOTRE TECHNIQUE AVEC VOTRE MONTRE CONNECT\u00c9E GARMIN COMPATIBLE<\/p>\n<\/div>\n<div class=\"app__feature__card\" data-translate=\"\">\n<p class=\"app__feature__card__description app__feature__card__description--left\">INDIQUE LE NOMBRE DE PAS, LES CALORIES, LES MINUTES INTENSIVES ET LA FR\u00c9QUENCE CARDIAQUE TOUTE LA JOURN\u00c9E<\/p>\n<\/div>\n<\/div>\n<\/div>\n<\/div>\n","protected":false},"excerpt":{"rendered":"<p>UN DESIGN AJUST\u00c9, CON\u00c7U POUR PERFORMER Sp\u00e9cialement con\u00e7u pour les femmes, le moniteur de fr\u00e9quence cardiaque HRM-Fit est le moniteur dont vous avez besoin pour capturer les m\u00e9triques importantes, le tout avec un design confortable clipsable. SE CLIPSE SUR LES BRASSI\u00c8RES \u00c0 MAINTIEN MOYEN\/FORT JUSQU'\u00c0 1 AN D'AUTONOMIE TRANSMET LA FR\u00c9QUENCE CARDIAQUE EN TEMPS R\u00c9EL [&hellip;]<\/p>\n","protected":false},"featured_media":2352,"template":"","meta":[],"pwb-brand":[98],"product_brand":[],"product_cat":[29],"product_tag":[],"class_list":{"0":"post-2350","1":"product","2":"type-product","3":"status-publish","4":"has-post-thumbnail","6":"pwb-brand-garmin","7":"product_cat-electronique","9":"first","10":"instock","11":"shipping-taxable","12":"purchasable","13":"product-type-simple"},"brands":[{"id":98,"name":"GARMIN","slug":"garmin"}],"_links":{"self":[{"href":"https:\/\/rrunning.tribalt.agency\/index.php?rest_route=\/wp\/v2\/product\/2350","targetHints":{"allow":["GET"]}}],"collection":[{"href":"https:\/\/rrunning.tribalt.agency\/index.php?rest_route=\/wp\/v2\/product"}],"about":[{"href":"https:\/\/rrunning.tribalt.agency\/index.php?rest_route=\/wp\/v2\/types\/product"}],"wp:featuredmedia":[{"embeddable":true,"href":"https:\/\/rrunning.tribalt.agency\/index.php?rest_route=\/wp\/v2\/media\/2352"}],"wp:attachment":[{"href":"https:\/\/rrunning.tribalt.agency\/index.php?rest_route=%2Fwp%2Fv2%2Fmedia&parent=2350"}],"wp:term":[{"taxonomy":"pwb-brand","embeddable":true,"href":"https:\/\/rrunning.tribalt.agency\/index.php?rest_route=%2Fwp%2Fv2%2Fpwb-brand&post=2350"},{"taxonomy":"product_brand","embeddable":true,"href":"https:\/\/rrunning.tribalt.agency\/index.php?rest_route=%2Fwp%2Fv2%2Fproduct_brand&post=2350"},{"taxonomy":"product_cat","embeddable":true,"href":"https:\/\/rrunning.tribalt.agency\/index.php?rest_route=%2Fwp%2Fv2%2Fproduct_cat&post=2350"},{"taxonomy":"product_tag","embeddable":true,"href":"https:\/\/rrunning.tribalt.agency\/index.php?rest_route=%2Fwp%2Fv2%2Fproduct_tag&post=2350"}],"curies":[{"name":"wp","href":"https:\/\/api.w.org\/{rel}","templated":true}]}}