{"id":2348,"date":"2025-07-15T15:01:33","date_gmt":"2025-07-15T13:01:33","guid":{"rendered":"https:\/\/rrunning.tribalt.agency\/?post_type=product&#038;p=2348"},"modified":"2025-07-15T15:02:48","modified_gmt":"2025-07-15T13:02:48","slug":"hrm-dual","status":"publish","type":"product","link":"https:\/\/rrunning.tribalt.agency\/?product=hrm-dual","title":{"rendered":"HRM-DUAL"},"content":{"rendered":"<div class=\"app__feature__card\" data-translate=\"\">\n<div class=\"app__feature__card\" data-translate=\"\">\n<h3>Fr\u00e9quence cardiaque\u00a0: des mesures faciles et pr\u00e9cises<\/h3>\n<p>Cette ceinture cardiofr\u00e9quencem\u00e8tre de pointe transmet en temps r\u00e9el des donn\u00e9es de fr\u00e9quence cardiaque via le protocole ANT+<sup>\u00ae<\/sup>\u00a0et la technologie BLUETOOTH<sup>\u00ae<\/sup>\u00a0Low Energy, vous offrant ainsi plus de possibilit\u00e9s pour vous entra\u00eener en salle, en ext\u00e9rieur et m\u00eame via des applications en ligne. Gr\u00e2ce \u00e0 elle, vous pouvez recevoir des donn\u00e9es de fr\u00e9quence cardiaque pr\u00e9cises et coh\u00e9rentes sur votre appareil Garmin, sur des applications d'entra\u00eenement en ligne comme Zwift ou m\u00eame sur les \u00e9quipements sportifs compatibles de votre salle de fitness favorite. Ainsi, o\u00f9 que vous d\u00e9cidiez de vous entra\u00eener, vous pourrez profiter des donn\u00e9es de fr\u00e9quence cardiaque pr\u00e9cises et en temps r\u00e9el qui vous aideront \u00e0 am\u00e9liorer vos performances.<\/p>\n<div class=\"row top-m bottom-m\">\n<div class=\"span9\">\n<h3>Confortable et pratique<\/h3>\n<p>HRM-Dual\u2122 est dot\u00e9 d'une ceinture souple, confortable et ajustable. Pour nettoyer le module de fr\u00e9quence cardiaque, il vous suffit de le retirer de la ceinture. Vous avez peur de manquer de batterie\u00a0? Ne vous en faites pas, la pile peut tenir jusqu'\u00e0 3,5\u00a0ans.<\/p>\n<\/div>\n<\/div>\n<\/div>\n<\/div>\n","protected":false},"excerpt":{"rendered":"<p>Fr\u00e9quence cardiaque\u00a0: des mesures faciles et pr\u00e9cises Cette ceinture cardiofr\u00e9quencem\u00e8tre de pointe transmet en temps r\u00e9el des donn\u00e9es de fr\u00e9quence cardiaque via le protocole ANT+\u00ae\u00a0et la technologie BLUETOOTH\u00ae\u00a0Low Energy, vous offrant ainsi plus de possibilit\u00e9s pour vous entra\u00eener en salle, en ext\u00e9rieur et m\u00eame via des applications en ligne. Gr\u00e2ce \u00e0 elle, vous pouvez recevoir [&hellip;]<\/p>\n","protected":false},"featured_media":2349,"template":"","meta":[],"pwb-brand":[98],"product_brand":[],"product_cat":[29],"product_tag":[],"class_list":{"0":"post-2348","1":"product","2":"type-product","3":"status-publish","4":"has-post-thumbnail","6":"pwb-brand-garmin","7":"product_cat-electronique","9":"first","10":"instock","11":"shipping-taxable","12":"purchasable","13":"product-type-simple"},"brands":[{"id":98,"name":"GARMIN","slug":"garmin"}],"_links":{"self":[{"href":"https:\/\/rrunning.tribalt.agency\/index.php?rest_route=\/wp\/v2\/product\/2348","targetHints":{"allow":["GET"]}}],"collection":[{"href":"https:\/\/rrunning.tribalt.agency\/index.php?rest_route=\/wp\/v2\/product"}],"about":[{"href":"https:\/\/rrunning.tribalt.agency\/index.php?rest_route=\/wp\/v2\/types\/product"}],"wp:featuredmedia":[{"embeddable":true,"href":"https:\/\/rrunning.tribalt.agency\/index.php?rest_route=\/wp\/v2\/media\/2349"}],"wp:attachment":[{"href":"https:\/\/rrunning.tribalt.agency\/index.php?rest_route=%2Fwp%2Fv2%2Fmedia&parent=2348"}],"wp:term":[{"taxonomy":"pwb-brand","embeddable":true,"href":"https:\/\/rrunning.tribalt.agency\/index.php?rest_route=%2Fwp%2Fv2%2Fpwb-brand&post=2348"},{"taxonomy":"product_brand","embeddable":true,"href":"https:\/\/rrunning.tribalt.agency\/index.php?rest_route=%2Fwp%2Fv2%2Fproduct_brand&post=2348"},{"taxonomy":"product_cat","embeddable":true,"href":"https:\/\/rrunning.tribalt.agency\/index.php?rest_route=%2Fwp%2Fv2%2Fproduct_cat&post=2348"},{"taxonomy":"product_tag","embeddable":true,"href":"https:\/\/rrunning.tribalt.agency\/index.php?rest_route=%2Fwp%2Fv2%2Fproduct_tag&post=2348"}],"curies":[{"name":"wp","href":"https:\/\/api.w.org\/{rel}","templated":true}]}}