{"id":2343,"date":"2025-07-15T14:56:59","date_gmt":"2025-07-15T12:56:59","guid":{"rendered":"https:\/\/rrunning.tribalt.agency\/?post_type=product&#038;p=2343"},"modified":"2025-07-15T15:00:52","modified_gmt":"2025-07-15T13:00:52","slug":"forerunner-965-white","status":"publish","type":"product","link":"https:\/\/rrunning.tribalt.agency\/?product=forerunner-965-white","title":{"rendered":"HRM 200 M-XL"},"content":{"rendered":"<div class=\"app__feature__card\" data-translate=\"\">\n<div class=\"app__feature__card\" data-translate=\"\">\n<h2>NE PERDEZ JAMAIS LE RYTHME<\/h2>\n<div class=\"app__overview__intro__description\">\n<p>Lorsque vous avez besoin de donn\u00e9es pr\u00e9cises sur votre fr\u00e9quence cardiaque et sa variabilit\u00e9 (VFC), le moniteur de fr\u00e9quence cardiaque HRM 200 est l\u00e0 pour vous les fournir.<\/p>\n<\/div>\n<div class=\"app__column-layout app__column-layout__column--6 app__column-layout__column__mobile--2 app__overview__intro__icons\">\n<div class=\"app__feature__card\" data-translate=\"\">\n<p class=\"app__feature__card__description app__feature__card__description--left\">ENVOI DES DONN\u00c9ES EN TEMPS R\u00c9EL<\/p>\n<\/div>\n<div class=\"app__feature__card\" data-translate=\"\">\n<p class=\"app__feature__card__description app__feature__card__description--left\">JUSQU'\u00c0 1 AN D'AUTONOMIE<\/p>\n<\/div>\n<div class=\"app__feature__card\" data-translate=\"\">\n<p class=\"app__feature__card__description app__feature__card__description--left\">DISPONIBLE EN 2 TAILLES<\/p>\n<\/div>\n<div class=\"app__feature__card\" data-translate=\"\">\n<p class=\"app__feature__card__description app__feature__card__description--left\">DURABLE ET \u00c9TANCHE JUSQU'\u00c0 3 ATM<\/p>\n<\/div>\n<div class=\"app__feature__card\" data-translate=\"\">\n<p class=\"app__feature__card__description app__feature__card__description--left\">CEINTURE LAVABLE EN MACHINE<\/p>\n<\/div>\n<\/div>\n<\/div>\n<\/div>\n","protected":false},"excerpt":{"rendered":"<p>NE PERDEZ JAMAIS LE RYTHME Lorsque vous avez besoin de donn\u00e9es pr\u00e9cises sur votre fr\u00e9quence cardiaque et sa variabilit\u00e9 (VFC), le moniteur de fr\u00e9quence cardiaque HRM 200 est l\u00e0 pour vous les fournir. ENVOI DES DONN\u00c9ES EN TEMPS R\u00c9EL JUSQU'\u00c0 1 AN D'AUTONOMIE DISPONIBLE EN 2 TAILLES DURABLE ET \u00c9TANCHE JUSQU'\u00c0 3 ATM CEINTURE LAVABLE [&hellip;]<\/p>\n","protected":false},"featured_media":2345,"template":"","meta":[],"pwb-brand":[98],"product_brand":[],"product_cat":[29],"product_tag":[],"class_list":{"0":"post-2343","1":"product","2":"type-product","3":"status-publish","4":"has-post-thumbnail","6":"pwb-brand-garmin","7":"product_cat-electronique","9":"first","10":"instock","11":"shipping-taxable","12":"purchasable","13":"product-type-simple"},"brands":[{"id":98,"name":"GARMIN","slug":"garmin"}],"_links":{"self":[{"href":"https:\/\/rrunning.tribalt.agency\/index.php?rest_route=\/wp\/v2\/product\/2343","targetHints":{"allow":["GET"]}}],"collection":[{"href":"https:\/\/rrunning.tribalt.agency\/index.php?rest_route=\/wp\/v2\/product"}],"about":[{"href":"https:\/\/rrunning.tribalt.agency\/index.php?rest_route=\/wp\/v2\/types\/product"}],"wp:featuredmedia":[{"embeddable":true,"href":"https:\/\/rrunning.tribalt.agency\/index.php?rest_route=\/wp\/v2\/media\/2345"}],"wp:attachment":[{"href":"https:\/\/rrunning.tribalt.agency\/index.php?rest_route=%2Fwp%2Fv2%2Fmedia&parent=2343"}],"wp:term":[{"taxonomy":"pwb-brand","embeddable":true,"href":"https:\/\/rrunning.tribalt.agency\/index.php?rest_route=%2Fwp%2Fv2%2Fpwb-brand&post=2343"},{"taxonomy":"product_brand","embeddable":true,"href":"https:\/\/rrunning.tribalt.agency\/index.php?rest_route=%2Fwp%2Fv2%2Fproduct_brand&post=2343"},{"taxonomy":"product_cat","embeddable":true,"href":"https:\/\/rrunning.tribalt.agency\/index.php?rest_route=%2Fwp%2Fv2%2Fproduct_cat&post=2343"},{"taxonomy":"product_tag","embeddable":true,"href":"https:\/\/rrunning.tribalt.agency\/index.php?rest_route=%2Fwp%2Fv2%2Fproduct_tag&post=2343"}],"curies":[{"name":"wp","href":"https:\/\/api.w.org\/{rel}","templated":true}]}}