{"id":2339,"date":"2025-07-15T14:53:02","date_gmt":"2025-07-15T12:53:02","guid":{"rendered":"https:\/\/rrunning.tribalt.agency\/?post_type=product&#038;p=2339"},"modified":"2025-07-15T14:56:38","modified_gmt":"2025-07-15T12:56:38","slug":"forerunner-55-whitestone-copie","status":"publish","type":"product","link":"https:\/\/rrunning.tribalt.agency\/?product=forerunner-55-whitestone-copie","title":{"rendered":"FORERUNNER 965 BLACK"},"content":{"rendered":"<div class=\"app__feature__card\" data-translate=\"\">\n<div class=\"app__feature__card\" data-translate=\"\">\n<h2>BRILLEZ \u00c0 L'ENTRA\u00ceNEMENT<\/h2>\n<p>AVEC UN \u00c9CRAN AMOLED \u00c9CRAN COULEUR AMOLED 1,4\u2033<\/p>\n<p class=\"app__feature__card__description app__feature__card__description--left\">\n<\/div>\n<div class=\"app__feature__card\" data-translate=\"\">\n<p class=\"app__feature__card__description app__feature__card__description--left\">JUSQU'\u00c0 31 HEURES D'AUTONOMIE EN MODE GPS<\/p>\n<\/div>\n<div class=\"app__feature__card\" data-translate=\"\">\n<p class=\"app__feature__card__description app__feature__card__description--left\">FONCTIONS D'ENTRA\u00ceNEMENT ET STATISTIQUES DE PERFORMANCE AVANC\u00c9ES<\/p>\n<\/div>\n<div class=\"app__feature__card\" data-translate=\"\">\n<p class=\"app__feature__card__description app__feature__card__description--left\">CARTES INT\u00c9GR\u00c9ES AVEC SATIQ\u2122 ET GPS MULTI-BANDES<\/p>\n<\/div>\n<div class=\"app__feature__card\" data-translate=\"\">\n<p class=\"app__feature__card__description app__feature__card__description--left\">LUNETTE EN TITANE ULTRA-L\u00c9G\u00c8RE<\/p>\n<\/div>\n<div class=\"app__feature__card\" data-translate=\"\">\n<p class=\"app__feature__card__description app__feature__card__description--left\">\u00c9CRAN TACTILE ET BOUTONS<\/p>\n<\/div>\n<\/div>\n","protected":false},"excerpt":{"rendered":"<p>BRILLEZ \u00c0 L'ENTRA\u00ceNEMENT AVEC UN \u00c9CRAN AMOLED \u00c9CRAN COULEUR AMOLED 1,4\u2033 JUSQU'\u00c0 31 HEURES D'AUTONOMIE EN MODE GPS FONCTIONS D'ENTRA\u00ceNEMENT ET STATISTIQUES DE PERFORMANCE AVANC\u00c9ES CARTES INT\u00c9GR\u00c9ES AVEC SATIQ\u2122 ET GPS MULTI-BANDES LUNETTE EN TITANE ULTRA-L\u00c9G\u00c8RE \u00c9CRAN TACTILE ET BOUTONS<\/p>\n","protected":false},"featured_media":2342,"template":"","meta":[],"pwb-brand":[98],"product_brand":[],"product_cat":[29],"product_tag":[],"class_list":{"0":"post-2339","1":"product","2":"type-product","3":"status-publish","4":"has-post-thumbnail","6":"pwb-brand-garmin","7":"product_cat-electronique","9":"first","10":"instock","11":"shipping-taxable","12":"purchasable","13":"product-type-simple"},"brands":[{"id":98,"name":"GARMIN","slug":"garmin"}],"_links":{"self":[{"href":"https:\/\/rrunning.tribalt.agency\/index.php?rest_route=\/wp\/v2\/product\/2339","targetHints":{"allow":["GET"]}}],"collection":[{"href":"https:\/\/rrunning.tribalt.agency\/index.php?rest_route=\/wp\/v2\/product"}],"about":[{"href":"https:\/\/rrunning.tribalt.agency\/index.php?rest_route=\/wp\/v2\/types\/product"}],"wp:featuredmedia":[{"embeddable":true,"href":"https:\/\/rrunning.tribalt.agency\/index.php?rest_route=\/wp\/v2\/media\/2342"}],"wp:attachment":[{"href":"https:\/\/rrunning.tribalt.agency\/index.php?rest_route=%2Fwp%2Fv2%2Fmedia&parent=2339"}],"wp:term":[{"taxonomy":"pwb-brand","embeddable":true,"href":"https:\/\/rrunning.tribalt.agency\/index.php?rest_route=%2Fwp%2Fv2%2Fpwb-brand&post=2339"},{"taxonomy":"product_brand","embeddable":true,"href":"https:\/\/rrunning.tribalt.agency\/index.php?rest_route=%2Fwp%2Fv2%2Fproduct_brand&post=2339"},{"taxonomy":"product_cat","embeddable":true,"href":"https:\/\/rrunning.tribalt.agency\/index.php?rest_route=%2Fwp%2Fv2%2Fproduct_cat&post=2339"},{"taxonomy":"product_tag","embeddable":true,"href":"https:\/\/rrunning.tribalt.agency\/index.php?rest_route=%2Fwp%2Fv2%2Fproduct_tag&post=2339"}],"curies":[{"name":"wp","href":"https:\/\/api.w.org\/{rel}","templated":true}]}}