{"id":2335,"date":"2025-07-15T14:48:58","date_gmt":"2025-07-15T12:48:58","guid":{"rendered":"https:\/\/rrunning.tribalt.agency\/?post_type=product&#038;p=2335"},"modified":"2025-07-15T14:50:34","modified_gmt":"2025-07-15T12:50:34","slug":"forerunner-55-black","status":"publish","type":"product","link":"https:\/\/rrunning.tribalt.agency\/?product=forerunner-55-black","title":{"rendered":"FORERUNNER 55 BLACK"},"content":{"rendered":"<h1>D\u00c9COUVREZ LES PLAISIRS DE LA COURSE<\/h1>\n<div class=\"app__overview__intro__description\">\n<p>Cette montre GPS connect\u00e9e facile \u00e0 utiliser a \u00e9t\u00e9 con\u00e7ue pour aider les sportifs de tout niveau \u00e0 suivre leurs statistiques et atteindre leurs objectifs.<\/p>\n<\/div>\n<div class=\"app__column-layout app__column-layout__column--6 app__column-layout__column__mobile--2 app__overview__intro__icons\">\n<div class=\"app__feature__card\" data-translate=\"\">\n<p class=\"app__feature__card__description app__feature__card__description--left\">Le GPS vous permet d'enregistrer vos temps, votre allure et votre vitesse pour toutes vos marches ou courses.<\/p>\n<\/div>\n<div class=\"app__feature__card\" data-translate=\"\">\n<p class=\"app__feature__card__description app__feature__card__description--left\">Profitez d'une <a href=\"https:\/\/support.garmin.com\/fr-FR\/?faq=id4j4F0m9W4elydZFQ9Tb9\">autonomie<\/a>\u00a0pouvant aller jusqu'\u00e0 2\u00a0semaines. Moins de recharge, c'est toujours un avantage.<\/p>\n<\/div>\n<div class=\"app__feature__card\" data-translate=\"\">\n<p class=\"app__feature__card__description app__feature__card__description--left\">Surveillez votre \u00e9tat de sant\u00e9 et de bien-\u00eatre gr\u00e2ce au moniteur de fr\u00e9quence cardiaque au poignet<sup>1<\/sup>\u00a0et plus encore.<\/p>\n<\/div>\n<div class=\"app__feature__card\" data-translate=\"\">\n<p class=\"app__feature__card__description app__feature__card__description--left\">Ne laissez plus de place au hasard dans vos entra\u00eenements. Cette montre intelligente vous sugg\u00e8re des entrainements adapt\u00e9es \u00e0 vos capacit\u00e9s.<\/p>\n<\/div>\n<div class=\"app__feature__card\" data-translate=\"\">\n<p class=\"app__feature__card__description app__feature__card__description--left\">Les fonctions de course \u00e0 pied avanc\u00e9es vous permettent d'atteindre vos objectifs.<\/p>\n<\/div>\n<div class=\"app__feature__card\" data-translate=\"\">\n<p class=\"app__feature__card__description app__feature__card__description--left\">De la course \u00e0 pied, mais pas seulement gr\u00e2ce \u00e0 un ensemble de profils d'activit\u00e9 int\u00e9gr\u00e9s.<\/p>\n<\/div>\n<\/div>\n","protected":false},"excerpt":{"rendered":"<p>D\u00c9COUVREZ LES PLAISIRS DE LA COURSE Cette montre GPS connect\u00e9e facile \u00e0 utiliser a \u00e9t\u00e9 con\u00e7ue pour aider les sportifs de tout niveau \u00e0 suivre leurs statistiques et atteindre leurs objectifs. Le GPS vous permet d'enregistrer vos temps, votre allure et votre vitesse pour toutes vos marches ou courses. Profitez d'une autonomie\u00a0pouvant aller jusqu'\u00e0 2\u00a0semaines. [&hellip;]<\/p>\n","protected":false},"featured_media":2336,"template":"","meta":[],"pwb-brand":[98],"product_brand":[],"product_cat":[29],"product_tag":[],"class_list":{"0":"post-2335","1":"product","2":"type-product","3":"status-publish","4":"has-post-thumbnail","6":"pwb-brand-garmin","7":"product_cat-electronique","9":"first","10":"instock","11":"shipping-taxable","12":"purchasable","13":"product-type-simple"},"brands":[{"id":98,"name":"GARMIN","slug":"garmin"}],"_links":{"self":[{"href":"https:\/\/rrunning.tribalt.agency\/index.php?rest_route=\/wp\/v2\/product\/2335","targetHints":{"allow":["GET"]}}],"collection":[{"href":"https:\/\/rrunning.tribalt.agency\/index.php?rest_route=\/wp\/v2\/product"}],"about":[{"href":"https:\/\/rrunning.tribalt.agency\/index.php?rest_route=\/wp\/v2\/types\/product"}],"wp:featuredmedia":[{"embeddable":true,"href":"https:\/\/rrunning.tribalt.agency\/index.php?rest_route=\/wp\/v2\/media\/2336"}],"wp:attachment":[{"href":"https:\/\/rrunning.tribalt.agency\/index.php?rest_route=%2Fwp%2Fv2%2Fmedia&parent=2335"}],"wp:term":[{"taxonomy":"pwb-brand","embeddable":true,"href":"https:\/\/rrunning.tribalt.agency\/index.php?rest_route=%2Fwp%2Fv2%2Fpwb-brand&post=2335"},{"taxonomy":"product_brand","embeddable":true,"href":"https:\/\/rrunning.tribalt.agency\/index.php?rest_route=%2Fwp%2Fv2%2Fproduct_brand&post=2335"},{"taxonomy":"product_cat","embeddable":true,"href":"https:\/\/rrunning.tribalt.agency\/index.php?rest_route=%2Fwp%2Fv2%2Fproduct_cat&post=2335"},{"taxonomy":"product_tag","embeddable":true,"href":"https:\/\/rrunning.tribalt.agency\/index.php?rest_route=%2Fwp%2Fv2%2Fproduct_tag&post=2335"}],"curies":[{"name":"wp","href":"https:\/\/api.w.org\/{rel}","templated":true}]}}