{"id":2324,"date":"2025-07-15T14:36:01","date_gmt":"2025-07-15T12:36:01","guid":{"rendered":"https:\/\/rrunning.tribalt.agency\/?post_type=product&#038;p=2324"},"modified":"2025-07-15T14:39:14","modified_gmt":"2025-07-15T12:39:14","slug":"enduro-3-titane-carbon-gray","status":"publish","type":"product","link":"https:\/\/rrunning.tribalt.agency\/?product=enduro-3-titane-carbon-gray","title":{"rendered":"ENDURO 3 TITANE CARBON GRAY"},"content":{"rendered":"<div class=\"app__overview__intro__description\">\n<div class=\"app__overview__intro__description\">\n<h2>CON\u00c7UE POUR LES AVENTURIERS LES PLUS EXIGEANTS<\/h2>\n<div class=\"app__overview__intro__description\">\n<p>D\u00e9passez vos limites, vos objectifs et tout ce que vous pensiez possible avec l'Enduro 3, la montre GPS connect\u00e9e pour l'utra-endurance, plus l\u00e9g\u00e8re et dot\u00e9e d'une plus grande autonomie.<\/p>\n<\/div>\n<div class=\"app__column-layout app__column-layout__column--6 app__column-layout__column__mobile--2 app__overview__intro__icons\">\n<div class=\"app__feature__card\" data-translate=\"\">\n<p class=\"app__feature__card__description app__feature__card__description--left\">LE VERRE SOLAIRE OFFRE UNE AUTONOMIE EXCEPTIONNELLE POUR TERMINER LES COURSES LES PLUS LONGUES<\/p>\n<\/div>\n<div class=\"app__feature__card\" data-translate=\"\">\n<p class=\"app__feature__card__description app__feature__card__description--left\">JUSQU'\u00c0 320 HEURES D'AUTONOMIE EN MODE GPS<sup>1<\/sup><\/p>\n<\/div>\n<div class=\"app__feature__card\" data-translate=\"\">\n<p class=\"app__feature__card__description app__feature__card__description--left\">LA LAMPE DE POCHE LED INT\u00c9GR\u00c9E VOUS GUIDERA DANS VOS AVENTURES<\/p>\n<\/div>\n<div class=\"app__feature__card\" data-translate=\"\">\n<p class=\"app__feature__card__description app__feature__card__description--left\">LA TECHNOLOGIE SATIQ\u2122 ET LE GPS MULTI-BANDES OFFRENT UNE PR\u00c9CISION DE POSITIONNEMENT SUP\u00c9RIEURE<\/p>\n<\/div>\n<div class=\"app__feature__card\" data-translate=\"\">\n<p class=\"app__feature__card__description app__feature__card__description--left\">LES ITIN\u00c9RAIRES ALLER-RETOUR DYNAMIQUES VOUS RAM\u00c8NE \u00c0 LA MAISON \u00c0 TEMPS<\/p>\n<\/div>\n<div class=\"app__feature__card\" data-translate=\"\">\n<p class=\"app__feature__card__description app__feature__card__description--left\">NE PERDEZ PAS LE NORD GR\u00c2CE AUX CARTES TOPOACTIVE PR\u00c9CHARG\u00c9ES<\/p>\n<p>&nbsp;<\/p>\n<\/div>\n<\/div>\n<\/div>\n<\/div>\n","protected":false},"excerpt":{"rendered":"<p>CON\u00c7UE POUR LES AVENTURIERS LES PLUS EXIGEANTS D\u00e9passez vos limites, vos objectifs et tout ce que vous pensiez possible avec l'Enduro 3, la montre GPS connect\u00e9e pour l'utra-endurance, plus l\u00e9g\u00e8re et dot\u00e9e d'une plus grande autonomie. LE VERRE SOLAIRE OFFRE UNE AUTONOMIE EXCEPTIONNELLE POUR TERMINER LES COURSES LES PLUS LONGUES JUSQU'\u00c0 320 HEURES D'AUTONOMIE EN [&hellip;]<\/p>\n","protected":false},"featured_media":2326,"template":"","meta":[],"pwb-brand":[98],"product_brand":[],"product_cat":[29],"product_tag":[],"class_list":{"0":"post-2324","1":"product","2":"type-product","3":"status-publish","4":"has-post-thumbnail","6":"pwb-brand-garmin","7":"product_cat-electronique","9":"first","10":"instock","11":"shipping-taxable","12":"purchasable","13":"product-type-simple"},"brands":[{"id":98,"name":"GARMIN","slug":"garmin"}],"_links":{"self":[{"href":"https:\/\/rrunning.tribalt.agency\/index.php?rest_route=\/wp\/v2\/product\/2324","targetHints":{"allow":["GET"]}}],"collection":[{"href":"https:\/\/rrunning.tribalt.agency\/index.php?rest_route=\/wp\/v2\/product"}],"about":[{"href":"https:\/\/rrunning.tribalt.agency\/index.php?rest_route=\/wp\/v2\/types\/product"}],"wp:featuredmedia":[{"embeddable":true,"href":"https:\/\/rrunning.tribalt.agency\/index.php?rest_route=\/wp\/v2\/media\/2326"}],"wp:attachment":[{"href":"https:\/\/rrunning.tribalt.agency\/index.php?rest_route=%2Fwp%2Fv2%2Fmedia&parent=2324"}],"wp:term":[{"taxonomy":"pwb-brand","embeddable":true,"href":"https:\/\/rrunning.tribalt.agency\/index.php?rest_route=%2Fwp%2Fv2%2Fpwb-brand&post=2324"},{"taxonomy":"product_brand","embeddable":true,"href":"https:\/\/rrunning.tribalt.agency\/index.php?rest_route=%2Fwp%2Fv2%2Fproduct_brand&post=2324"},{"taxonomy":"product_cat","embeddable":true,"href":"https:\/\/rrunning.tribalt.agency\/index.php?rest_route=%2Fwp%2Fv2%2Fproduct_cat&post=2324"},{"taxonomy":"product_tag","embeddable":true,"href":"https:\/\/rrunning.tribalt.agency\/index.php?rest_route=%2Fwp%2Fv2%2Fproduct_tag&post=2324"}],"curies":[{"name":"wp","href":"https:\/\/api.w.org\/{rel}","templated":true}]}}