{"id":2322,"date":"2025-07-15T14:34:14","date_gmt":"2025-07-15T12:34:14","guid":{"rendered":"https:\/\/rrunning.tribalt.agency\/?post_type=product&#038;p=2322"},"modified":"2025-07-15T14:35:41","modified_gmt":"2025-07-15T12:35:41","slug":"edge-explore-2","status":"publish","type":"product","link":"https:\/\/rrunning.tribalt.agency\/?product=edge-explore-2","title":{"rendered":"EDGE EXPLORE 2"},"content":{"rendered":"<div class=\"app__overview__intro__description\">\n<h2>LE MONDE VOUS ATTEND<\/h2>\n<div class=\"app__overview__intro__description\">\n<p>Si vous avez besoin d'un compteur GPS de v\u00e9lo fiable et simple d'utilisation, Edge Explore 2 vous accompagne l\u00e0 o\u00f9 vous en avez le plus besoin. Alors, partez \u00e0 la d\u00e9couverte de nouvelles routes et sentiers<\/p>\n<\/div>\n<div class=\"app__column-layout app__column-layout__column--6 app__column-layout__column__mobile--2 app__overview__intro__icons\">\n<div class=\"app__feature__card\" data-translate=\"\">\n<p class=\"app__feature__card__description app__feature__card__description--left\">Sortez des sentiers battus : Edge vous ram\u00e8nera toujours \u00e0 bon port gr\u00e2ce \u00e0 son syst\u00e8me de navigation sp\u00e9cifique au v\u00e9lo.<\/p>\n<\/div>\n<div class=\"app__feature__card\" data-translate=\"\">\n<p class=\"app__feature__card__description app__feature__card__description--left\">La batterie de votre smartphone vid\u00e9e par votre application de localisation ne sera plus qu'un lointain souvenir : Edge offre jusqu'\u00e0 16 heures d'autonomie en utilisation intensive et jusqu'\u00e0 24 heures en mode \u00e9conomie d'\u00e9nergie.<\/p>\n<\/div>\n<div class=\"app__feature__card\" data-translate=\"\">\n<p class=\"app__feature__card__description app__feature__card__description--left\">Cr\u00e9ez des parcours via l'application Garmin Connect\u2122, Strava, Komoot, Wikiloc et bien plus encore, et synchronisez-les avec votre Edge en un clin d'\u0153il.<\/p>\n<\/div>\n<div class=\"app__feature__card\" data-translate=\"\">\n<p class=\"app__feature__card__description app__feature__card__description--left\">Vous p\u00e9dalez avec votre v\u00e9lo \u00e9lectrique compatible ? Edge est bien \u00e9videmment l\u00e0 pour vous. Obtenez des parcours sp\u00e9cifiques pour v\u00e9lo \u00e9lectrique en fonction de l'\u00e9tat de la batterie, du niveau d'assistance disponible et de l'autonomie.<\/p>\n<\/div>\n<div class=\"app__feature__card\" data-translate=\"\">\n<p class=\"app__feature__card__description app__feature__card__description--left\">Restez inform\u00e9 et en contact avec les autres gr\u00e2ce \u00e0 la d\u00e9tection des incidents<sup>1<\/sup>\u00a0et \u00e0 la compatibilit\u00e9 avec le radar de v\u00e9lo Varia\u2122.<\/p>\n<\/div>\n<div class=\"app__feature__card\" data-translate=\"\">\n<p class=\"app__feature__card__description app__feature__card__description--left\">Recevez des alertes indiquant les dangers signal\u00e9s par d'autres cyclistes<\/p>\n<\/div>\n<\/div>\n<\/div>\n","protected":false},"excerpt":{"rendered":"<p>LE MONDE VOUS ATTEND Si vous avez besoin d'un compteur GPS de v\u00e9lo fiable et simple d'utilisation, Edge Explore 2 vous accompagne l\u00e0 o\u00f9 vous en avez le plus besoin. Alors, partez \u00e0 la d\u00e9couverte de nouvelles routes et sentiers Sortez des sentiers battus : Edge vous ram\u00e8nera toujours \u00e0 bon port gr\u00e2ce \u00e0 son [&hellip;]<\/p>\n","protected":false},"featured_media":2323,"template":"","meta":[],"pwb-brand":[98],"product_brand":[],"product_cat":[29,64],"product_tag":[],"class_list":{"0":"post-2322","1":"product","2":"type-product","3":"status-publish","4":"has-post-thumbnail","6":"pwb-brand-garmin","7":"product_cat-electronique","8":"product_cat-electronique-equipement","10":"first","11":"instock","12":"shipping-taxable","13":"purchasable","14":"product-type-simple"},"brands":[{"id":98,"name":"GARMIN","slug":"garmin"}],"_links":{"self":[{"href":"https:\/\/rrunning.tribalt.agency\/index.php?rest_route=\/wp\/v2\/product\/2322","targetHints":{"allow":["GET"]}}],"collection":[{"href":"https:\/\/rrunning.tribalt.agency\/index.php?rest_route=\/wp\/v2\/product"}],"about":[{"href":"https:\/\/rrunning.tribalt.agency\/index.php?rest_route=\/wp\/v2\/types\/product"}],"wp:featuredmedia":[{"embeddable":true,"href":"https:\/\/rrunning.tribalt.agency\/index.php?rest_route=\/wp\/v2\/media\/2323"}],"wp:attachment":[{"href":"https:\/\/rrunning.tribalt.agency\/index.php?rest_route=%2Fwp%2Fv2%2Fmedia&parent=2322"}],"wp:term":[{"taxonomy":"pwb-brand","embeddable":true,"href":"https:\/\/rrunning.tribalt.agency\/index.php?rest_route=%2Fwp%2Fv2%2Fpwb-brand&post=2322"},{"taxonomy":"product_brand","embeddable":true,"href":"https:\/\/rrunning.tribalt.agency\/index.php?rest_route=%2Fwp%2Fv2%2Fproduct_brand&post=2322"},{"taxonomy":"product_cat","embeddable":true,"href":"https:\/\/rrunning.tribalt.agency\/index.php?rest_route=%2Fwp%2Fv2%2Fproduct_cat&post=2322"},{"taxonomy":"product_tag","embeddable":true,"href":"https:\/\/rrunning.tribalt.agency\/index.php?rest_route=%2Fwp%2Fv2%2Fproduct_tag&post=2322"}],"curies":[{"name":"wp","href":"https:\/\/api.w.org\/{rel}","templated":true}]}}