{"id":2318,"date":"2025-07-15T14:30:24","date_gmt":"2025-07-15T12:30:24","guid":{"rendered":"https:\/\/rrunning.tribalt.agency\/?post_type=product&#038;p=2318"},"modified":"2025-07-15T14:32:35","modified_gmt":"2025-07-15T12:32:35","slug":"edge-540","status":"publish","type":"product","link":"https:\/\/rrunning.tribalt.agency\/?product=edge-540","title":{"rendered":"EDGE 540"},"content":{"rendered":"<div class=\"app__overview__intro__description\">\n<h2>DU CYCLISTE QUE VOUS \u00caTES, \u00c0 CELUI QUE VOUS DEVIENDREZ.<\/h2>\n<div class=\"app__overview__intro__description\">\n<p>Am\u00e9liorez chaque jour vos performances avec l'Edge\u00ae 540, le compteur de v\u00e9lo \u00e0 boutons dot\u00e9 des programmes d'entra\u00eenement Garmin Coach<sup>1<\/sup>. C'est l'appareil id\u00e9al pour vous pr\u00e9parer \u00e0 vos courses ou objectifs personnels.<\/p>\n<\/div>\n<div class=\"app__column-layout app__column-layout__column--6 app__column-layout__column__mobile--2 app__overview__intro__icons\">\n<div class=\"app__feature__card\" data-translate=\"\">\n<p class=\"app__feature__card__description app__feature__card__description--left\">PROFITEZ D'UNE AUTONOMIE POUVANT ALLER JUSQU'\u00c0 42 HEURES ENTRE DEUX RECHARGES EN MODE \u00c9CONOMIE D'\u00c9NERGIE.<\/p>\n<\/div>\n<div class=\"app__feature__card\" data-translate=\"\">\n<p class=\"app__feature__card__description app__feature__card__description--left\">B\u00c9N\u00c9FICIEZ D'UN MEILLEUR NIVEAU DE PR\u00c9CISION GR\u00c2CE \u00c0 LA TECHNOLOGIE GNSS MULTI-BANDES.<\/p>\n<\/div>\n<div class=\"app__feature__card\" data-translate=\"\">\n<p class=\"app__feature__card__description app__feature__card__description--left\">OBTENEZ DES DONN\u00c9ES DE STAMINA<sup>1<\/sup>\u00a0PENDANT QUE VOUS ROULEZ<\/p>\n<\/div>\n<div class=\"app__feature__card\" data-translate=\"\">\n<p class=\"app__feature__card__description app__feature__card__description--left\">AM\u00c9LIOREZ VOS PERFORMANCES GR\u00c2CE AUX SUGGESTIONS QUOTIDIENNES D'ENTRA\u00ceNEMENT<sup>1<\/sup>.<\/p>\n<\/div>\n<div class=\"app__feature__card\" data-translate=\"\">\n<p class=\"app__feature__card__description app__feature__card__description--left\">P\u00c9DALEZ COMME UN LOCAL AVEC DES CARTES ET DES INSTRUCTIONS DE NAVIGATION SP\u00c9CIALEMENT PENS\u00c9ES POUR VOTRE ACTIVIT\u00c9.<\/p>\n<\/div>\n<div class=\"app__feature__card\" data-translate=\"\">\n<p class=\"app__feature__card__description app__feature__card__description--left\">TRANSF\u00c9REZ LES DONN\u00c9ES D'ACTIVIT\u00c9 ET LES PROFILS EXISTANTS VERS VOTRE NOUVEL APPAREIL<\/p>\n<\/div>\n<\/div>\n<\/div>\n","protected":false},"excerpt":{"rendered":"<p>DU CYCLISTE QUE VOUS \u00caTES, \u00c0 CELUI QUE VOUS DEVIENDREZ. Am\u00e9liorez chaque jour vos performances avec l'Edge\u00ae 540, le compteur de v\u00e9lo \u00e0 boutons dot\u00e9 des programmes d'entra\u00eenement Garmin Coach1. C'est l'appareil id\u00e9al pour vous pr\u00e9parer \u00e0 vos courses ou objectifs personnels. PROFITEZ D'UNE AUTONOMIE POUVANT ALLER JUSQU'\u00c0 42 HEURES ENTRE DEUX RECHARGES EN MODE [&hellip;]<\/p>\n","protected":false},"featured_media":2319,"template":"","meta":[],"pwb-brand":[98],"product_brand":[],"product_cat":[29,64],"product_tag":[],"class_list":{"0":"post-2318","1":"product","2":"type-product","3":"status-publish","4":"has-post-thumbnail","6":"pwb-brand-garmin","7":"product_cat-electronique","8":"product_cat-electronique-equipement","10":"first","11":"instock","12":"shipping-taxable","13":"purchasable","14":"product-type-simple"},"brands":[{"id":98,"name":"GARMIN","slug":"garmin"}],"_links":{"self":[{"href":"https:\/\/rrunning.tribalt.agency\/index.php?rest_route=\/wp\/v2\/product\/2318","targetHints":{"allow":["GET"]}}],"collection":[{"href":"https:\/\/rrunning.tribalt.agency\/index.php?rest_route=\/wp\/v2\/product"}],"about":[{"href":"https:\/\/rrunning.tribalt.agency\/index.php?rest_route=\/wp\/v2\/types\/product"}],"wp:featuredmedia":[{"embeddable":true,"href":"https:\/\/rrunning.tribalt.agency\/index.php?rest_route=\/wp\/v2\/media\/2319"}],"wp:attachment":[{"href":"https:\/\/rrunning.tribalt.agency\/index.php?rest_route=%2Fwp%2Fv2%2Fmedia&parent=2318"}],"wp:term":[{"taxonomy":"pwb-brand","embeddable":true,"href":"https:\/\/rrunning.tribalt.agency\/index.php?rest_route=%2Fwp%2Fv2%2Fpwb-brand&post=2318"},{"taxonomy":"product_brand","embeddable":true,"href":"https:\/\/rrunning.tribalt.agency\/index.php?rest_route=%2Fwp%2Fv2%2Fproduct_brand&post=2318"},{"taxonomy":"product_cat","embeddable":true,"href":"https:\/\/rrunning.tribalt.agency\/index.php?rest_route=%2Fwp%2Fv2%2Fproduct_cat&post=2318"},{"taxonomy":"product_tag","embeddable":true,"href":"https:\/\/rrunning.tribalt.agency\/index.php?rest_route=%2Fwp%2Fv2%2Fproduct_tag&post=2318"}],"curies":[{"name":"wp","href":"https:\/\/api.w.org\/{rel}","templated":true}]}}