{"id":2316,"date":"2025-07-15T10:49:46","date_gmt":"2025-07-15T08:49:46","guid":{"rendered":"https:\/\/rrunning.tribalt.agency\/?post_type=product&#038;p=2316"},"modified":"2025-07-15T14:20:12","modified_gmt":"2025-07-15T12:20:12","slug":"edge-1050","status":"publish","type":"product","link":"https:\/\/rrunning.tribalt.agency\/?product=edge-1050","title":{"rendered":"EDGE 1050"},"content":{"rendered":"<div class=\"app__overview__intro__description\">\n<h2>AM\u00c9LIOREZ CHACUNE DE VOS SORTIES AVEC UN COMPTEUR DE V\u00c9LO EDGE\u00ae\u00a01050<\/h2>\n<div class=\"app__overview__intro__description\">\n<p>Que vous rouliez en groupe le samedi ou en solo, am\u00e9liorez chaque sortie avec le compteur de v\u00e9lo haut de gamme Edge 1050 et ses performances incroyables, ses d\u00e9fis et son coaching personnalis\u00e9 gratuit.<\/p>\n<\/div>\n<div class=\"app__column-layout app__column-layout__column--6 app__column-layout__column__mobile--2 app__overview__intro__icons\">\n<div class=\"app__feature__card\" data-translate=\"\">\n<p class=\"app__feature__card__description app__feature__card__description--left\">L'\u00c9CRAN COULEUR \u00c9CLATANT AFFICHE DES CARTES ET DES STATISTIQUES AVEC UN NIVEAU DE D\u00c9TAIL EXCEPTIONNEL<\/p>\n<\/div>\n<div class=\"app__feature__card\" data-translate=\"\">\n<p class=\"app__feature__card__description app__feature__card__description--left\">JUSQU'\u00c0 20 HEURES D'AUTONOMIE, M\u00caME EN UTILISATION INTENSIVE<\/p>\n<\/div>\n<div class=\"app__feature__card\" data-translate=\"\">\n<p class=\"app__feature__card__description app__feature__card__description--left\">RECEVEZ DES ALERTES INDIQUANT LES DANGERS SIGNAL\u00c9S SUR LA ROUTE PAR LES AUTRES CYCLISTES<sup>1<\/sup><\/p>\n<\/div>\n<div class=\"app__feature__card\" data-translate=\"\">\n<p class=\"app__feature__card__description app__feature__card__description--left\">CR\u00c9EZ DES PARCOURS SUR L'APPAREIL ET AFFICHEZ LE TYPE DE REV\u00caTEMENT SUR LA CARTE<\/p>\n<\/div>\n<div class=\"app__feature__card\" data-translate=\"\">\n<p class=\"app__feature__card__description app__feature__card__description--left\">ALERTEZ LES CYCLISTES ET LES PI\u00c9TONS AVEC UNE SONNETTE INT\u00c9GR\u00c9E \u00c0 L'APPAREIL<\/p>\n<\/div>\n<div class=\"app__feature__card\" data-translate=\"\">\n<p class=\"app__feature__card__description app__feature__card__description--left\">RESTEZ CONNECT\u00c9 ET COMPETITIF GR\u00c2CE \u00c0 LA FONCTION GROUPRIDE<\/p>\n<\/div>\n<\/div>\n<\/div>\n","protected":false},"excerpt":{"rendered":"<p>AM\u00c9LIOREZ CHACUNE DE VOS SORTIES AVEC UN COMPTEUR DE V\u00c9LO EDGE\u00ae\u00a01050 Que vous rouliez en groupe le samedi ou en solo, am\u00e9liorez chaque sortie avec le compteur de v\u00e9lo haut de gamme Edge 1050 et ses performances incroyables, ses d\u00e9fis et son coaching personnalis\u00e9 gratuit. L'\u00c9CRAN COULEUR \u00c9CLATANT AFFICHE DES CARTES ET DES STATISTIQUES AVEC [&hellip;]<\/p>\n","protected":false},"featured_media":2317,"template":"","meta":[],"pwb-brand":[98],"product_brand":[],"product_cat":[29,64],"product_tag":[],"class_list":{"0":"post-2316","1":"product","2":"type-product","3":"status-publish","4":"has-post-thumbnail","6":"pwb-brand-garmin","7":"product_cat-electronique","8":"product_cat-electronique-equipement","10":"first","11":"instock","12":"shipping-taxable","13":"purchasable","14":"product-type-simple"},"brands":[{"id":98,"name":"GARMIN","slug":"garmin"}],"_links":{"self":[{"href":"https:\/\/rrunning.tribalt.agency\/index.php?rest_route=\/wp\/v2\/product\/2316","targetHints":{"allow":["GET"]}}],"collection":[{"href":"https:\/\/rrunning.tribalt.agency\/index.php?rest_route=\/wp\/v2\/product"}],"about":[{"href":"https:\/\/rrunning.tribalt.agency\/index.php?rest_route=\/wp\/v2\/types\/product"}],"wp:featuredmedia":[{"embeddable":true,"href":"https:\/\/rrunning.tribalt.agency\/index.php?rest_route=\/wp\/v2\/media\/2317"}],"wp:attachment":[{"href":"https:\/\/rrunning.tribalt.agency\/index.php?rest_route=%2Fwp%2Fv2%2Fmedia&parent=2316"}],"wp:term":[{"taxonomy":"pwb-brand","embeddable":true,"href":"https:\/\/rrunning.tribalt.agency\/index.php?rest_route=%2Fwp%2Fv2%2Fpwb-brand&post=2316"},{"taxonomy":"product_brand","embeddable":true,"href":"https:\/\/rrunning.tribalt.agency\/index.php?rest_route=%2Fwp%2Fv2%2Fproduct_brand&post=2316"},{"taxonomy":"product_cat","embeddable":true,"href":"https:\/\/rrunning.tribalt.agency\/index.php?rest_route=%2Fwp%2Fv2%2Fproduct_cat&post=2316"},{"taxonomy":"product_tag","embeddable":true,"href":"https:\/\/rrunning.tribalt.agency\/index.php?rest_route=%2Fwp%2Fv2%2Fproduct_tag&post=2316"}],"curies":[{"name":"wp","href":"https:\/\/api.w.org\/{rel}","templated":true}]}}