{"id":2305,"date":"2025-07-15T10:39:47","date_gmt":"2025-07-15T08:39:47","guid":{"rendered":"https:\/\/rrunning.tribalt.agency\/?post_type=product&#038;p=2305"},"modified":"2025-07-15T10:41:13","modified_gmt":"2025-07-15T08:41:13","slug":"bracelets-de-montre-22-mm-quickfit-silicone-noir","status":"publish","type":"product","link":"https:\/\/rrunning.tribalt.agency\/?product=bracelets-de-montre-22-mm-quickfit-silicone-noir","title":{"rendered":"BRACELETS DE MONTRE 22 MM QUICKFIT, SILICONE NOIR"},"content":{"rendered":"<p>Il suffit de cliquer et d'ins\u00e9rer sur le boitier les nouveaux bracelets QuickFit\u00ae sur votre montre compatible. Faites le choix entre le cuir, le m\u00e9tal ou la silicone pour changer l'apparence de votre montre en un clin d'\u0153il. Le changement est facile et toujours s\u00fbr. Aucun outil requis.<\/p>\n","protected":false},"excerpt":{"rendered":"<p>Il suffit de cliquer et d'ins\u00e9rer sur le boitier les nouveaux bracelets QuickFit\u00ae sur votre montre compatible. Faites le choix entre le cuir, le m\u00e9tal ou la silicone pour changer l'apparence de votre montre en un clin d'\u0153il. Le changement est facile et toujours s\u00fbr. Aucun outil requis.<\/p>\n","protected":false},"featured_media":2306,"template":"","meta":[],"pwb-brand":[98],"product_brand":[],"product_cat":[29],"product_tag":[],"class_list":{"0":"post-2305","1":"product","2":"type-product","3":"status-publish","4":"has-post-thumbnail","6":"pwb-brand-garmin","7":"product_cat-electronique","9":"first","10":"instock","11":"shipping-taxable","12":"purchasable","13":"product-type-simple"},"brands":[{"id":98,"name":"GARMIN","slug":"garmin"}],"_links":{"self":[{"href":"https:\/\/rrunning.tribalt.agency\/index.php?rest_route=\/wp\/v2\/product\/2305","targetHints":{"allow":["GET"]}}],"collection":[{"href":"https:\/\/rrunning.tribalt.agency\/index.php?rest_route=\/wp\/v2\/product"}],"about":[{"href":"https:\/\/rrunning.tribalt.agency\/index.php?rest_route=\/wp\/v2\/types\/product"}],"wp:featuredmedia":[{"embeddable":true,"href":"https:\/\/rrunning.tribalt.agency\/index.php?rest_route=\/wp\/v2\/media\/2306"}],"wp:attachment":[{"href":"https:\/\/rrunning.tribalt.agency\/index.php?rest_route=%2Fwp%2Fv2%2Fmedia&parent=2305"}],"wp:term":[{"taxonomy":"pwb-brand","embeddable":true,"href":"https:\/\/rrunning.tribalt.agency\/index.php?rest_route=%2Fwp%2Fv2%2Fpwb-brand&post=2305"},{"taxonomy":"product_brand","embeddable":true,"href":"https:\/\/rrunning.tribalt.agency\/index.php?rest_route=%2Fwp%2Fv2%2Fproduct_brand&post=2305"},{"taxonomy":"product_cat","embeddable":true,"href":"https:\/\/rrunning.tribalt.agency\/index.php?rest_route=%2Fwp%2Fv2%2Fproduct_cat&post=2305"},{"taxonomy":"product_tag","embeddable":true,"href":"https:\/\/rrunning.tribalt.agency\/index.php?rest_route=%2Fwp%2Fv2%2Fproduct_tag&post=2305"}],"curies":[{"name":"wp","href":"https:\/\/api.w.org\/{rel}","templated":true}]}}