{"id":2303,"date":"2025-07-15T10:37:15","date_gmt":"2025-07-15T08:37:15","guid":{"rendered":"https:\/\/rrunning.tribalt.agency\/?post_type=product&#038;p=2303"},"modified":"2025-07-15T10:39:28","modified_gmt":"2025-07-15T08:39:28","slug":"bracelet-nylon-26mm","status":"publish","type":"product","link":"https:\/\/rrunning.tribalt.agency\/?product=bracelet-nylon-26mm","title":{"rendered":"BRACELET NYLON 26MM"},"content":{"rendered":"<p>Les bracelets en nylon UltraFit 2 sont l\u00e9ger, doux et confortables \u00e0 porter. Ils sont fabriqu\u00e9s \u00e0 partir d'une double couche de nylon antimicrobien \u00e9lastique, tiss\u00e9 de mani\u00e8re \u00e0 laisser s'\u00e9chapper l'humidit\u00e9. Le bracelet s'enroule autour des broches. Il est fix\u00e9 par deux scratchs \u00e0 ses deux extr\u00e9mit\u00e9s, ce qui vous permet de l'ajuster plus facilement, quelle que soit la taille de votre poignet. Ces bracelets en nylon UltraFit 2 sont ultra fiables et durables.<\/p>\n","protected":false},"excerpt":{"rendered":"<p>Les bracelets en nylon UltraFit 2 sont l\u00e9ger, doux et confortables \u00e0 porter. Ils sont fabriqu\u00e9s \u00e0 partir d'une double couche de nylon antimicrobien \u00e9lastique, tiss\u00e9 de mani\u00e8re \u00e0 laisser s'\u00e9chapper l'humidit\u00e9. Le bracelet s'enroule autour des broches. Il est fix\u00e9 par deux scratchs \u00e0 ses deux extr\u00e9mit\u00e9s, ce qui vous permet de l'ajuster plus [&hellip;]<\/p>\n","protected":false},"featured_media":2304,"template":"","meta":[],"pwb-brand":[98],"product_brand":[],"product_cat":[29],"product_tag":[],"class_list":{"0":"post-2303","1":"product","2":"type-product","3":"status-publish","4":"has-post-thumbnail","6":"pwb-brand-garmin","7":"product_cat-electronique","9":"first","10":"instock","11":"shipping-taxable","12":"purchasable","13":"product-type-simple"},"brands":[{"id":98,"name":"GARMIN","slug":"garmin"}],"_links":{"self":[{"href":"https:\/\/rrunning.tribalt.agency\/index.php?rest_route=\/wp\/v2\/product\/2303","targetHints":{"allow":["GET"]}}],"collection":[{"href":"https:\/\/rrunning.tribalt.agency\/index.php?rest_route=\/wp\/v2\/product"}],"about":[{"href":"https:\/\/rrunning.tribalt.agency\/index.php?rest_route=\/wp\/v2\/types\/product"}],"wp:featuredmedia":[{"embeddable":true,"href":"https:\/\/rrunning.tribalt.agency\/index.php?rest_route=\/wp\/v2\/media\/2304"}],"wp:attachment":[{"href":"https:\/\/rrunning.tribalt.agency\/index.php?rest_route=%2Fwp%2Fv2%2Fmedia&parent=2303"}],"wp:term":[{"taxonomy":"pwb-brand","embeddable":true,"href":"https:\/\/rrunning.tribalt.agency\/index.php?rest_route=%2Fwp%2Fv2%2Fpwb-brand&post=2303"},{"taxonomy":"product_brand","embeddable":true,"href":"https:\/\/rrunning.tribalt.agency\/index.php?rest_route=%2Fwp%2Fv2%2Fproduct_brand&post=2303"},{"taxonomy":"product_cat","embeddable":true,"href":"https:\/\/rrunning.tribalt.agency\/index.php?rest_route=%2Fwp%2Fv2%2Fproduct_cat&post=2303"},{"taxonomy":"product_tag","embeddable":true,"href":"https:\/\/rrunning.tribalt.agency\/index.php?rest_route=%2Fwp%2Fv2%2Fproduct_tag&post=2303"}],"curies":[{"name":"wp","href":"https:\/\/api.w.org\/{rel}","templated":true}]}}