{"id":2292,"date":"2025-07-15T10:05:09","date_gmt":"2025-07-15T08:05:09","guid":{"rendered":"https:\/\/rrunning.tribalt.agency\/?post_type=product&#038;p=2292"},"modified":"2025-07-15T10:05:09","modified_gmt":"2025-07-15T08:05:09","slug":"forerunner-165-black-slate-grey","status":"publish","type":"product","link":"https:\/\/rrunning.tribalt.agency\/?product=forerunner-165-black-slate-grey","title":{"rendered":"FORERUNNER 165 BLACK\/SLATE GREY"},"content":{"rendered":"<p>Vous courez, mais vous avez d\u00e9pass\u00e9 le stade du simple coureur. C'est pourquoi vous avez besoin de la Forerunner\u00ae 165, la montre connect\u00e9e GPS de course sp\u00e9cialement con\u00e7ue pour vous aider \u00e0 atteindre vos objectifs gr\u00e2ce \u00e0 des programmes d'entra\u00eenement adaptatifs et un \u00e9cran lumineux pour \u00e9clairer votre progression.<\/p>\n<p>\u00c9CRAN AMOLED ULTRA-LUMINEUX 1,2''<br \/>\nAUTONOMIE ALLANT JUSQU'\u00c0 11 JOURS EN MODE CONNECT\u00c9E<br \/>\nDONN\u00c9ES D'ENTRA\u00ceNEMENT ET DE R\u00c9CUP\u00c9RATION<br \/>\n25+ SPORTS D'INT\u00c9RIEUR ET D'EXT\u00c9RIEUR AVEC GPS INT\u00c9GR\u00c9<br \/>\n\u00c9CRAN TACTILE ET BOUTONS<br \/>\nGPS INT\u00c9GR\u00c9 POUR LES DONN\u00c9ES TEMPS, DISTANCE, ALLURE ET VITESSE<\/p>\n","protected":false},"excerpt":{"rendered":"<p>Vous courez, mais vous avez d\u00e9pass\u00e9 le stade du simple coureur. C'est pourquoi vous avez besoin de la Forerunner\u00ae 165, la montre connect\u00e9e GPS de course sp\u00e9cialement con\u00e7ue pour vous aider \u00e0 atteindre vos objectifs gr\u00e2ce \u00e0 des programmes d'entra\u00eenement adaptatifs et un \u00e9cran lumineux pour \u00e9clairer votre progression. \u00c9CRAN AMOLED ULTRA-LUMINEUX 1,2'' AUTONOMIE ALLANT [&hellip;]<\/p>\n","protected":false},"featured_media":2293,"template":"","meta":[],"pwb-brand":[98],"product_brand":[],"product_cat":[29],"product_tag":[],"class_list":{"0":"post-2292","1":"product","2":"type-product","3":"status-publish","4":"has-post-thumbnail","6":"pwb-brand-garmin","7":"product_cat-electronique","9":"first","10":"instock","11":"shipping-taxable","12":"purchasable","13":"product-type-simple"},"brands":[{"id":98,"name":"GARMIN","slug":"garmin"}],"_links":{"self":[{"href":"https:\/\/rrunning.tribalt.agency\/index.php?rest_route=\/wp\/v2\/product\/2292","targetHints":{"allow":["GET"]}}],"collection":[{"href":"https:\/\/rrunning.tribalt.agency\/index.php?rest_route=\/wp\/v2\/product"}],"about":[{"href":"https:\/\/rrunning.tribalt.agency\/index.php?rest_route=\/wp\/v2\/types\/product"}],"wp:featuredmedia":[{"embeddable":true,"href":"https:\/\/rrunning.tribalt.agency\/index.php?rest_route=\/wp\/v2\/media\/2293"}],"wp:attachment":[{"href":"https:\/\/rrunning.tribalt.agency\/index.php?rest_route=%2Fwp%2Fv2%2Fmedia&parent=2292"}],"wp:term":[{"taxonomy":"pwb-brand","embeddable":true,"href":"https:\/\/rrunning.tribalt.agency\/index.php?rest_route=%2Fwp%2Fv2%2Fpwb-brand&post=2292"},{"taxonomy":"product_brand","embeddable":true,"href":"https:\/\/rrunning.tribalt.agency\/index.php?rest_route=%2Fwp%2Fv2%2Fproduct_brand&post=2292"},{"taxonomy":"product_cat","embeddable":true,"href":"https:\/\/rrunning.tribalt.agency\/index.php?rest_route=%2Fwp%2Fv2%2Fproduct_cat&post=2292"},{"taxonomy":"product_tag","embeddable":true,"href":"https:\/\/rrunning.tribalt.agency\/index.php?rest_route=%2Fwp%2Fv2%2Fproduct_tag&post=2292"}],"curies":[{"name":"wp","href":"https:\/\/api.w.org\/{rel}","templated":true}]}}