{"id":2289,"date":"2025-07-15T09:41:27","date_gmt":"2025-07-15T07:41:27","guid":{"rendered":"https:\/\/rrunning.tribalt.agency\/?post_type=product&#038;p=2289"},"modified":"2025-07-15T09:42:52","modified_gmt":"2025-07-15T07:42:52","slug":"regen","status":"publish","type":"product","link":"https:\/\/rrunning.tribalt.agency\/?product=regen","title":{"rendered":"REGEN"},"content":{"rendered":"<p>Elimine les d\u00e9chets prot\u00e9iques et d\u00e9toxifie les muscles et tendons<br \/>\nActifs cl\u00e9s : Enzymatique, Rutine et Zinc<br \/>\nBienfaits : R\u00e9g\u00e9n\u00e8re l'organisme pour pouvoir recommencer un effort sur une base saine<br \/>\nEffets ressentis : d\u00e8s le 3\u00e8me jour.<\/p>\n","protected":false},"excerpt":{"rendered":"<p>Elimine les d\u00e9chets prot\u00e9iques et d\u00e9toxifie les muscles et tendons Actifs cl\u00e9s : Enzymatique, Rutine et Zinc Bienfaits : R\u00e9g\u00e9n\u00e8re l'organisme pour pouvoir recommencer un effort sur une base saine Effets ressentis : d\u00e8s le 3\u00e8me jour.<\/p>\n","protected":false},"featured_media":2290,"template":"","meta":[],"pwb-brand":[129],"product_brand":[],"product_cat":[33],"product_tag":[],"class_list":{"0":"post-2289","1":"product","2":"type-product","3":"status-publish","4":"has-post-thumbnail","6":"pwb-brand-wailer","7":"product_cat-protection-musculaire-et-articulaire","9":"first","10":"instock","11":"shipping-taxable","12":"purchasable","13":"product-type-simple"},"brands":[{"id":129,"name":"WAILER","slug":"wailer"}],"_links":{"self":[{"href":"https:\/\/rrunning.tribalt.agency\/index.php?rest_route=\/wp\/v2\/product\/2289","targetHints":{"allow":["GET"]}}],"collection":[{"href":"https:\/\/rrunning.tribalt.agency\/index.php?rest_route=\/wp\/v2\/product"}],"about":[{"href":"https:\/\/rrunning.tribalt.agency\/index.php?rest_route=\/wp\/v2\/types\/product"}],"wp:featuredmedia":[{"embeddable":true,"href":"https:\/\/rrunning.tribalt.agency\/index.php?rest_route=\/wp\/v2\/media\/2290"}],"wp:attachment":[{"href":"https:\/\/rrunning.tribalt.agency\/index.php?rest_route=%2Fwp%2Fv2%2Fmedia&parent=2289"}],"wp:term":[{"taxonomy":"pwb-brand","embeddable":true,"href":"https:\/\/rrunning.tribalt.agency\/index.php?rest_route=%2Fwp%2Fv2%2Fpwb-brand&post=2289"},{"taxonomy":"product_brand","embeddable":true,"href":"https:\/\/rrunning.tribalt.agency\/index.php?rest_route=%2Fwp%2Fv2%2Fproduct_brand&post=2289"},{"taxonomy":"product_cat","embeddable":true,"href":"https:\/\/rrunning.tribalt.agency\/index.php?rest_route=%2Fwp%2Fv2%2Fproduct_cat&post=2289"},{"taxonomy":"product_tag","embeddable":true,"href":"https:\/\/rrunning.tribalt.agency\/index.php?rest_route=%2Fwp%2Fv2%2Fproduct_tag&post=2289"}],"curies":[{"name":"wp","href":"https:\/\/api.w.org\/{rel}","templated":true}]}}