{"id":2286,"date":"2025-07-15T09:40:07","date_gmt":"2025-07-15T07:40:07","guid":{"rendered":"https:\/\/rrunning.tribalt.agency\/?post_type=product&#038;p=2286"},"modified":"2025-07-15T09:41:17","modified_gmt":"2025-07-15T07:41:17","slug":"omega","status":"publish","type":"product","link":"https:\/\/rrunning.tribalt.agency\/?product=omega","title":{"rendered":"OMEGA"},"content":{"rendered":"<p>Stimule la production d\u2019Omega 3 naturellement par son corps pour \u00eatre mieux pr\u00e9par\u00e9 \u00e0 l\u2019effort<br \/>\nActifs cl\u00e9s : Acides gras Omega 3, huile de Krill<br \/>\nBienfaits : Favorise une meilleure oxyg\u00e9nation du cerveau et des muscles<br \/>\nId\u00e9al pour : Une cure de 30 jours<\/p>\n","protected":false},"excerpt":{"rendered":"<p>Stimule la production d\u2019Omega 3 naturellement par son corps pour \u00eatre mieux pr\u00e9par\u00e9 \u00e0 l\u2019effort Actifs cl\u00e9s : Acides gras Omega 3, huile de Krill Bienfaits : Favorise une meilleure oxyg\u00e9nation du cerveau et des muscles Id\u00e9al pour : Une cure de 30 jours<\/p>\n","protected":false},"featured_media":2287,"template":"","meta":[],"pwb-brand":[129],"product_brand":[],"product_cat":[33],"product_tag":[],"class_list":{"0":"post-2286","1":"product","2":"type-product","3":"status-publish","4":"has-post-thumbnail","6":"pwb-brand-wailer","7":"product_cat-protection-musculaire-et-articulaire","9":"first","10":"instock","11":"shipping-taxable","12":"purchasable","13":"product-type-simple"},"brands":[{"id":129,"name":"WAILER","slug":"wailer"}],"_links":{"self":[{"href":"https:\/\/rrunning.tribalt.agency\/index.php?rest_route=\/wp\/v2\/product\/2286","targetHints":{"allow":["GET"]}}],"collection":[{"href":"https:\/\/rrunning.tribalt.agency\/index.php?rest_route=\/wp\/v2\/product"}],"about":[{"href":"https:\/\/rrunning.tribalt.agency\/index.php?rest_route=\/wp\/v2\/types\/product"}],"wp:featuredmedia":[{"embeddable":true,"href":"https:\/\/rrunning.tribalt.agency\/index.php?rest_route=\/wp\/v2\/media\/2287"}],"wp:attachment":[{"href":"https:\/\/rrunning.tribalt.agency\/index.php?rest_route=%2Fwp%2Fv2%2Fmedia&parent=2286"}],"wp:term":[{"taxonomy":"pwb-brand","embeddable":true,"href":"https:\/\/rrunning.tribalt.agency\/index.php?rest_route=%2Fwp%2Fv2%2Fpwb-brand&post=2286"},{"taxonomy":"product_brand","embeddable":true,"href":"https:\/\/rrunning.tribalt.agency\/index.php?rest_route=%2Fwp%2Fv2%2Fproduct_brand&post=2286"},{"taxonomy":"product_cat","embeddable":true,"href":"https:\/\/rrunning.tribalt.agency\/index.php?rest_route=%2Fwp%2Fv2%2Fproduct_cat&post=2286"},{"taxonomy":"product_tag","embeddable":true,"href":"https:\/\/rrunning.tribalt.agency\/index.php?rest_route=%2Fwp%2Fv2%2Fproduct_tag&post=2286"}],"curies":[{"name":"wp","href":"https:\/\/api.w.org\/{rel}","templated":true}]}}