{"id":2279,"date":"2025-07-15T09:35:58","date_gmt":"2025-07-15T07:35:58","guid":{"rendered":"https:\/\/rrunning.tribalt.agency\/?post_type=product&#038;p=2279"},"modified":"2025-07-15T09:37:19","modified_gmt":"2025-07-15T07:37:19","slug":"flash","status":"publish","type":"product","link":"https:\/\/rrunning.tribalt.agency\/?product=flash","title":{"rendered":"FLASH"},"content":{"rendered":"<p>Diminue intens\u00e9ment et rapidement les inflammations pour une r\u00e9cup\u00e9ration optimale<br \/>\nActifs cl\u00e9s : curcuRouge\u00ae, Boswellia, Gingembre, Vitamine E<br \/>\nBienfaits : Favorise la mobilit\u00e9 articulaire et soulage les douleurs musculaires<br \/>\nEffets ressentis : d\u00e8s 48h.<\/p>\n","protected":false},"excerpt":{"rendered":"<p>Diminue intens\u00e9ment et rapidement les inflammations pour une r\u00e9cup\u00e9ration optimale Actifs cl\u00e9s : curcuRouge\u00ae, Boswellia, Gingembre, Vitamine E Bienfaits : Favorise la mobilit\u00e9 articulaire et soulage les douleurs musculaires Effets ressentis : d\u00e8s 48h.<\/p>\n","protected":false},"featured_media":2280,"template":"","meta":[],"pwb-brand":[129],"product_brand":[],"product_cat":[33],"product_tag":[],"class_list":{"0":"post-2279","1":"product","2":"type-product","3":"status-publish","4":"has-post-thumbnail","6":"pwb-brand-wailer","7":"product_cat-protection-musculaire-et-articulaire","9":"first","10":"instock","11":"shipping-taxable","12":"purchasable","13":"product-type-simple"},"brands":[{"id":129,"name":"WAILER","slug":"wailer"}],"_links":{"self":[{"href":"https:\/\/rrunning.tribalt.agency\/index.php?rest_route=\/wp\/v2\/product\/2279","targetHints":{"allow":["GET"]}}],"collection":[{"href":"https:\/\/rrunning.tribalt.agency\/index.php?rest_route=\/wp\/v2\/product"}],"about":[{"href":"https:\/\/rrunning.tribalt.agency\/index.php?rest_route=\/wp\/v2\/types\/product"}],"wp:featuredmedia":[{"embeddable":true,"href":"https:\/\/rrunning.tribalt.agency\/index.php?rest_route=\/wp\/v2\/media\/2280"}],"wp:attachment":[{"href":"https:\/\/rrunning.tribalt.agency\/index.php?rest_route=%2Fwp%2Fv2%2Fmedia&parent=2279"}],"wp:term":[{"taxonomy":"pwb-brand","embeddable":true,"href":"https:\/\/rrunning.tribalt.agency\/index.php?rest_route=%2Fwp%2Fv2%2Fpwb-brand&post=2279"},{"taxonomy":"product_brand","embeddable":true,"href":"https:\/\/rrunning.tribalt.agency\/index.php?rest_route=%2Fwp%2Fv2%2Fproduct_brand&post=2279"},{"taxonomy":"product_cat","embeddable":true,"href":"https:\/\/rrunning.tribalt.agency\/index.php?rest_route=%2Fwp%2Fv2%2Fproduct_cat&post=2279"},{"taxonomy":"product_tag","embeddable":true,"href":"https:\/\/rrunning.tribalt.agency\/index.php?rest_route=%2Fwp%2Fv2%2Fproduct_tag&post=2279"}],"curies":[{"name":"wp","href":"https:\/\/api.w.org\/{rel}","templated":true}]}}