{"id":2278,"date":"2025-07-15T09:35:00","date_gmt":"2025-07-15T07:35:00","guid":{"rendered":"https:\/\/rrunning.tribalt.agency\/?post_type=product&#038;p=2278"},"modified":"2025-07-15T09:35:49","modified_gmt":"2025-07-15T07:35:49","slug":"creme-25-ml","status":"publish","type":"product","link":"https:\/\/rrunning.tribalt.agency\/?product=creme-25-ml","title":{"rendered":"CREME 25 ML"},"content":{"rendered":"<p>Test\u00e9 scientifiquement<br \/>\nIngr\u00e9dients d'origine naturelle<br \/>\nD\u00e9tend vos muscles et soulage vos tensions musculaires ou articulaires<\/p>\n<p>A utiliser avant, pendant ou apr\u00e8s l\u2019effort<\/p>\n<p>Dur\u00e9e d'utilisation indicative : 25 mL environ 2 semaines, pour le 100 mL environ 1 mois pour une utilisation quotidienne sur une zone cibl\u00e9e (ex. jambes ou bras). Peut varier selon la quantit\u00e9 appliqu\u00e9e et la fr\u00e9quence d'utilisation.<\/p>\n","protected":false},"excerpt":{"rendered":"<p>Test\u00e9 scientifiquement Ingr\u00e9dients d'origine naturelle D\u00e9tend vos muscles et soulage vos tensions musculaires ou articulaires A utiliser avant, pendant ou apr\u00e8s l\u2019effort Dur\u00e9e d'utilisation indicative : 25 mL environ 2 semaines, pour le 100 mL environ 1 mois pour une utilisation quotidienne sur une zone cibl\u00e9e (ex. jambes ou bras). Peut varier selon la quantit\u00e9 [&hellip;]<\/p>\n","protected":false},"featured_media":2276,"template":"","meta":[],"pwb-brand":[129],"product_brand":[],"product_cat":[33],"product_tag":[],"class_list":{"0":"post-2278","1":"product","2":"type-product","3":"status-publish","4":"has-post-thumbnail","6":"pwb-brand-wailer","7":"product_cat-protection-musculaire-et-articulaire","9":"first","10":"instock","11":"shipping-taxable","12":"purchasable","13":"product-type-simple"},"brands":[{"id":129,"name":"WAILER","slug":"wailer"}],"_links":{"self":[{"href":"https:\/\/rrunning.tribalt.agency\/index.php?rest_route=\/wp\/v2\/product\/2278","targetHints":{"allow":["GET"]}}],"collection":[{"href":"https:\/\/rrunning.tribalt.agency\/index.php?rest_route=\/wp\/v2\/product"}],"about":[{"href":"https:\/\/rrunning.tribalt.agency\/index.php?rest_route=\/wp\/v2\/types\/product"}],"wp:featuredmedia":[{"embeddable":true,"href":"https:\/\/rrunning.tribalt.agency\/index.php?rest_route=\/wp\/v2\/media\/2276"}],"wp:attachment":[{"href":"https:\/\/rrunning.tribalt.agency\/index.php?rest_route=%2Fwp%2Fv2%2Fmedia&parent=2278"}],"wp:term":[{"taxonomy":"pwb-brand","embeddable":true,"href":"https:\/\/rrunning.tribalt.agency\/index.php?rest_route=%2Fwp%2Fv2%2Fpwb-brand&post=2278"},{"taxonomy":"product_brand","embeddable":true,"href":"https:\/\/rrunning.tribalt.agency\/index.php?rest_route=%2Fwp%2Fv2%2Fproduct_brand&post=2278"},{"taxonomy":"product_cat","embeddable":true,"href":"https:\/\/rrunning.tribalt.agency\/index.php?rest_route=%2Fwp%2Fv2%2Fproduct_cat&post=2278"},{"taxonomy":"product_tag","embeddable":true,"href":"https:\/\/rrunning.tribalt.agency\/index.php?rest_route=%2Fwp%2Fv2%2Fproduct_tag&post=2278"}],"curies":[{"name":"wp","href":"https:\/\/api.w.org\/{rel}","templated":true}]}}