{"id":2266,"date":"2025-07-15T09:21:59","date_gmt":"2025-07-15T07:21:59","guid":{"rendered":"https:\/\/rrunning.tribalt.agency\/?post_type=product&#038;p=2266"},"modified":"2025-07-15T09:24:03","modified_gmt":"2025-07-15T07:24:03","slug":"spiruline-en-comprimes-100g","status":"publish","type":"product","link":"https:\/\/rrunning.tribalt.agency\/?product=spiruline-en-comprimes-100g","title":{"rendered":"SPIRULINE EN COMPRIMES 100G"},"content":{"rendered":"<p><strong>Qu'est-ce que la spiruline en comprim\u00e9s 500mg ?<\/strong><\/p>\n<p><strong>La spiruline en comprim\u00e9s 500mg est la forme la plus pratique et concentr\u00e9e de ce superaliment exceptionnel.<\/strong>\u00a0Contrairement aux poudres qui peuvent \u00eatre difficiles \u00e0 doser, nos comprim\u00e9s offrent\u00a0<strong>un dosage pr\u00e9cis et une prise simplifi\u00e9e<\/strong>, parfaits pour une suppl\u00e9mentation quotidienne r\u00e9guli\u00e8re.<\/p>\n<p><strong>Nos comprim\u00e9s de spiruline 500mg offrent :<\/strong><\/p>\n<ul>\n<li><strong>Dosage pr\u00e9cis et constant<\/strong>\u00a0- 500mg de spiruline pure par comprim\u00e9<\/li>\n<li><strong>Prise facile et rapide<\/strong>, id\u00e9ale pour les modes de vie actifs<\/li>\n<li><strong>Nutriments pr\u00e9serv\u00e9s \u00e0 100%<\/strong>\u00a0gr\u00e2ce \u00e0 une compression douce \u00e0 froid<\/li>\n<li><strong>Format nomade<\/strong>\u00a0- emportez votre spiruline partout avec vous<\/li>\n<li><strong>Biodisponibilit\u00e9 optimale<\/strong>\u00a0avec une dissolution rapide dans l'estomac<\/li>\n<li><strong>Go\u00fbt neutre<\/strong>\u00a0- fini le go\u00fbt prononc\u00e9 de la spiruline<\/li>\n<\/ul>\n","protected":false},"excerpt":{"rendered":"<p>Qu'est-ce que la spiruline en comprim\u00e9s 500mg ? La spiruline en comprim\u00e9s 500mg est la forme la plus pratique et concentr\u00e9e de ce superaliment exceptionnel.\u00a0Contrairement aux poudres qui peuvent \u00eatre difficiles \u00e0 doser, nos comprim\u00e9s offrent\u00a0un dosage pr\u00e9cis et une prise simplifi\u00e9e, parfaits pour une suppl\u00e9mentation quotidienne r\u00e9guli\u00e8re. Nos comprim\u00e9s de spiruline 500mg offrent : [&hellip;]<\/p>\n","protected":false},"featured_media":2267,"template":"","meta":[],"pwb-brand":[104],"product_brand":[],"product_cat":[33],"product_tag":[],"class_list":{"0":"post-2266","1":"product","2":"type-product","3":"status-publish","4":"has-post-thumbnail","6":"pwb-brand-la-spiruline-du-rocher","7":"product_cat-protection-musculaire-et-articulaire","9":"first","10":"instock","11":"shipping-taxable","12":"purchasable","13":"product-type-simple"},"brands":[{"id":104,"name":"LA SPIRULINE DU ROCHER","slug":"la-spiruline-du-rocher"}],"_links":{"self":[{"href":"https:\/\/rrunning.tribalt.agency\/index.php?rest_route=\/wp\/v2\/product\/2266","targetHints":{"allow":["GET"]}}],"collection":[{"href":"https:\/\/rrunning.tribalt.agency\/index.php?rest_route=\/wp\/v2\/product"}],"about":[{"href":"https:\/\/rrunning.tribalt.agency\/index.php?rest_route=\/wp\/v2\/types\/product"}],"wp:featuredmedia":[{"embeddable":true,"href":"https:\/\/rrunning.tribalt.agency\/index.php?rest_route=\/wp\/v2\/media\/2267"}],"wp:attachment":[{"href":"https:\/\/rrunning.tribalt.agency\/index.php?rest_route=%2Fwp%2Fv2%2Fmedia&parent=2266"}],"wp:term":[{"taxonomy":"pwb-brand","embeddable":true,"href":"https:\/\/rrunning.tribalt.agency\/index.php?rest_route=%2Fwp%2Fv2%2Fpwb-brand&post=2266"},{"taxonomy":"product_brand","embeddable":true,"href":"https:\/\/rrunning.tribalt.agency\/index.php?rest_route=%2Fwp%2Fv2%2Fproduct_brand&post=2266"},{"taxonomy":"product_cat","embeddable":true,"href":"https:\/\/rrunning.tribalt.agency\/index.php?rest_route=%2Fwp%2Fv2%2Fproduct_cat&post=2266"},{"taxonomy":"product_tag","embeddable":true,"href":"https:\/\/rrunning.tribalt.agency\/index.php?rest_route=%2Fwp%2Fv2%2Fproduct_tag&post=2266"}],"curies":[{"name":"wp","href":"https:\/\/api.w.org\/{rel}","templated":true}]}}