{"id":2261,"date":"2025-07-15T09:15:37","date_gmt":"2025-07-15T07:15:37","guid":{"rendered":"https:\/\/rrunning.tribalt.agency\/?post_type=product&#038;p=2261"},"modified":"2025-07-15T09:18:51","modified_gmt":"2025-07-15T07:18:51","slug":"spiruline-200g-poudre","status":"publish","type":"product","link":"https:\/\/rrunning.tribalt.agency\/?product=spiruline-200g-poudre","title":{"rendered":"SPIRULINE 200G POUDRE"},"content":{"rendered":"<div>\n<div class=\"c9oxsT QfrfFD cell\">\n<div dir=\"ltr\">\n<div class=\"rah-static rah-static--height-auto\" aria-hidden=\"false\">\n<div>\n<div class=\"ulKuLk QfrfFD cell\">\n<div class=\"zp8uy2\" data-hook=\"info-section-description\">\n<div class=\"OtfKGl QfrfFD cell\">\n<section class=\"Va_ZoC\" data-hook=\"description-wrapper\">\n<div class=\"LvOu6J\">\n<div class=\"vaI0UH undefined\" data-hook=\"content-wrapper\">\n<p>D\u00e9couvrez notre spiruline en poudre 100g, un superaliment 100% naturel, riche en prot\u00e9ines et antioxydants.<\/p>\n<p>Produite artisanalement sur la C\u00f4te d'Azur, elle est id\u00e9ale pour booster votre \u00e9nergie, renforcer votre immunit\u00e9, et am\u00e9liorer la beaut\u00e9 de votre peau et de vos cheveux.<\/p>\n<p>Facile \u00e0 int\u00e9grer dans votre alimentation quotidienne, elle convient \u00e0 tous, y compris aux v\u00e9g\u00e9tariens et sportifs.<\/p>\n<\/div>\n<\/div>\n<\/section>\n<\/div>\n<div class=\"QfrfFD cell\">\n<div id=\"TPAMultiSection_l3bnwbyn.product-page-details-8\" class=\"\" data-hook=\"slot-placeholder-TPAMultiSection_l3bnwbyn.product-page-details-8\"><\/div>\n<\/div>\n<div>\n<div class=\"c9oxsT QfrfFD cell\">\n<div dir=\"ltr\">\n<h2 class=\"sRaseys o__3_qaYl---typography-11-runningText o__3_qaYl---priority-7-primary _HOcyB x4nptw sxbtulv ftb6e2\" aria-hidden=\"false\" data-hook=\"info-section-title\">Quels sont les Bienfaits de la Spiruline en Poudre<\/h2>\n<div class=\"rah-static rah-static--height-auto\" aria-hidden=\"false\">\n<div>\n<div class=\"ulKuLk QfrfFD cell\">\n<div class=\"zp8uy2\" data-hook=\"info-section-description\">\n<ul>\n<li><strong>Am\u00e9liore l'\u00e9nergie et l'endurance :<\/strong>\u00a0Gr\u00e2ce \u00e0 sa forte concentration en prot\u00e9ines et en fer, la spiruline\u00a0combat la fatigue\u00a0et soutient<a href=\"https:\/\/www.la-spiruline-du-rocher.com\/blog-spiruline\/spiruline-bienfaits-sport\" target=\"_blank\" rel=\"noopener\">\u00a0l<\/a>es performances physiques\u00a0et mentales.<\/li>\n<li><strong>Renforce le syst\u00e8me immunitaire\u00a0:<\/strong>\u00a0Les antioxydants tels que la\u00a0phycocyanine\u00a0aident \u00e0 prot\u00e9ger l'organisme contre le stress oxydatif.<\/li>\n<li><strong>Favorise la beaut\u00e9 de la\u00a0peau\u00a0et des\u00a0cheveux\u00a0:<\/strong>\u00a0Riche en acides amin\u00e9s et en vitamines, elle nourrit en profondeur et revitalise les tissus.<\/li>\n<li><strong>D\u00e9toxifie naturellement\u00a0:<\/strong>\u00a0Sa composition unique aide \u00e0 \u00e9liminer les m\u00e9taux lourds et \u00e0 purifier l'organisme.<\/li>\n<\/ul>\n<\/div>\n<\/div>\n<\/div>\n<\/div>\n<\/div>\n<\/div>\n<\/div>\n<\/div>\n<\/div>\n<\/div>\n<\/div>\n<\/div>\n<\/div>\n<\/div>\n","protected":false},"excerpt":{"rendered":"<p>D\u00e9couvrez notre spiruline en poudre 100g, un superaliment 100% naturel, riche en prot\u00e9ines et antioxydants. Produite artisanalement sur la C\u00f4te d'Azur, elle est id\u00e9ale pour booster votre \u00e9nergie, renforcer votre immunit\u00e9, et am\u00e9liorer la beaut\u00e9 de votre peau et de vos cheveux. Facile \u00e0 int\u00e9grer dans votre alimentation quotidienne, elle convient \u00e0 tous, y compris [&hellip;]<\/p>\n","protected":false},"featured_media":2262,"template":"","meta":[],"pwb-brand":[104],"product_brand":[],"product_cat":[33],"product_tag":[],"class_list":{"0":"post-2261","1":"product","2":"type-product","3":"status-publish","4":"has-post-thumbnail","6":"pwb-brand-la-spiruline-du-rocher","7":"product_cat-protection-musculaire-et-articulaire","9":"first","10":"instock","11":"shipping-taxable","12":"purchasable","13":"product-type-simple"},"brands":[{"id":104,"name":"LA SPIRULINE DU ROCHER","slug":"la-spiruline-du-rocher"}],"_links":{"self":[{"href":"https:\/\/rrunning.tribalt.agency\/index.php?rest_route=\/wp\/v2\/product\/2261","targetHints":{"allow":["GET"]}}],"collection":[{"href":"https:\/\/rrunning.tribalt.agency\/index.php?rest_route=\/wp\/v2\/product"}],"about":[{"href":"https:\/\/rrunning.tribalt.agency\/index.php?rest_route=\/wp\/v2\/types\/product"}],"wp:featuredmedia":[{"embeddable":true,"href":"https:\/\/rrunning.tribalt.agency\/index.php?rest_route=\/wp\/v2\/media\/2262"}],"wp:attachment":[{"href":"https:\/\/rrunning.tribalt.agency\/index.php?rest_route=%2Fwp%2Fv2%2Fmedia&parent=2261"}],"wp:term":[{"taxonomy":"pwb-brand","embeddable":true,"href":"https:\/\/rrunning.tribalt.agency\/index.php?rest_route=%2Fwp%2Fv2%2Fpwb-brand&post=2261"},{"taxonomy":"product_brand","embeddable":true,"href":"https:\/\/rrunning.tribalt.agency\/index.php?rest_route=%2Fwp%2Fv2%2Fproduct_brand&post=2261"},{"taxonomy":"product_cat","embeddable":true,"href":"https:\/\/rrunning.tribalt.agency\/index.php?rest_route=%2Fwp%2Fv2%2Fproduct_cat&post=2261"},{"taxonomy":"product_tag","embeddable":true,"href":"https:\/\/rrunning.tribalt.agency\/index.php?rest_route=%2Fwp%2Fv2%2Fproduct_tag&post=2261"}],"curies":[{"name":"wp","href":"https:\/\/api.w.org\/{rel}","templated":true}]}}