{"id":2258,"date":"2025-07-15T09:12:31","date_gmt":"2025-07-15T07:12:31","guid":{"rendered":"https:\/\/rrunning.tribalt.agency\/?post_type=product&#038;p=2258"},"modified":"2025-07-15T09:15:18","modified_gmt":"2025-07-15T07:15:18","slug":"spiruline-200g-paillettes","status":"publish","type":"product","link":"https:\/\/rrunning.tribalt.agency\/?product=spiruline-200g-paillettes","title":{"rendered":"SPIRULINE 200G PAILLETTES"},"content":{"rendered":"<div class=\"OtfKGl QfrfFD cell\">\n<section class=\"Va_ZoC\" data-hook=\"description-wrapper\">\n<div class=\"LvOu6J\">\n<div class=\"vaI0UH undefined\" data-hook=\"content-wrapper\">\n<p>Notre spiruline en paillettes 200g est <strong>cultiv\u00e9e en France, dans le Var<\/strong>, directement sur notre ferme artisanale.<\/p>\n<p><strong>Producteur ind\u00e9pendant<\/strong>, nous garantissons une qualit\u00e9 optimale gr\u00e2ce \u00e0 une production contr\u00f4l\u00e9e, sans pesticides ni additifs.<\/p>\n<p><strong>De notre ferme \u00e0 votre assiette<\/strong>, profitez d'une spiruline ultra-fra\u00eeche et naturellement riche en nutriments.<\/p>\n<\/div>\n<\/div>\n<\/section>\n<\/div>\n<div>\n<div class=\"c9oxsT QfrfFD cell\">\n<div dir=\"ltr\">\n<ul class=\"YInLPU\" data-hook=\"collapse-info-section\">\n<li class=\"KHWbzo undefined\" data-hook=\"collapse-info-item\">\n<h4 class=\"sRaseys o__3_qaYl---typography-11-runningText o__3_qaYl---priority-7-primary _HOcyB x4nptw sxbtulv ftb6e2\" aria-hidden=\"false\" data-hook=\"info-section-title\">Qu'est-ce que la spiruline en paillettes ?<\/h4>\n<div class=\"rah-static rah-static--height-auto\" aria-hidden=\"false\">\n<div>\n<div class=\"ulKuLk QfrfFD cell\">\n<div class=\"zp8uy2\" data-hook=\"info-section-description\">\n<p>La spiruline en paillettes est la forme la plus pure et naturelle de ce superaliment.<\/p>\n<p>Contrairement \u00e0 la spiruline en poudre ou en comprim\u00e9s, elle subit\u00a0<strong>un s\u00e9chage doux \u00e0 basse temp\u00e9rature<\/strong>, permettant de conserver\u00a0<strong>toutes ses vitamines, min\u00e9raux et antioxydants<\/strong>\u00a0intacts.<\/p>\n<p>&nbsp;<\/p>\n<p>Nos paillettes de spiruline offrent :<\/p>\n<ul>\n<li><strong>Texture l\u00e9g\u00e8re et croustillante<\/strong>, parfaite pour agr\u00e9menter vos plats<\/li>\n<li><strong>Nutriments pr\u00e9serv\u00e9s \u00e0 100%<\/strong>\u00a0gr\u00e2ce \u00e0 une transformation minimale<\/li>\n<li><strong>Go\u00fbt naturel et authentique<\/strong>, sans additif ni transformation chimique<\/li>\n<li><strong>Biodisponibilit\u00e9 sup\u00e9rieure<\/strong>\u00a0compar\u00e9e aux formes comprim\u00e9es ou en poudre<\/li>\n<\/ul>\n<p>&nbsp;<\/p>\n<\/div>\n<\/div>\n<\/div>\n<\/div>\n<\/li>\n<\/ul>\n<\/div>\n<\/div>\n<\/div>\n","protected":false},"excerpt":{"rendered":"<p>Notre spiruline en paillettes 200g est cultiv\u00e9e en France, dans le Var, directement sur notre ferme artisanale. Producteur ind\u00e9pendant, nous garantissons une qualit\u00e9 optimale gr\u00e2ce \u00e0 une production contr\u00f4l\u00e9e, sans pesticides ni additifs. De notre ferme \u00e0 votre assiette, profitez d'une spiruline ultra-fra\u00eeche et naturellement riche en nutriments. Qu'est-ce que la spiruline en paillettes ? [&hellip;]<\/p>\n","protected":false},"featured_media":2259,"template":"","meta":[],"pwb-brand":[104],"product_brand":[],"product_cat":[33],"product_tag":[],"class_list":{"0":"post-2258","1":"product","2":"type-product","3":"status-publish","4":"has-post-thumbnail","6":"pwb-brand-la-spiruline-du-rocher","7":"product_cat-protection-musculaire-et-articulaire","9":"first","10":"instock","11":"shipping-taxable","12":"purchasable","13":"product-type-simple"},"brands":[{"id":104,"name":"LA SPIRULINE DU ROCHER","slug":"la-spiruline-du-rocher"}],"_links":{"self":[{"href":"https:\/\/rrunning.tribalt.agency\/index.php?rest_route=\/wp\/v2\/product\/2258","targetHints":{"allow":["GET"]}}],"collection":[{"href":"https:\/\/rrunning.tribalt.agency\/index.php?rest_route=\/wp\/v2\/product"}],"about":[{"href":"https:\/\/rrunning.tribalt.agency\/index.php?rest_route=\/wp\/v2\/types\/product"}],"wp:featuredmedia":[{"embeddable":true,"href":"https:\/\/rrunning.tribalt.agency\/index.php?rest_route=\/wp\/v2\/media\/2259"}],"wp:attachment":[{"href":"https:\/\/rrunning.tribalt.agency\/index.php?rest_route=%2Fwp%2Fv2%2Fmedia&parent=2258"}],"wp:term":[{"taxonomy":"pwb-brand","embeddable":true,"href":"https:\/\/rrunning.tribalt.agency\/index.php?rest_route=%2Fwp%2Fv2%2Fpwb-brand&post=2258"},{"taxonomy":"product_brand","embeddable":true,"href":"https:\/\/rrunning.tribalt.agency\/index.php?rest_route=%2Fwp%2Fv2%2Fproduct_brand&post=2258"},{"taxonomy":"product_cat","embeddable":true,"href":"https:\/\/rrunning.tribalt.agency\/index.php?rest_route=%2Fwp%2Fv2%2Fproduct_cat&post=2258"},{"taxonomy":"product_tag","embeddable":true,"href":"https:\/\/rrunning.tribalt.agency\/index.php?rest_route=%2Fwp%2Fv2%2Fproduct_tag&post=2258"}],"curies":[{"name":"wp","href":"https:\/\/api.w.org\/{rel}","templated":true}]}}