{"id":2251,"date":"2025-07-15T09:01:50","date_gmt":"2025-07-15T07:01:50","guid":{"rendered":"https:\/\/rrunning.tribalt.agency\/?post_type=product&#038;p=2251"},"modified":"2025-07-15T09:10:42","modified_gmt":"2025-07-15T07:10:42","slug":"spiruline-sport-400-gelules","status":"publish","type":"product","link":"https:\/\/rrunning.tribalt.agency\/?product=spiruline-sport-400-gelules","title":{"rendered":"SPIRULINE 200 GELULES"},"content":{"rendered":"<p><strong>D\u00e9couvrez notre Spiruline Premium en G\u00e9lules : Puret\u00e9, Vitalit\u00e9 et Simplicit\u00e9 au Quotidien<\/strong><\/p>\n<p>Notre spiruline en g\u00e9lules 500mg est le choix id\u00e9al pour renforcer naturellement votre bien-\u00eatre.<\/p>\n<p>Ce compl\u00e9ment alimentaire d\u2019exception, produit dans notre ferme du Var , est cultiv\u00e9 sans pesticides ni produits chimiques, garantissant ainsi une spiruline 100% naturelle et respectueuse de l\u2019environnement.<\/p>\n<p>Con\u00e7ue pour s\u2019int\u00e9grer facilement dans votre routine, chaque g\u00e9lule renferme 500mg de spiruline pure, une v\u00e9ritable source de nutriments essentiels.<\/p>\n<p>&nbsp;<\/p>\n<p>Profitez des bienfaits de ce superaliment, soigneusement pr\u00e9serv\u00e9s gr\u00e2ce \u00e0 des capsules v\u00e9g\u00e9tales qui maintiennent la qualit\u00e9 et l\u2019efficacit\u00e9 de chaque dose.<\/p>\n<p>Avec une concentration optimale et un format pratique, nos g\u00e9lules de spiruline s\u2019adressent aux personnes actives en qu\u00eate de vitalit\u00e9 et de simplicit\u00e9.<\/p>\n<p>Nos capsules sont faciles \u00e0 transporter et \u00e0 avaler, vous permettant de b\u00e9n\u00e9ficier d\u2019une \u00e9nergie naturelle \u00e0 tout moment.<\/p>\n<p>Pour une sant\u00e9 renforc\u00e9e jour apr\u00e8s jour, notre spiruline fran\u00e7aise est un alli\u00e9 pr\u00e9cieux.<\/p>\n<p>Sa production locale assure fra\u00eecheur et qualit\u00e9, tandis que sa richesse nutritionnelle fait de chaque g\u00e9lule un soutien indispensable pour votre vitalit\u00e9.v<\/p>\n","protected":false},"excerpt":{"rendered":"<p>D\u00e9couvrez notre Spiruline Premium en G\u00e9lules : Puret\u00e9, Vitalit\u00e9 et Simplicit\u00e9 au Quotidien Notre spiruline en g\u00e9lules 500mg est le choix id\u00e9al pour renforcer naturellement votre bien-\u00eatre. Ce compl\u00e9ment alimentaire d\u2019exception, produit dans notre ferme du Var , est cultiv\u00e9 sans pesticides ni produits chimiques, garantissant ainsi une spiruline 100% naturelle et respectueuse de l\u2019environnement. [&hellip;]<\/p>\n","protected":false},"featured_media":2255,"template":"","meta":[],"pwb-brand":[104],"product_brand":[],"product_cat":[33],"product_tag":[],"class_list":{"0":"post-2251","1":"product","2":"type-product","3":"status-publish","4":"has-post-thumbnail","6":"pwb-brand-la-spiruline-du-rocher","7":"product_cat-protection-musculaire-et-articulaire","9":"first","10":"instock","11":"shipping-taxable","12":"purchasable","13":"product-type-simple"},"brands":[{"id":104,"name":"LA SPIRULINE DU ROCHER","slug":"la-spiruline-du-rocher"}],"_links":{"self":[{"href":"https:\/\/rrunning.tribalt.agency\/index.php?rest_route=\/wp\/v2\/product\/2251","targetHints":{"allow":["GET"]}}],"collection":[{"href":"https:\/\/rrunning.tribalt.agency\/index.php?rest_route=\/wp\/v2\/product"}],"about":[{"href":"https:\/\/rrunning.tribalt.agency\/index.php?rest_route=\/wp\/v2\/types\/product"}],"wp:featuredmedia":[{"embeddable":true,"href":"https:\/\/rrunning.tribalt.agency\/index.php?rest_route=\/wp\/v2\/media\/2255"}],"wp:attachment":[{"href":"https:\/\/rrunning.tribalt.agency\/index.php?rest_route=%2Fwp%2Fv2%2Fmedia&parent=2251"}],"wp:term":[{"taxonomy":"pwb-brand","embeddable":true,"href":"https:\/\/rrunning.tribalt.agency\/index.php?rest_route=%2Fwp%2Fv2%2Fpwb-brand&post=2251"},{"taxonomy":"product_brand","embeddable":true,"href":"https:\/\/rrunning.tribalt.agency\/index.php?rest_route=%2Fwp%2Fv2%2Fproduct_brand&post=2251"},{"taxonomy":"product_cat","embeddable":true,"href":"https:\/\/rrunning.tribalt.agency\/index.php?rest_route=%2Fwp%2Fv2%2Fproduct_cat&post=2251"},{"taxonomy":"product_tag","embeddable":true,"href":"https:\/\/rrunning.tribalt.agency\/index.php?rest_route=%2Fwp%2Fv2%2Fproduct_tag&post=2251"}],"curies":[{"name":"wp","href":"https:\/\/api.w.org\/{rel}","templated":true}]}}