{"id":2249,"date":"2025-07-15T08:59:24","date_gmt":"2025-07-15T06:59:24","guid":{"rendered":"https:\/\/rrunning.tribalt.agency\/?post_type=product&#038;p=2249"},"modified":"2025-07-15T09:00:26","modified_gmt":"2025-07-15T07:00:26","slug":"tano-flacon-100ml","status":"publish","type":"product","link":"https:\/\/rrunning.tribalt.agency\/?product=tano-flacon-100ml","title":{"rendered":"TANO FLACON 100ML"},"content":{"rendered":"<h2>LOTION TANO - TANNANT POUR PIEDS<\/h2>\n<div class=\"product-desc\">INDICATIONS<\/div>\n<div class=\"product-tabs\">\n<p>Renforcement de l\u2019\u00e9piderme plantaire, pr\u00e9paration aux longues distances (marathons, trail, ultras...)<\/p>\n<h3>PROPRI\u00c9T\u00c9S<\/h3>\n<p>TANO renforce efficacement l\u2019\u00e9piderme du pied en stimulant le ph\u00e9nom\u00e8ne naturel de tannage provoqu\u00e9 par la marche. Le pied est ainsi parfaitement pr\u00e9par\u00e9 et pr\u00eat pour les longues distances<\/p>\n<h3>CONSEILS D'UTILISATION<\/h3>\n<p>3 semaines avant l\u2019\u00e9preuve, une fois par jour pulv\u00e9riser une petite quantit\u00e9 sur l\u2019ensemble de la plante des pieds. La derni\u00e8re semaine, associer \u00e0 l\u2019utilisation de la NOK le soir pour des r\u00e9sultats optimaux.<\/p>\n<h3>COMPOSITION<\/h3>\n<p>Acide Tartrique, Sulfate de Zinc<\/p>\n<\/div>\n","protected":false},"excerpt":{"rendered":"<p>LOTION TANO - TANNANT POUR PIEDS INDICATIONS Renforcement de l\u2019\u00e9piderme plantaire, pr\u00e9paration aux longues distances (marathons, trail, ultras...) PROPRI\u00c9T\u00c9S TANO renforce efficacement l\u2019\u00e9piderme du pied en stimulant le ph\u00e9nom\u00e8ne naturel de tannage provoqu\u00e9 par la marche. Le pied est ainsi parfaitement pr\u00e9par\u00e9 et pr\u00eat pour les longues distances CONSEILS D'UTILISATION 3 semaines avant l\u2019\u00e9preuve, une [&hellip;]<\/p>\n","protected":false},"featured_media":2250,"template":"","meta":[],"pwb-brand":[86],"product_brand":[],"product_cat":[33],"product_tag":[],"class_list":{"0":"post-2249","1":"product","2":"type-product","3":"status-publish","4":"has-post-thumbnail","6":"pwb-brand-akileine","7":"product_cat-protection-musculaire-et-articulaire","9":"first","10":"instock","11":"shipping-taxable","12":"purchasable","13":"product-type-simple"},"brands":[{"id":86,"name":"AKILEINE","slug":"akileine"}],"_links":{"self":[{"href":"https:\/\/rrunning.tribalt.agency\/index.php?rest_route=\/wp\/v2\/product\/2249","targetHints":{"allow":["GET"]}}],"collection":[{"href":"https:\/\/rrunning.tribalt.agency\/index.php?rest_route=\/wp\/v2\/product"}],"about":[{"href":"https:\/\/rrunning.tribalt.agency\/index.php?rest_route=\/wp\/v2\/types\/product"}],"wp:featuredmedia":[{"embeddable":true,"href":"https:\/\/rrunning.tribalt.agency\/index.php?rest_route=\/wp\/v2\/media\/2250"}],"wp:attachment":[{"href":"https:\/\/rrunning.tribalt.agency\/index.php?rest_route=%2Fwp%2Fv2%2Fmedia&parent=2249"}],"wp:term":[{"taxonomy":"pwb-brand","embeddable":true,"href":"https:\/\/rrunning.tribalt.agency\/index.php?rest_route=%2Fwp%2Fv2%2Fpwb-brand&post=2249"},{"taxonomy":"product_brand","embeddable":true,"href":"https:\/\/rrunning.tribalt.agency\/index.php?rest_route=%2Fwp%2Fv2%2Fproduct_brand&post=2249"},{"taxonomy":"product_cat","embeddable":true,"href":"https:\/\/rrunning.tribalt.agency\/index.php?rest_route=%2Fwp%2Fv2%2Fproduct_cat&post=2249"},{"taxonomy":"product_tag","embeddable":true,"href":"https:\/\/rrunning.tribalt.agency\/index.php?rest_route=%2Fwp%2Fv2%2Fproduct_tag&post=2249"}],"curies":[{"name":"wp","href":"https:\/\/api.w.org\/{rel}","templated":true}]}}