{"id":2247,"date":"2025-07-15T08:58:21","date_gmt":"2025-07-15T06:58:21","guid":{"rendered":"https:\/\/rrunning.tribalt.agency\/?post_type=product&#038;p=2247"},"modified":"2025-07-15T08:59:09","modified_gmt":"2025-07-15T06:59:09","slug":"start-huile-chauffante-hydrofuge-200ml","status":"publish","type":"product","link":"https:\/\/rrunning.tribalt.agency\/?product=start-huile-chauffante-hydrofuge-200ml","title":{"rendered":"START HUILE CHAUFFANTE HYDROFUGE 200ML"},"content":{"rendered":"<h2>HUILE START - EFFET CHAUFFANT RAPIDE<\/h2>\n<div class=\"product-desc\">INDICATIONS<\/div>\n<div class=\"product-tabs\">\n<p>Echauffement, Reprise du sport apr\u00e8s s\u00e9quelles traumatiques, Sport en milieu froid et humide<\/p>\n<h3>PROPRI\u00c9T\u00c9S<\/h3>\n<p>L\u2019Huile START est une huile thermo-active qui agit sur une longue dur\u00e9e. Elle facilite l\u2019\u00e9chauffement dynamique et permet ainsi de limiter les blessures et d\u2019\u00e9viter les claquages musculaires. Id\u00e9al pour les sportifs expos\u00e9s au froid, \u00e0 l\u2019humidit\u00e9 ou souhaitant reprendre une activit\u00e9 sportive apr\u00e8s une longue interruption.<\/p>\n<h3>CONSEILS D'UTILISATION<\/h3>\n<p>Avant le sport, appliquer en l\u00e9ger massage.<br \/>\nNe pas mettre en contact avec les yeux, plaies et muqueuses.<\/p>\n<h3>COMPOSITION<\/h3>\n<p>Camphre, Piment, Clou de Girofle, Huile de Cameline<\/p>\n<\/div>\n","protected":false},"excerpt":{"rendered":"<p>HUILE START - EFFET CHAUFFANT RAPIDE INDICATIONS Echauffement, Reprise du sport apr\u00e8s s\u00e9quelles traumatiques, Sport en milieu froid et humide PROPRI\u00c9T\u00c9S L\u2019Huile START est une huile thermo-active qui agit sur une longue dur\u00e9e. Elle facilite l\u2019\u00e9chauffement dynamique et permet ainsi de limiter les blessures et d\u2019\u00e9viter les claquages musculaires. Id\u00e9al pour les sportifs expos\u00e9s au [&hellip;]<\/p>\n","protected":false},"featured_media":2248,"template":"","meta":[],"pwb-brand":[86],"product_brand":[],"product_cat":[33],"product_tag":[],"class_list":{"0":"post-2247","1":"product","2":"type-product","3":"status-publish","4":"has-post-thumbnail","6":"pwb-brand-akileine","7":"product_cat-protection-musculaire-et-articulaire","9":"first","10":"instock","11":"shipping-taxable","12":"purchasable","13":"product-type-simple"},"brands":[{"id":86,"name":"AKILEINE","slug":"akileine"}],"_links":{"self":[{"href":"https:\/\/rrunning.tribalt.agency\/index.php?rest_route=\/wp\/v2\/product\/2247","targetHints":{"allow":["GET"]}}],"collection":[{"href":"https:\/\/rrunning.tribalt.agency\/index.php?rest_route=\/wp\/v2\/product"}],"about":[{"href":"https:\/\/rrunning.tribalt.agency\/index.php?rest_route=\/wp\/v2\/types\/product"}],"wp:featuredmedia":[{"embeddable":true,"href":"https:\/\/rrunning.tribalt.agency\/index.php?rest_route=\/wp\/v2\/media\/2248"}],"wp:attachment":[{"href":"https:\/\/rrunning.tribalt.agency\/index.php?rest_route=%2Fwp%2Fv2%2Fmedia&parent=2247"}],"wp:term":[{"taxonomy":"pwb-brand","embeddable":true,"href":"https:\/\/rrunning.tribalt.agency\/index.php?rest_route=%2Fwp%2Fv2%2Fpwb-brand&post=2247"},{"taxonomy":"product_brand","embeddable":true,"href":"https:\/\/rrunning.tribalt.agency\/index.php?rest_route=%2Fwp%2Fv2%2Fproduct_brand&post=2247"},{"taxonomy":"product_cat","embeddable":true,"href":"https:\/\/rrunning.tribalt.agency\/index.php?rest_route=%2Fwp%2Fv2%2Fproduct_cat&post=2247"},{"taxonomy":"product_tag","embeddable":true,"href":"https:\/\/rrunning.tribalt.agency\/index.php?rest_route=%2Fwp%2Fv2%2Fproduct_tag&post=2247"}],"curies":[{"name":"wp","href":"https:\/\/api.w.org\/{rel}","templated":true}]}}