{"id":2245,"date":"2025-07-15T08:56:56","date_gmt":"2025-07-15T06:56:56","guid":{"rendered":"https:\/\/rrunning.tribalt.agency\/?post_type=product&#038;p=2245"},"modified":"2025-07-15T08:58:12","modified_gmt":"2025-07-15T06:58:12","slug":"start-gel-chauffant-fort-75ml","status":"publish","type":"product","link":"https:\/\/rrunning.tribalt.agency\/?product=start-gel-chauffant-fort-75ml","title":{"rendered":"START GEL CHAUFFANT FORT 75ML"},"content":{"rendered":"<h2>GEL START - EFFET CHAUFFANT PROGRESSIF<\/h2>\n<div class=\"product-desc\">\n<p>Avec ce gel chauffant pas de faux d\u00e9part !<\/p>\n<\/div>\n<div class=\"product-tabs\">\n<h3>INDICATIONS<\/h3>\n<p>Echauffement dynamique, Reprise du sport apr\u00e8s s\u00e9quelles traumatiques, Sport en milieu froid<\/p>\n<h3>PROPRI\u00c9T\u00c9S<\/h3>\n<p>START GEL est un gel thermo-actif qui agit sur une longue dur\u00e9e. Il facilite l\u2019\u00e9chauffement dynamique et permet ainsi de limiter les blessures et d\u2019\u00e9viter les claquages musculaires. Id\u00e9al pour les sportifs expos\u00e9s au froid, \u00e0 l\u2019humidit\u00e9 ou souhaitant reprendre une activit\u00e9 sportive apr\u00e8s une longue interruption.<\/p>\n<h3>CONSEILS D'UTILISATION<\/h3>\n<p>Avant le sport, appliquer par effleurage l\u00e9ger sans massage profond jusqu\u2019\u00e0 p\u00e9n\u00e9tration compl\u00e8te.<br \/>\nNe pas mettre en contact avec les yeux, plaies et muqueuses.<\/p>\n<h3>COMPOSITION<\/h3>\n<p>Vanillyl Butyl Ether<\/p>\n<\/div>\n","protected":false},"excerpt":{"rendered":"<p>GEL START - EFFET CHAUFFANT PROGRESSIF Avec ce gel chauffant pas de faux d\u00e9part ! INDICATIONS Echauffement dynamique, Reprise du sport apr\u00e8s s\u00e9quelles traumatiques, Sport en milieu froid PROPRI\u00c9T\u00c9S START GEL est un gel thermo-actif qui agit sur une longue dur\u00e9e. Il facilite l\u2019\u00e9chauffement dynamique et permet ainsi de limiter les blessures et d\u2019\u00e9viter les [&hellip;]<\/p>\n","protected":false},"featured_media":2246,"template":"","meta":[],"pwb-brand":[86],"product_brand":[],"product_cat":[33],"product_tag":[],"class_list":{"0":"post-2245","1":"product","2":"type-product","3":"status-publish","4":"has-post-thumbnail","6":"pwb-brand-akileine","7":"product_cat-protection-musculaire-et-articulaire","9":"first","10":"instock","11":"shipping-taxable","12":"purchasable","13":"product-type-simple"},"brands":[{"id":86,"name":"AKILEINE","slug":"akileine"}],"_links":{"self":[{"href":"https:\/\/rrunning.tribalt.agency\/index.php?rest_route=\/wp\/v2\/product\/2245","targetHints":{"allow":["GET"]}}],"collection":[{"href":"https:\/\/rrunning.tribalt.agency\/index.php?rest_route=\/wp\/v2\/product"}],"about":[{"href":"https:\/\/rrunning.tribalt.agency\/index.php?rest_route=\/wp\/v2\/types\/product"}],"wp:featuredmedia":[{"embeddable":true,"href":"https:\/\/rrunning.tribalt.agency\/index.php?rest_route=\/wp\/v2\/media\/2246"}],"wp:attachment":[{"href":"https:\/\/rrunning.tribalt.agency\/index.php?rest_route=%2Fwp%2Fv2%2Fmedia&parent=2245"}],"wp:term":[{"taxonomy":"pwb-brand","embeddable":true,"href":"https:\/\/rrunning.tribalt.agency\/index.php?rest_route=%2Fwp%2Fv2%2Fpwb-brand&post=2245"},{"taxonomy":"product_brand","embeddable":true,"href":"https:\/\/rrunning.tribalt.agency\/index.php?rest_route=%2Fwp%2Fv2%2Fproduct_brand&post=2245"},{"taxonomy":"product_cat","embeddable":true,"href":"https:\/\/rrunning.tribalt.agency\/index.php?rest_route=%2Fwp%2Fv2%2Fproduct_cat&post=2245"},{"taxonomy":"product_tag","embeddable":true,"href":"https:\/\/rrunning.tribalt.agency\/index.php?rest_route=%2Fwp%2Fv2%2Fproduct_tag&post=2245"}],"curies":[{"name":"wp","href":"https:\/\/api.w.org\/{rel}","templated":true}]}}