{"id":2243,"date":"2025-07-15T08:55:57","date_gmt":"2025-07-15T06:55:57","guid":{"rendered":"https:\/\/rrunning.tribalt.agency\/?post_type=product&#038;p=2243"},"modified":"2025-07-15T08:56:44","modified_gmt":"2025-07-15T06:56:44","slug":"relax-gel-75ml","status":"publish","type":"product","link":"https:\/\/rrunning.tribalt.agency\/?product=relax-gel-75ml","title":{"rendered":"RELAX GEL 75ML"},"content":{"rendered":"<h2>GEL RELAX - MASSAGE ANTI-FATIGUE<\/h2>\n<div class=\"product-desc\">\n<p>Votre alli\u00e9 anti-fatigue \u00e0 base d'arnica<\/p>\n<\/div>\n<div class=\"product-tabs\">\n<h3>INDICATIONS<\/h3>\n<p>Fatigue musculaire, r\u00e9cup\u00e9ration<\/p>\n<h3>PROPRI\u00c9T\u00c9S<\/h3>\n<p>RELAX r\u00e9duit fortement la sensation de fatigue musculaire et apaise les courbatures. Il optimise la r\u00e9cup\u00e9ration sportive et retarde l'apparition de fatigue musculaire.<\/p>\n<h3>CONSEILS D'UTILISATION<\/h3>\n<p>Apr\u00e8s le sport en massage l\u00e9ger sur les muscles sollicit\u00e9s. En cas de sensation de fatigue musculaire tr\u00e8s prononc\u00e9e, renouveler l\u2019application matin et soir.<\/p>\n<h3>COMPOSITION<\/h3>\n<p>Arnica Montana, Sels de Potassium et Magn\u00e9sium, Acides Amin\u00e9s<\/p>\n<\/div>\n","protected":false},"excerpt":{"rendered":"<p>GEL RELAX - MASSAGE ANTI-FATIGUE Votre alli\u00e9 anti-fatigue \u00e0 base d'arnica INDICATIONS Fatigue musculaire, r\u00e9cup\u00e9ration PROPRI\u00c9T\u00c9S RELAX r\u00e9duit fortement la sensation de fatigue musculaire et apaise les courbatures. Il optimise la r\u00e9cup\u00e9ration sportive et retarde l'apparition de fatigue musculaire. CONSEILS D'UTILISATION Apr\u00e8s le sport en massage l\u00e9ger sur les muscles sollicit\u00e9s. En cas de sensation [&hellip;]<\/p>\n","protected":false},"featured_media":2244,"template":"","meta":[],"pwb-brand":[86],"product_brand":[],"product_cat":[33],"product_tag":[],"class_list":{"0":"post-2243","1":"product","2":"type-product","3":"status-publish","4":"has-post-thumbnail","6":"pwb-brand-akileine","7":"product_cat-protection-musculaire-et-articulaire","9":"first","10":"instock","11":"shipping-taxable","12":"purchasable","13":"product-type-simple"},"brands":[{"id":86,"name":"AKILEINE","slug":"akileine"}],"_links":{"self":[{"href":"https:\/\/rrunning.tribalt.agency\/index.php?rest_route=\/wp\/v2\/product\/2243","targetHints":{"allow":["GET"]}}],"collection":[{"href":"https:\/\/rrunning.tribalt.agency\/index.php?rest_route=\/wp\/v2\/product"}],"about":[{"href":"https:\/\/rrunning.tribalt.agency\/index.php?rest_route=\/wp\/v2\/types\/product"}],"wp:featuredmedia":[{"embeddable":true,"href":"https:\/\/rrunning.tribalt.agency\/index.php?rest_route=\/wp\/v2\/media\/2244"}],"wp:attachment":[{"href":"https:\/\/rrunning.tribalt.agency\/index.php?rest_route=%2Fwp%2Fv2%2Fmedia&parent=2243"}],"wp:term":[{"taxonomy":"pwb-brand","embeddable":true,"href":"https:\/\/rrunning.tribalt.agency\/index.php?rest_route=%2Fwp%2Fv2%2Fpwb-brand&post=2243"},{"taxonomy":"product_brand","embeddable":true,"href":"https:\/\/rrunning.tribalt.agency\/index.php?rest_route=%2Fwp%2Fv2%2Fproduct_brand&post=2243"},{"taxonomy":"product_cat","embeddable":true,"href":"https:\/\/rrunning.tribalt.agency\/index.php?rest_route=%2Fwp%2Fv2%2Fproduct_cat&post=2243"},{"taxonomy":"product_tag","embeddable":true,"href":"https:\/\/rrunning.tribalt.agency\/index.php?rest_route=%2Fwp%2Fv2%2Fproduct_tag&post=2243"}],"curies":[{"name":"wp","href":"https:\/\/api.w.org\/{rel}","templated":true}]}}