{"id":2241,"date":"2025-07-15T08:54:38","date_gmt":"2025-07-15T06:54:38","guid":{"rendered":"https:\/\/rrunning.tribalt.agency\/?post_type=product&#038;p=2241"},"modified":"2025-07-15T08:55:49","modified_gmt":"2025-07-15T06:55:49","slug":"nok-75ml","status":"publish","type":"product","link":"https:\/\/rrunning.tribalt.agency\/?product=nok-75ml","title":{"rendered":"NOK 75ML"},"content":{"rendered":"<h2>NOK - CR\u00c8ME ANTI-FROTTEMENTS<\/h2>\n<div class=\"product-desc\">\n<p>Stop aux ampoules et aux frottements gr\u00e2ce \u00e0 la\u00a0<strong>cr\u00e8me NOK anti-frottements\u00a0<\/strong>Sports Akile\u00efne\u00ae.<\/p>\n<\/div>\n<div class=\"product-tabs\">\n<h3>INDICATIONS<\/h3>\n<p>Frottements, ampoules, rougeurs (existe en 2 formats)<\/p>\n<h3>PROPRI\u00c9T\u00c9S<\/h3>\n<p><strong>La cr\u00e8me NOK anti-frottements\u00a0<\/strong>assouplit, hydrate la peau et la prot\u00e8ge des frottements. Elle pr\u00e9vient la formation de rougeurs et d\u2019ampoules. La peau est renforc\u00e9e, hydrat\u00e9e et plus r\u00e9sistante. Peut s\u2019utiliser sur toutes les zones soumises aux frottements : pieds, orteils, aine, entrejambe, aisselles, mamelons, cou, \u2026<\/p>\n<h3>CONSEILS D'UTILISATION<\/h3>\n<p>Appliquer la cr\u00e8me NOK anti-frottements de Sports Akile\u00efne\u00ae avant chaque effort sportif en massage prolong\u00e9 sur les zones de frottements. Pour les comp\u00e9titions, d\u00e9buter l\u2019utilisation 20 jours avant. Appliquer une seconde couche sans masser en cas de frottements intenses.<\/p>\n<h3>COMPOSITION<\/h3>\n<p>92,99% d'ingr\u00e9dients d'origine naturelle, 30 % Beurre de Karit\u00e9<\/p>\n<\/div>\n","protected":false},"excerpt":{"rendered":"<p>NOK - CR\u00c8ME ANTI-FROTTEMENTS Stop aux ampoules et aux frottements gr\u00e2ce \u00e0 la\u00a0cr\u00e8me NOK anti-frottements\u00a0Sports Akile\u00efne\u00ae. INDICATIONS Frottements, ampoules, rougeurs (existe en 2 formats) PROPRI\u00c9T\u00c9S La cr\u00e8me NOK anti-frottements\u00a0assouplit, hydrate la peau et la prot\u00e8ge des frottements. Elle pr\u00e9vient la formation de rougeurs et d\u2019ampoules. La peau est renforc\u00e9e, hydrat\u00e9e et plus r\u00e9sistante. Peut s\u2019utiliser [&hellip;]<\/p>\n","protected":false},"featured_media":2242,"template":"","meta":[],"pwb-brand":[86],"product_brand":[],"product_cat":[33],"product_tag":[],"class_list":{"0":"post-2241","1":"product","2":"type-product","3":"status-publish","4":"has-post-thumbnail","6":"pwb-brand-akileine","7":"product_cat-protection-musculaire-et-articulaire","9":"first","10":"instock","11":"shipping-taxable","12":"purchasable","13":"product-type-simple"},"brands":[{"id":86,"name":"AKILEINE","slug":"akileine"}],"_links":{"self":[{"href":"https:\/\/rrunning.tribalt.agency\/index.php?rest_route=\/wp\/v2\/product\/2241","targetHints":{"allow":["GET"]}}],"collection":[{"href":"https:\/\/rrunning.tribalt.agency\/index.php?rest_route=\/wp\/v2\/product"}],"about":[{"href":"https:\/\/rrunning.tribalt.agency\/index.php?rest_route=\/wp\/v2\/types\/product"}],"wp:featuredmedia":[{"embeddable":true,"href":"https:\/\/rrunning.tribalt.agency\/index.php?rest_route=\/wp\/v2\/media\/2242"}],"wp:attachment":[{"href":"https:\/\/rrunning.tribalt.agency\/index.php?rest_route=%2Fwp%2Fv2%2Fmedia&parent=2241"}],"wp:term":[{"taxonomy":"pwb-brand","embeddable":true,"href":"https:\/\/rrunning.tribalt.agency\/index.php?rest_route=%2Fwp%2Fv2%2Fpwb-brand&post=2241"},{"taxonomy":"product_brand","embeddable":true,"href":"https:\/\/rrunning.tribalt.agency\/index.php?rest_route=%2Fwp%2Fv2%2Fproduct_brand&post=2241"},{"taxonomy":"product_cat","embeddable":true,"href":"https:\/\/rrunning.tribalt.agency\/index.php?rest_route=%2Fwp%2Fv2%2Fproduct_cat&post=2241"},{"taxonomy":"product_tag","embeddable":true,"href":"https:\/\/rrunning.tribalt.agency\/index.php?rest_route=%2Fwp%2Fv2%2Fproduct_tag&post=2241"}],"curies":[{"name":"wp","href":"https:\/\/api.w.org\/{rel}","templated":true}]}}