{"id":2239,"date":"2025-07-15T08:53:07","date_gmt":"2025-07-15T06:53:07","guid":{"rendered":"https:\/\/rrunning.tribalt.agency\/?post_type=product&#038;p=2239"},"modified":"2025-07-15T08:54:25","modified_gmt":"2025-07-15T06:54:25","slug":"kimas-huile-massage-arnica-200ml","status":"publish","type":"product","link":"https:\/\/rrunning.tribalt.agency\/?product=kimas-huile-massage-arnica-200ml","title":{"rendered":"KIMAS HUILE MASSAGE ARNICA 200ML"},"content":{"rendered":"<h2>HUILE KIMAS - R\u00c9CUP\u00c9RATION MUSCULAIRE<\/h2>\n<div class=\"product-desc\"><\/div>\n<div class=\"product-tabs\">\n<h3>INDICATIONS<\/h3>\n<p>Fatigue musculaire, r\u00e9cup\u00e9ration<\/p>\n<h3>PROPRI\u00c9T\u00c9S<\/h3>\n<p>KIMAS r\u00e9duit fortement la sensation de fatigue musculaire et apaise les courbatures. Il optimise la r\u00e9cup\u00e9ration sportive et prot\u00e8ge la peau en formant un film protecteur. Utilis\u00e9 avant l\u2019effort, KIMAS diminue les sensations de raideur musculaire.<\/p>\n<h3>CONSEILS D'UTILISATION<\/h3>\n<p>Avant le sport en massage l\u00e9ger tonifiant sur les muscles sollicit\u00e9s. Apr\u00e8s le sport, en massage d\u00e9contractant plus profond. Renouveler l\u2019application le lendemain si n\u00e9cessaire pour une r\u00e9cup\u00e9ration plus rapide.<\/p>\n<h3>COMPOSITION<\/h3>\n<p>Arnica Montana, Huile de P\u00e9pins de Raisin<\/p>\n<\/div>\n","protected":false},"excerpt":{"rendered":"<p>HUILE KIMAS - R\u00c9CUP\u00c9RATION MUSCULAIRE INDICATIONS Fatigue musculaire, r\u00e9cup\u00e9ration PROPRI\u00c9T\u00c9S KIMAS r\u00e9duit fortement la sensation de fatigue musculaire et apaise les courbatures. Il optimise la r\u00e9cup\u00e9ration sportive et prot\u00e8ge la peau en formant un film protecteur. Utilis\u00e9 avant l\u2019effort, KIMAS diminue les sensations de raideur musculaire. CONSEILS D'UTILISATION Avant le sport en massage l\u00e9ger tonifiant [&hellip;]<\/p>\n","protected":false},"featured_media":2240,"template":"","meta":[],"pwb-brand":[86],"product_brand":[],"product_cat":[33],"product_tag":[],"class_list":{"0":"post-2239","1":"product","2":"type-product","3":"status-publish","4":"has-post-thumbnail","6":"pwb-brand-akileine","7":"product_cat-protection-musculaire-et-articulaire","9":"first","10":"instock","11":"shipping-taxable","12":"purchasable","13":"product-type-simple"},"brands":[{"id":86,"name":"AKILEINE","slug":"akileine"}],"_links":{"self":[{"href":"https:\/\/rrunning.tribalt.agency\/index.php?rest_route=\/wp\/v2\/product\/2239","targetHints":{"allow":["GET"]}}],"collection":[{"href":"https:\/\/rrunning.tribalt.agency\/index.php?rest_route=\/wp\/v2\/product"}],"about":[{"href":"https:\/\/rrunning.tribalt.agency\/index.php?rest_route=\/wp\/v2\/types\/product"}],"wp:featuredmedia":[{"embeddable":true,"href":"https:\/\/rrunning.tribalt.agency\/index.php?rest_route=\/wp\/v2\/media\/2240"}],"wp:attachment":[{"href":"https:\/\/rrunning.tribalt.agency\/index.php?rest_route=%2Fwp%2Fv2%2Fmedia&parent=2239"}],"wp:term":[{"taxonomy":"pwb-brand","embeddable":true,"href":"https:\/\/rrunning.tribalt.agency\/index.php?rest_route=%2Fwp%2Fv2%2Fpwb-brand&post=2239"},{"taxonomy":"product_brand","embeddable":true,"href":"https:\/\/rrunning.tribalt.agency\/index.php?rest_route=%2Fwp%2Fv2%2Fproduct_brand&post=2239"},{"taxonomy":"product_cat","embeddable":true,"href":"https:\/\/rrunning.tribalt.agency\/index.php?rest_route=%2Fwp%2Fv2%2Fproduct_cat&post=2239"},{"taxonomy":"product_tag","embeddable":true,"href":"https:\/\/rrunning.tribalt.agency\/index.php?rest_route=%2Fwp%2Fv2%2Fproduct_tag&post=2239"}],"curies":[{"name":"wp","href":"https:\/\/api.w.org\/{rel}","templated":true}]}}