{"id":2237,"date":"2025-07-15T08:52:47","date_gmt":"2025-07-15T06:52:47","guid":{"rendered":"https:\/\/rrunning.tribalt.agency\/?post_type=product&#038;p=2237"},"modified":"2025-07-15T08:52:48","modified_gmt":"2025-07-15T06:52:48","slug":"ice-gel-75ml","status":"publish","type":"product","link":"https:\/\/rrunning.tribalt.agency\/?product=ice-gel-75ml","title":{"rendered":"ICE GEL 75ML"},"content":{"rendered":"<h3>INDICATIONS<\/h3>\n<p>Pour tous ceux qui souhaitent percevoir une sensation de fra\u00eecheur cutan\u00e9e : sports avec fr\u00e9quents contacts physiques ou articulations vivement sollicit\u00e9es<\/p>\n<h3>PROPRI\u00c9T\u00c9S<\/h3>\n<p>Gr\u00e2ce \u00e0 sa formule non grasse et non collante, enrichie en actifs rafraichissant et apaisant, le gel Ice de Sports Akile\u00efne\u00ae procure une sensation de fra\u00eecheur imm\u00e9diate et intense se maintenant plus d'une heure<\/p>\n<h3>CONSEILS D'UTILISATION<\/h3>\n<p>En massage l\u00e9ger, localement, sur les zones \u00e0 rafra\u00eechir, jusqu'\u00e0 p\u00e9n\u00e9tration compl\u00e8te. A appliquer 1 fois par jour<\/p>\n<h3>COMPOSITION<\/h3>\n<p>Alcool, Camphre, Menthol, Menthyl Lactate, Arnica Montana, R\u00e9glisse<\/p>\n","protected":false},"excerpt":{"rendered":"<p>INDICATIONS Pour tous ceux qui souhaitent percevoir une sensation de fra\u00eecheur cutan\u00e9e : sports avec fr\u00e9quents contacts physiques ou articulations vivement sollicit\u00e9es PROPRI\u00c9T\u00c9S Gr\u00e2ce \u00e0 sa formule non grasse et non collante, enrichie en actifs rafraichissant et apaisant, le gel Ice de Sports Akile\u00efne\u00ae procure une sensation de fra\u00eecheur imm\u00e9diate et intense se maintenant plus [&hellip;]<\/p>\n","protected":false},"featured_media":2238,"template":"","meta":[],"pwb-brand":[86],"product_brand":[],"product_cat":[33],"product_tag":[],"class_list":{"0":"post-2237","1":"product","2":"type-product","3":"status-publish","4":"has-post-thumbnail","6":"pwb-brand-akileine","7":"product_cat-protection-musculaire-et-articulaire","9":"first","10":"instock","11":"shipping-taxable","12":"purchasable","13":"product-type-simple"},"brands":[{"id":86,"name":"AKILEINE","slug":"akileine"}],"_links":{"self":[{"href":"https:\/\/rrunning.tribalt.agency\/index.php?rest_route=\/wp\/v2\/product\/2237","targetHints":{"allow":["GET"]}}],"collection":[{"href":"https:\/\/rrunning.tribalt.agency\/index.php?rest_route=\/wp\/v2\/product"}],"about":[{"href":"https:\/\/rrunning.tribalt.agency\/index.php?rest_route=\/wp\/v2\/types\/product"}],"wp:featuredmedia":[{"embeddable":true,"href":"https:\/\/rrunning.tribalt.agency\/index.php?rest_route=\/wp\/v2\/media\/2238"}],"wp:attachment":[{"href":"https:\/\/rrunning.tribalt.agency\/index.php?rest_route=%2Fwp%2Fv2%2Fmedia&parent=2237"}],"wp:term":[{"taxonomy":"pwb-brand","embeddable":true,"href":"https:\/\/rrunning.tribalt.agency\/index.php?rest_route=%2Fwp%2Fv2%2Fpwb-brand&post=2237"},{"taxonomy":"product_brand","embeddable":true,"href":"https:\/\/rrunning.tribalt.agency\/index.php?rest_route=%2Fwp%2Fv2%2Fproduct_brand&post=2237"},{"taxonomy":"product_cat","embeddable":true,"href":"https:\/\/rrunning.tribalt.agency\/index.php?rest_route=%2Fwp%2Fv2%2Fproduct_cat&post=2237"},{"taxonomy":"product_tag","embeddable":true,"href":"https:\/\/rrunning.tribalt.agency\/index.php?rest_route=%2Fwp%2Fv2%2Fproduct_tag&post=2237"}],"curies":[{"name":"wp","href":"https:\/\/api.w.org\/{rel}","templated":true}]}}