{"id":2232,"date":"2025-07-07T17:28:37","date_gmt":"2025-07-07T15:28:37","guid":{"rendered":"https:\/\/rrunning.tribalt.agency\/?post_type=product&#038;p=2232"},"modified":"2025-07-07T17:30:16","modified_gmt":"2025-07-07T15:30:16","slug":"winter-running-legging-w","status":"publish","type":"product","link":"https:\/\/rrunning.tribalt.agency\/?product=winter-running-legging-w","title":{"rendered":"WINTER RUNNING LEGGING W"},"content":{"rendered":"<p>Sortir quand il g\u00e8le ou qu\u2019il neige peut \u00eatre rude, mais rien n\u2019est plus gratifiant que de terminer une session dans des conditions difficiles. Le tout nouveau legging Compressport Winter Running est con\u00e7u pour une thermor\u00e9gulation et une chaleur optimales pendant les mois d\u2019hiver. La cartographie corporelle scientifique garantit que les zones sensibles telles que les cuisses et les chevilles re\u00e7oivent plus de protection gr\u00e2ce \u00e0 son design en polyamide (ext\u00e9rieur) et en laine douce (int\u00e9rieur). Le tissu 100\u00a0% polyamide sur le bas de la jambe embarque des bandes de ventilation int\u00e9gr\u00e9es qui gardent vos jambes au frais, tandis qu\u2019un maillage \u00e9tudi\u00e9 derri\u00e8re le genou offre une extensibilit\u00e9 et une libert\u00e9 de mouvement suppl\u00e9mentaires lorsque vous acc\u00e9l\u00e9rez le rythme. L\u2019entrejambe \u00e0 soufflet ergonomique est sp\u00e9cialement con\u00e7u pour l\u2019anatomie f\u00e9minine. Il assure un confort sans frottement sur les longues courses, tandis que les propri\u00e9t\u00e9s naturelles des tissus permettent de lutter contre les odeurs. La taille haute et ajustable porte \u00e9galement la signature de nos cr\u00e9atrices, avec une poche \u00e0 cl\u00e9s pratique \u00e0 l\u2019arri\u00e8re. Contrairement au mod\u00e8le Under Control, ces collants confortables sont con\u00e7us pour apporter un maintien l\u00e9ger et cibl\u00e9 plut\u00f4t qu\u2019une compression compl\u00e8te. \u00c9pais et chauds, ils sont \u00e9galement parfaitement opaques et discrets. Des points et un logo r\u00e9fl\u00e9chissants \u00e0 l\u2019avant et \u00e0 l\u2019arri\u00e8re apportent plus de visibilit\u00e9 et de s\u00e9curit\u00e9 lorsque la luminosit\u00e9 est faible. Ne craignez plus le froid, ce legging Winter Running pour femme vous permettra de courir en attendant le printemps.<\/p>\n","protected":false},"excerpt":{"rendered":"<p>Sortir quand il g\u00e8le ou qu\u2019il neige peut \u00eatre rude, mais rien n\u2019est plus gratifiant que de terminer une session dans des conditions difficiles. Le tout nouveau legging Compressport Winter Running est con\u00e7u pour une thermor\u00e9gulation et une chaleur optimales pendant les mois d\u2019hiver. La cartographie corporelle scientifique garantit que les zones sensibles telles que [&hellip;]<\/p>\n","protected":false},"featured_media":2233,"template":"","meta":[],"pwb-brand":[97],"product_brand":[],"product_cat":[49],"product_tag":[],"class_list":{"0":"post-2232","1":"product","2":"type-product","3":"status-publish","4":"has-post-thumbnail","6":"pwb-brand-compressport","7":"product_cat-bas","9":"first","10":"instock","11":"shipping-taxable","12":"purchasable","13":"product-type-simple"},"brands":[{"id":97,"name":"COMPRESSPORT","slug":"compressport"}],"_links":{"self":[{"href":"https:\/\/rrunning.tribalt.agency\/index.php?rest_route=\/wp\/v2\/product\/2232","targetHints":{"allow":["GET"]}}],"collection":[{"href":"https:\/\/rrunning.tribalt.agency\/index.php?rest_route=\/wp\/v2\/product"}],"about":[{"href":"https:\/\/rrunning.tribalt.agency\/index.php?rest_route=\/wp\/v2\/types\/product"}],"wp:featuredmedia":[{"embeddable":true,"href":"https:\/\/rrunning.tribalt.agency\/index.php?rest_route=\/wp\/v2\/media\/2233"}],"wp:attachment":[{"href":"https:\/\/rrunning.tribalt.agency\/index.php?rest_route=%2Fwp%2Fv2%2Fmedia&parent=2232"}],"wp:term":[{"taxonomy":"pwb-brand","embeddable":true,"href":"https:\/\/rrunning.tribalt.agency\/index.php?rest_route=%2Fwp%2Fv2%2Fpwb-brand&post=2232"},{"taxonomy":"product_brand","embeddable":true,"href":"https:\/\/rrunning.tribalt.agency\/index.php?rest_route=%2Fwp%2Fv2%2Fproduct_brand&post=2232"},{"taxonomy":"product_cat","embeddable":true,"href":"https:\/\/rrunning.tribalt.agency\/index.php?rest_route=%2Fwp%2Fv2%2Fproduct_cat&post=2232"},{"taxonomy":"product_tag","embeddable":true,"href":"https:\/\/rrunning.tribalt.agency\/index.php?rest_route=%2Fwp%2Fv2%2Fproduct_tag&post=2232"}],"curies":[{"name":"wp","href":"https:\/\/api.w.org\/{rel}","templated":true}]}}