{"id":2216,"date":"2025-07-07T17:17:45","date_gmt":"2025-07-07T15:17:45","guid":{"rendered":"https:\/\/rrunning.tribalt.agency\/?post_type=product&#038;p=2216"},"modified":"2025-09-01T15:58:35","modified_gmt":"2025-09-01T13:58:35","slug":"visor-ultralight-blues","status":"publish","type":"product","link":"https:\/\/rrunning.tribalt.agency\/?product=visor-ultralight-blues","title":{"rendered":"VISOR ULTRALIGHT BLUES"},"content":{"rendered":"<p>Que vous luttiez contre la chaleur lors d\u2019une longue course estivale ou que vous cherchiez \u00e0 atteindre la ligne d\u2019arriv\u00e9e, la visi\u00e8re Ultralight Visor est un accessoire indispensable pour maintenir votre t\u00eate au frais lorsqu\u2019il fait chaud. Avec son design minimaliste et sa performance imbattable, c\u2019est sans surprise que cette visi\u00e8re est devenue un accessoire de premier choix chez les coureurs comme chez les triathl\u00e8tes. L\u00e9g\u00e8re et courb\u00e9e, cette visi\u00e8re offre une protection optimale contre le soleil et ne retient pas l\u2019eau si la chaleur de la course vous incite \u00e0 vous arroser un peu la t\u00eate. Situ\u00e9 \u00e0 l\u2019int\u00e9rieur de la visi\u00e8re, le tissu \u00e9ponge antibact\u00e9rien \u00e0 s\u00e9chage rapide est tr\u00e8s doux et absorbe la transpiration, pour un confort supr\u00eame sans pression. Enfin, le large bandeau en maillage est \u00e9lastique pour s\u2019ajuster en tout confort \u00e0 votre t\u00eate, garantissant que la visi\u00e8re ne s\u2019envolera pas si le vent se l\u00e8ve. Avec son nouveau logo sur le devant et les graphismes Compressport sur le bandeau pour une touche r\u00e9solument moderne, cette visi\u00e8re de course est un incontournable pour continuer \u00e0 courir avec fra\u00eecheur et rapidit\u00e9 derri\u00e8re vos objectifs.<\/p>\n","protected":false},"excerpt":{"rendered":"<p>Que vous luttiez contre la chaleur lors d\u2019une longue course estivale ou que vous cherchiez \u00e0 atteindre la ligne d\u2019arriv\u00e9e, la visi\u00e8re Ultralight Visor est un accessoire indispensable pour maintenir votre t\u00eate au frais lorsqu\u2019il fait chaud. Avec son design minimaliste et sa performance imbattable, c\u2019est sans surprise que cette visi\u00e8re est devenue un accessoire [&hellip;]<\/p>\n","protected":false},"featured_media":3136,"template":"","meta":[],"pwb-brand":[97],"product_brand":[],"product_cat":[26],"product_tag":[],"class_list":{"0":"post-2216","1":"product","2":"type-product","3":"status-publish","4":"has-post-thumbnail","6":"pwb-brand-compressport","7":"product_cat-casquettes-visieres","9":"first","10":"instock","11":"shipping-taxable","12":"purchasable","13":"product-type-simple"},"brands":[{"id":97,"name":"COMPRESSPORT","slug":"compressport"}],"_links":{"self":[{"href":"https:\/\/rrunning.tribalt.agency\/index.php?rest_route=\/wp\/v2\/product\/2216","targetHints":{"allow":["GET"]}}],"collection":[{"href":"https:\/\/rrunning.tribalt.agency\/index.php?rest_route=\/wp\/v2\/product"}],"about":[{"href":"https:\/\/rrunning.tribalt.agency\/index.php?rest_route=\/wp\/v2\/types\/product"}],"wp:featuredmedia":[{"embeddable":true,"href":"https:\/\/rrunning.tribalt.agency\/index.php?rest_route=\/wp\/v2\/media\/3136"}],"wp:attachment":[{"href":"https:\/\/rrunning.tribalt.agency\/index.php?rest_route=%2Fwp%2Fv2%2Fmedia&parent=2216"}],"wp:term":[{"taxonomy":"pwb-brand","embeddable":true,"href":"https:\/\/rrunning.tribalt.agency\/index.php?rest_route=%2Fwp%2Fv2%2Fpwb-brand&post=2216"},{"taxonomy":"product_brand","embeddable":true,"href":"https:\/\/rrunning.tribalt.agency\/index.php?rest_route=%2Fwp%2Fv2%2Fproduct_brand&post=2216"},{"taxonomy":"product_cat","embeddable":true,"href":"https:\/\/rrunning.tribalt.agency\/index.php?rest_route=%2Fwp%2Fv2%2Fproduct_cat&post=2216"},{"taxonomy":"product_tag","embeddable":true,"href":"https:\/\/rrunning.tribalt.agency\/index.php?rest_route=%2Fwp%2Fv2%2Fproduct_tag&post=2216"}],"curies":[{"name":"wp","href":"https:\/\/api.w.org\/{rel}","templated":true}]}}