{"id":2203,"date":"2025-07-07T17:10:26","date_gmt":"2025-07-07T15:10:26","guid":{"rendered":"https:\/\/rrunning.tribalt.agency\/?post_type=product&#038;p=2203"},"modified":"2025-09-01T12:09:42","modified_gmt":"2025-09-01T10:09:42","slug":"trail-racing-tank-fluo-red","status":"publish","type":"product","link":"https:\/\/rrunning.tribalt.agency\/?product=trail-racing-tank-fluo-red","title":{"rendered":"TRAIL RACING TANK FLUO RED"},"content":{"rendered":"<p>Quand l`effort et la pente s`intensifient, la fra\u00eecheur et le confort sont de mise. Notre Trail Racing Tank ultral\u00e9ger pour hommes est ajust\u00e9 sans \u00eatre moulant, alliant une libert\u00e9 de mouvement exceptionnelle \u00e0 une thermor\u00e9gulation haute performance pour un maximum de vitesse dans des conditions de forte chaleur. Tr\u00e8s doux et souple, le tissu en microfibre est dot\u00e9 de nervures 3D pour un ajustement optimal, permettant d`\u00e9viter les irritations et les frottements. L`avant en tissu mesh unique et la bande de ventilation le long de la colonne assurent une respirabilit\u00e9 optimale pour rester au frais et au sec \u00e0 mesure que les kilom\u00e8tres s`\u00e9gr\u00e8nent. Avec des ourlets plats sous les aisselles, un col rond et des bretelles plus larges pour prot\u00e9ger votre peau de votre \u00e9quipement, ce d\u00e9bardeur haut confort se porte aussi bien avec un sac de trail qu`avec une ceinture Free Belt selon la dur\u00e9e de l\u2019effort. Rapide, ventil\u00e9 et l\u00e9ger comme une plume, le Trail Racing Tank est un alli\u00e9 de choix pour aller chercher vos objectifs sur les chauds sentiers estivaux.<\/p>\n<p>Information : Compte tenu de la nature du produit et de la coloration \u00ab fluorescente \u00bb utilis\u00e9e, la couleur de l\u2019article peut \u00eatre amen\u00e9e \u00e0 naturellement changer avec le temps, l\u2019entretient, l\u2019exposition au soleil. Ceci est une caract\u00e9ristique naturelle de cette couleur.<\/p>\n","protected":false},"excerpt":{"rendered":"<p>Quand l`effort et la pente s`intensifient, la fra\u00eecheur et le confort sont de mise. Notre Trail Racing Tank ultral\u00e9ger pour hommes est ajust\u00e9 sans \u00eatre moulant, alliant une libert\u00e9 de mouvement exceptionnelle \u00e0 une thermor\u00e9gulation haute performance pour un maximum de vitesse dans des conditions de forte chaleur. Tr\u00e8s doux et souple, le tissu en [&hellip;]<\/p>\n","protected":false},"featured_media":2204,"template":"","meta":[],"pwb-brand":[97],"product_brand":[],"product_cat":[55],"product_tag":[],"class_list":{"0":"post-2203","1":"product","2":"type-product","3":"status-publish","4":"has-post-thumbnail","6":"pwb-brand-compressport","7":"product_cat-haut-textile-homme","9":"first","10":"instock","11":"shipping-taxable","12":"purchasable","13":"product-type-simple"},"brands":[{"id":97,"name":"COMPRESSPORT","slug":"compressport"}],"_links":{"self":[{"href":"https:\/\/rrunning.tribalt.agency\/index.php?rest_route=\/wp\/v2\/product\/2203","targetHints":{"allow":["GET"]}}],"collection":[{"href":"https:\/\/rrunning.tribalt.agency\/index.php?rest_route=\/wp\/v2\/product"}],"about":[{"href":"https:\/\/rrunning.tribalt.agency\/index.php?rest_route=\/wp\/v2\/types\/product"}],"wp:featuredmedia":[{"embeddable":true,"href":"https:\/\/rrunning.tribalt.agency\/index.php?rest_route=\/wp\/v2\/media\/2204"}],"wp:attachment":[{"href":"https:\/\/rrunning.tribalt.agency\/index.php?rest_route=%2Fwp%2Fv2%2Fmedia&parent=2203"}],"wp:term":[{"taxonomy":"pwb-brand","embeddable":true,"href":"https:\/\/rrunning.tribalt.agency\/index.php?rest_route=%2Fwp%2Fv2%2Fpwb-brand&post=2203"},{"taxonomy":"product_brand","embeddable":true,"href":"https:\/\/rrunning.tribalt.agency\/index.php?rest_route=%2Fwp%2Fv2%2Fproduct_brand&post=2203"},{"taxonomy":"product_cat","embeddable":true,"href":"https:\/\/rrunning.tribalt.agency\/index.php?rest_route=%2Fwp%2Fv2%2Fproduct_cat&post=2203"},{"taxonomy":"product_tag","embeddable":true,"href":"https:\/\/rrunning.tribalt.agency\/index.php?rest_route=%2Fwp%2Fv2%2Fproduct_tag&post=2203"}],"curies":[{"name":"wp","href":"https:\/\/api.w.org\/{rel}","templated":true}]}}