{"id":2190,"date":"2025-07-07T17:05:10","date_gmt":"2025-07-07T15:05:10","guid":{"rendered":"https:\/\/rrunning.tribalt.agency\/?post_type=product&#038;p=2190"},"modified":"2025-09-01T11:46:25","modified_gmt":"2025-09-01T09:46:25","slug":"trail-racing-short-w-black","status":"publish","type":"product","link":"https:\/\/rrunning.tribalt.agency\/?product=trail-racing-short-w-black","title":{"rendered":"TRAIL RACING SS TSHIRT SHADOW"},"content":{"rendered":"<p>Affrontez les sentiers avec le tout nouveau Trail Racing T-shirt \u00e0 manches courtes pour hommes. Si certains athl\u00e8tes pr\u00e9f\u00e8rent une sensation seconde peau, d`autres appr\u00e9cient des v\u00eatements moins moulants. Souple et ajust\u00e9 sans \u00eatre ample, ce t-shirt de trail running ultral\u00e9ger et sans coutures allie confort et technologie haute performance pour vous accompagner jusqu`\u00e0 la ligne d`arriv\u00e9e. Sp\u00e9cialement con\u00e7u pour un confort et une douceur extr\u00eames, le tissu en microfibre emp\u00eache les frottements et les irritations. L`avant du T-shirt est constitu\u00e9 d\u2019un tissu mesh unique, alors que d\u2019autres zones de ventilation sur les manches et le long de la colonne assurent une respirabilit\u00e9 optimale lorsque vous augmentez le rythme sur les sections plus raides. Avec des manches Raglan pour une amplitude de mouvement optimale et un col rond, ce t-shirt se porte confortablement avec un sac de d`ultratrail ou une ceinture Free Belt lors des courses de montagne rapides. Enfilez notre nouveau Trail Racing SS T-shirt et pr\u00e9parez-vous \u00e0 passer \u00e0 la vitesse sup\u00e9rieure.<\/p>\n","protected":false},"excerpt":{"rendered":"<p>Affrontez les sentiers avec le tout nouveau Trail Racing T-shirt \u00e0 manches courtes pour hommes. Si certains athl\u00e8tes pr\u00e9f\u00e8rent une sensation seconde peau, d`autres appr\u00e9cient des v\u00eatements moins moulants. Souple et ajust\u00e9 sans \u00eatre ample, ce t-shirt de trail running ultral\u00e9ger et sans coutures allie confort et technologie haute performance pour vous accompagner jusqu`\u00e0 la [&hellip;]<\/p>\n","protected":false},"featured_media":2196,"template":"","meta":[],"pwb-brand":[97],"product_brand":[],"product_cat":[55],"product_tag":[],"class_list":{"0":"post-2190","1":"product","2":"type-product","3":"status-publish","4":"has-post-thumbnail","6":"pwb-brand-compressport","7":"product_cat-haut-textile-homme","9":"first","10":"instock","11":"shipping-taxable","12":"purchasable","13":"product-type-simple"},"brands":[{"id":97,"name":"COMPRESSPORT","slug":"compressport"}],"_links":{"self":[{"href":"https:\/\/rrunning.tribalt.agency\/index.php?rest_route=\/wp\/v2\/product\/2190","targetHints":{"allow":["GET"]}}],"collection":[{"href":"https:\/\/rrunning.tribalt.agency\/index.php?rest_route=\/wp\/v2\/product"}],"about":[{"href":"https:\/\/rrunning.tribalt.agency\/index.php?rest_route=\/wp\/v2\/types\/product"}],"wp:featuredmedia":[{"embeddable":true,"href":"https:\/\/rrunning.tribalt.agency\/index.php?rest_route=\/wp\/v2\/media\/2196"}],"wp:attachment":[{"href":"https:\/\/rrunning.tribalt.agency\/index.php?rest_route=%2Fwp%2Fv2%2Fmedia&parent=2190"}],"wp:term":[{"taxonomy":"pwb-brand","embeddable":true,"href":"https:\/\/rrunning.tribalt.agency\/index.php?rest_route=%2Fwp%2Fv2%2Fpwb-brand&post=2190"},{"taxonomy":"product_brand","embeddable":true,"href":"https:\/\/rrunning.tribalt.agency\/index.php?rest_route=%2Fwp%2Fv2%2Fproduct_brand&post=2190"},{"taxonomy":"product_cat","embeddable":true,"href":"https:\/\/rrunning.tribalt.agency\/index.php?rest_route=%2Fwp%2Fv2%2Fproduct_cat&post=2190"},{"taxonomy":"product_tag","embeddable":true,"href":"https:\/\/rrunning.tribalt.agency\/index.php?rest_route=%2Fwp%2Fv2%2Fproduct_tag&post=2190"}],"curies":[{"name":"wp","href":"https:\/\/api.w.org\/{rel}","templated":true}]}}