{"id":2185,"date":"2025-07-07T17:02:53","date_gmt":"2025-07-07T15:02:53","guid":{"rendered":"https:\/\/rrunning.tribalt.agency\/?post_type=product&#038;p=2185"},"modified":"2025-07-07T17:04:54","modified_gmt":"2025-07-07T15:04:54","slug":"trail-racing-overshort-black","status":"publish","type":"product","link":"https:\/\/rrunning.tribalt.agency\/?product=trail-racing-overshort-black","title":{"rendered":"TRAIL RACING OVERSHORT BLACK"},"content":{"rendered":"<p>Quand il commence \u00e0 faire trop chaud sur la piste, rester au frais est essentiel si vous voulez voir la ligne d\u2019arriv\u00e9e. Le surshort de trail pour homme Trail Racing Overshort est le choix id\u00e9al pour une course rapide et sans limite lors des grosses chaleurs estivales \u2013 ou m\u00eame pour n\u2019importe quel coureur de trail recherchant un \u00e9quipement alliant l\u00e9g\u00e8ret\u00e9, ventilation et haute performance. Ce surshort ample est fait \u00e0 partir d\u2019un maillage extr\u00eamement fin et l\u00e9ger pour plus de respirabilit\u00e9 et de libert\u00e9 de mouvement. En plus d\u2019\u00eatre doux et lisse, le tissu s\u00e8che rapidement\u00a0; il ne colle donc pas \u00e0 la peau et ne se coince pas entre les cuisses. La ceinture plus large a \u00e9t\u00e9 am\u00e9lior\u00e9e pour plus de confort\u00a0; elle comporte un cordon de serrage permettant un ajustement parfait, tandis que la ceinture ext\u00e9rieure en maillage respirant est id\u00e9ale pour transporter vos indispensables de trail. Ses trois compartiments vous offrent suffisamment d\u2019espace pour stocker votre t\u00e9l\u00e9phone, vos gels \u00e9nerg\u00e9tiques et votre gourde, avec des languettes d\u00e9di\u00e9es pour y acc\u00e9der facilement. La poche arri\u00e8re \u00e0 fermeture \u00e9clair invisible vous offre un espace de stockage s\u00e9curis\u00e9 pour vos objets de valeur. Appr\u00e9ci\u00e9 par un grand nombre de nos coureurs de trail professionnels, le surshort Trail Racing Overshort ne poss\u00e8de pas de slip int\u00e9gr\u00e9 et peut \u00eatre port\u00e9 par-dessus notre short Run Under Control ou les cuissards running de votre choix. Lorsque les d\u00e9fis se compliquent, la cl\u00e9 est de courir plus l\u00e9ger et plus vite.<\/p>\n","protected":false},"excerpt":{"rendered":"<p>Quand il commence \u00e0 faire trop chaud sur la piste, rester au frais est essentiel si vous voulez voir la ligne d\u2019arriv\u00e9e. Le surshort de trail pour homme Trail Racing Overshort est le choix id\u00e9al pour une course rapide et sans limite lors des grosses chaleurs estivales \u2013 ou m\u00eame pour n\u2019importe quel coureur de [&hellip;]<\/p>\n","protected":false},"featured_media":2186,"template":"","meta":[],"pwb-brand":[97],"product_brand":[],"product_cat":[57],"product_tag":[],"class_list":{"0":"post-2185","1":"product","2":"type-product","3":"status-publish","4":"has-post-thumbnail","6":"pwb-brand-compressport","7":"product_cat-bas-textile-homme","9":"first","10":"instock","11":"shipping-taxable","12":"purchasable","13":"product-type-simple"},"brands":[{"id":97,"name":"COMPRESSPORT","slug":"compressport"}],"_links":{"self":[{"href":"https:\/\/rrunning.tribalt.agency\/index.php?rest_route=\/wp\/v2\/product\/2185","targetHints":{"allow":["GET"]}}],"collection":[{"href":"https:\/\/rrunning.tribalt.agency\/index.php?rest_route=\/wp\/v2\/product"}],"about":[{"href":"https:\/\/rrunning.tribalt.agency\/index.php?rest_route=\/wp\/v2\/types\/product"}],"wp:featuredmedia":[{"embeddable":true,"href":"https:\/\/rrunning.tribalt.agency\/index.php?rest_route=\/wp\/v2\/media\/2186"}],"wp:attachment":[{"href":"https:\/\/rrunning.tribalt.agency\/index.php?rest_route=%2Fwp%2Fv2%2Fmedia&parent=2185"}],"wp:term":[{"taxonomy":"pwb-brand","embeddable":true,"href":"https:\/\/rrunning.tribalt.agency\/index.php?rest_route=%2Fwp%2Fv2%2Fpwb-brand&post=2185"},{"taxonomy":"product_brand","embeddable":true,"href":"https:\/\/rrunning.tribalt.agency\/index.php?rest_route=%2Fwp%2Fv2%2Fproduct_brand&post=2185"},{"taxonomy":"product_cat","embeddable":true,"href":"https:\/\/rrunning.tribalt.agency\/index.php?rest_route=%2Fwp%2Fv2%2Fproduct_cat&post=2185"},{"taxonomy":"product_tag","embeddable":true,"href":"https:\/\/rrunning.tribalt.agency\/index.php?rest_route=%2Fwp%2Fv2%2Fproduct_tag&post=2185"}],"curies":[{"name":"wp","href":"https:\/\/api.w.org\/{rel}","templated":true}]}}