{"id":2181,"date":"2025-07-07T17:01:08","date_gmt":"2025-07-07T15:01:08","guid":{"rendered":"https:\/\/rrunning.tribalt.agency\/?post_type=product&#038;p=2181"},"modified":"2025-07-07T17:02:35","modified_gmt":"2025-07-07T15:02:35","slug":"trail-racing-2-in-1-short-black","status":"publish","type":"product","link":"https:\/\/rrunning.tribalt.agency\/?product=trail-racing-2-in-1-short-black","title":{"rendered":"TRAIL RACING 2-IN-1 SHORT BLACK"},"content":{"rendered":"<p>Suite aux retours de nos athl\u00e8tes les plus rapides, nous avons enti\u00e8rement revu le short Trail Racing 2-In-1 pour garantir une performance et un confort ultimes en montagne. Avant tout, le nouveau boxer int\u00e9rieur enti\u00e8rement en tricot offre une respirabilit\u00e9 maximale et poss\u00e8de une structure sp\u00e9cifique pour un meilleur maintien pendant la course. Gr\u00e2ce \u00e0 la ceinture haute technologie qui est une extension de ce short int\u00e9rieur, tout reste en place m\u00eame lorsque vous acc\u00e9l\u00e9rez le rythme. Un cordon de serrage nouvelle g\u00e9n\u00e9ration remplace le bouton qui \u00e9tait utilis\u00e9 jusqu\u2019\u00e0 pr\u00e9sent afin que vous puissiez ajuster uniform\u00e9ment le short pour \u00eatre parfaitement \u00e0 l\u2019aise. La ceinture de trail enveloppante est faite en maillage \u00e9lastique et respirant, avec trois compartiments : tirez simplement l\u2019une des languettes facilement accessibles pour attraper vos indispensables pour le trail, tels que vos gels, votre t\u00e9l\u00e9phone ou votre gourde. La poche arri\u00e8re cach\u00e9e avec sa fermeture \u00e9clair invisible vous permet de stocker vos objets de valeur en toute s\u00e9curit\u00e9. La couche ext\u00e9rieure du short est faite \u00e0 partir d\u2019une membrane extr\u00eamement l\u00e9g\u00e8re \u00e0 s\u00e9chage rapide qui ne vous tirera pas vers le bas, avec une coupe ample pour une totale libert\u00e9 de mouvement et un look d\u00e9contract\u00e9 sur la piste. Les couches int\u00e9rieure et ext\u00e9rieure sont li\u00e9es et ne peuvent pas \u00eatre port\u00e9es s\u00e9par\u00e9ment. Test\u00e9 et valid\u00e9 sur tous les terrains, ce short est con\u00e7u pour r\u00e9duire au minimum les irritations et optimiser le fonctionnement et le maintien ; vous pouvez ainsi vous concentrer sur votre performance sans distraction. Que vous partiez sur les pistes pour une course rapide ou que vous tentiez de repousser vos limites sur un trail en montagne exigeant, le short Trail Racing 2-In-1 est l\u2019option id\u00e9ale pour accumuler les kilom\u00e8tres et les d\u00e9nivel\u00e9s.<\/p>\n<p>Longueur : 5\"<\/p>\n","protected":false},"excerpt":{"rendered":"<p>Suite aux retours de nos athl\u00e8tes les plus rapides, nous avons enti\u00e8rement revu le short Trail Racing 2-In-1 pour garantir une performance et un confort ultimes en montagne. Avant tout, le nouveau boxer int\u00e9rieur enti\u00e8rement en tricot offre une respirabilit\u00e9 maximale et poss\u00e8de une structure sp\u00e9cifique pour un meilleur maintien pendant la course. Gr\u00e2ce \u00e0 [&hellip;]<\/p>\n","protected":false},"featured_media":2182,"template":"","meta":[],"pwb-brand":[97],"product_brand":[],"product_cat":[57],"product_tag":[],"class_list":{"0":"post-2181","1":"product","2":"type-product","3":"status-publish","4":"has-post-thumbnail","6":"pwb-brand-compressport","7":"product_cat-bas-textile-homme","9":"first","10":"instock","11":"shipping-taxable","12":"purchasable","13":"product-type-simple"},"brands":[{"id":97,"name":"COMPRESSPORT","slug":"compressport"}],"_links":{"self":[{"href":"https:\/\/rrunning.tribalt.agency\/index.php?rest_route=\/wp\/v2\/product\/2181","targetHints":{"allow":["GET"]}}],"collection":[{"href":"https:\/\/rrunning.tribalt.agency\/index.php?rest_route=\/wp\/v2\/product"}],"about":[{"href":"https:\/\/rrunning.tribalt.agency\/index.php?rest_route=\/wp\/v2\/types\/product"}],"wp:featuredmedia":[{"embeddable":true,"href":"https:\/\/rrunning.tribalt.agency\/index.php?rest_route=\/wp\/v2\/media\/2182"}],"wp:attachment":[{"href":"https:\/\/rrunning.tribalt.agency\/index.php?rest_route=%2Fwp%2Fv2%2Fmedia&parent=2181"}],"wp:term":[{"taxonomy":"pwb-brand","embeddable":true,"href":"https:\/\/rrunning.tribalt.agency\/index.php?rest_route=%2Fwp%2Fv2%2Fpwb-brand&post=2181"},{"taxonomy":"product_brand","embeddable":true,"href":"https:\/\/rrunning.tribalt.agency\/index.php?rest_route=%2Fwp%2Fv2%2Fproduct_brand&post=2181"},{"taxonomy":"product_cat","embeddable":true,"href":"https:\/\/rrunning.tribalt.agency\/index.php?rest_route=%2Fwp%2Fv2%2Fproduct_cat&post=2181"},{"taxonomy":"product_tag","embeddable":true,"href":"https:\/\/rrunning.tribalt.agency\/index.php?rest_route=%2Fwp%2Fv2%2Fproduct_tag&post=2181"}],"curies":[{"name":"wp","href":"https:\/\/api.w.org\/{rel}","templated":true}]}}