{"id":2173,"date":"2025-07-07T16:57:56","date_gmt":"2025-07-07T14:57:56","guid":{"rendered":"https:\/\/rrunning.tribalt.agency\/?post_type=product&#038;p=2173"},"modified":"2025-09-01T16:46:24","modified_gmt":"2025-09-01T14:46:24","slug":"thunderstorm-waterproof-25-75-jacket-black","status":"publish","type":"product","link":"https:\/\/rrunning.tribalt.agency\/?product=thunderstorm-waterproof-25-75-jacket-black","title":{"rendered":"THUNDERSTORM WATERPROOF 25\/75 JACKET BLACK"},"content":{"rendered":"<p>Excellente protection contre la pluie robuste et respirabilit\u00e9 maximale, le tout dans un<strong>\u00a0design ultra l\u00e9ger et ultra compact.<\/strong>\u00a0Con\u00e7ue pour affronter toutes les temp\u00eates et tous les efforts, la veste Thunderstorm Waterproof 25\/75 s\u2019impose comme\u00a0<strong>LA protection ultime contre la pluie<\/strong>\u00a0pour votre prochain d\u00e9fi en plein air.<\/p>\n<p>Confectionn\u00e9e dans en membrane Japonaise 3 couches, avec des fermetures \u00e0 glissi\u00e8re et des coutures \u00e9tanches, cette veste allie une\u00a0<strong>imperm\u00e9abilit\u00e9 de 25 000 Schmerber\u00a0<\/strong>(2,5 x plus \u00e9tanche que le mod\u00e8le Hurricane 10\/10 !) \u00e0 une<strong>\u00a0respirabilit\u00e9 exceptionnelle de 75 000<\/strong>. En plus de sa membrane \u00e0 3 couches, notre\u00a0<strong>traitement DWR<\/strong>\u00a0fait que la pluie perle et roule sur la surface de la veste. En clair, l\u2019eau s\u2019\u00e9coule, mais ne rentre pas :\u00a0<strong>vos baselayers restent bien au sec<\/strong>, quelle que soit la vitesse \u00e0 laquelle vous roulez ou l\u2019intensit\u00e9 de l\u2019averse.<\/p>\n<p>Fid\u00e8le aux normes Compressport, la coupe est ajust\u00e9e pour \u00e9viter tout bruissement. R\u00e9sultat : aucune g\u00eane, aucun effet \u00ab parachute \u00bb lorsque vous attaquez les descentes. Gr\u00e2ce \u00e0 son motif sp\u00e9cifique autour du col, la capuche ajust\u00e9e ne vient pas obstruer votre vue, tandis que les bandes extensibles 10\/10 \u00ab 4-way \u00bb sur les avant-bras vous permettent de garder un \u0153il sur votre montre en toute simplicit\u00e9.<strong>\u00a0La fermeture \u00e0 glissi\u00e8re ergonomique autobloquante<\/strong>\u00a0est doubl\u00e9e sur toute la longueur.<\/p>\n<p>En haut, le prot\u00e8ge-glissi\u00e8re offre une \u00e9tanch\u00e9it\u00e9 et une protection suppl\u00e9mentaires. Les logos r\u00e9fl\u00e9chissants \u00e0 l\u2019avant comme \u00e0 l\u2019arri\u00e8re et les bandes entourant chaque poignet\u00a0<strong>garantissent votre visibilit\u00e9 et votre s\u00e9curit\u00e9 dans l\u2019obscurit\u00e9<\/strong>. Enroulez rapidement la veste sur elle-m\u00eame, rangez-la dans votre sac ou votre freebelt d\u00e8s que le soleil appara\u00eet et gardez vos essentiels \u00e0 port\u00e9e de main gr\u00e2ce \u00e0 sa poche de poitrine. Destin\u00e9e \u00e0 tous les athl\u00e8tes et amateurs d\u2019activit\u00e9s de plein air osant affronter les \u00e9l\u00e9ments, cette veste anti-pluie haute performance\u00a0<strong>p\u00e8se \u00e0 peine 126 g.<\/strong>\u00a0Que vous p\u00e9daliez vers le sommet d\u2019une montagne ou couriez vers une ligne d\u2019arriv\u00e9e, ne laissez pas une averse vous contrarier : enfilez votre alli\u00e9 27\/75 Thunderstorm.<\/p>\n","protected":false},"excerpt":{"rendered":"<p>Excellente protection contre la pluie robuste et respirabilit\u00e9 maximale, le tout dans un\u00a0design ultra l\u00e9ger et ultra compact.\u00a0Con\u00e7ue pour affronter toutes les temp\u00eates et tous les efforts, la veste Thunderstorm Waterproof 25\/75 s\u2019impose comme\u00a0LA protection ultime contre la pluie\u00a0pour votre prochain d\u00e9fi en plein air. Confectionn\u00e9e dans en membrane Japonaise 3 couches, avec des fermetures [&hellip;]<\/p>\n","protected":false},"featured_media":3165,"template":"","meta":[],"pwb-brand":[97],"product_brand":[],"product_cat":[50],"product_tag":[],"class_list":{"0":"post-2173","1":"product","2":"type-product","3":"status-publish","4":"has-post-thumbnail","6":"pwb-brand-compressport","7":"product_cat-vestes","9":"first","10":"instock","11":"shipping-taxable","12":"purchasable","13":"product-type-simple"},"brands":[{"id":97,"name":"COMPRESSPORT","slug":"compressport"}],"_links":{"self":[{"href":"https:\/\/rrunning.tribalt.agency\/index.php?rest_route=\/wp\/v2\/product\/2173","targetHints":{"allow":["GET"]}}],"collection":[{"href":"https:\/\/rrunning.tribalt.agency\/index.php?rest_route=\/wp\/v2\/product"}],"about":[{"href":"https:\/\/rrunning.tribalt.agency\/index.php?rest_route=\/wp\/v2\/types\/product"}],"wp:featuredmedia":[{"embeddable":true,"href":"https:\/\/rrunning.tribalt.agency\/index.php?rest_route=\/wp\/v2\/media\/3165"}],"wp:attachment":[{"href":"https:\/\/rrunning.tribalt.agency\/index.php?rest_route=%2Fwp%2Fv2%2Fmedia&parent=2173"}],"wp:term":[{"taxonomy":"pwb-brand","embeddable":true,"href":"https:\/\/rrunning.tribalt.agency\/index.php?rest_route=%2Fwp%2Fv2%2Fpwb-brand&post=2173"},{"taxonomy":"product_brand","embeddable":true,"href":"https:\/\/rrunning.tribalt.agency\/index.php?rest_route=%2Fwp%2Fv2%2Fproduct_brand&post=2173"},{"taxonomy":"product_cat","embeddable":true,"href":"https:\/\/rrunning.tribalt.agency\/index.php?rest_route=%2Fwp%2Fv2%2Fproduct_cat&post=2173"},{"taxonomy":"product_tag","embeddable":true,"href":"https:\/\/rrunning.tribalt.agency\/index.php?rest_route=%2Fwp%2Fv2%2Fproduct_tag&post=2173"}],"curies":[{"name":"wp","href":"https:\/\/api.w.org\/{rel}","templated":true}]}}