{"id":2169,"date":"2025-07-07T16:56:25","date_gmt":"2025-07-07T14:56:25","guid":{"rendered":"https:\/\/rrunning.tribalt.agency\/?post_type=product&#038;p=2169"},"modified":"2025-07-07T16:57:22","modified_gmt":"2025-07-07T14:57:22","slug":"thin-headband-on-off-white","status":"publish","type":"product","link":"https:\/\/rrunning.tribalt.agency\/?product=thin-headband-on-off-white","title":{"rendered":"THIN HEADBAND ON\/OFF WHITE"},"content":{"rendered":"<p class=\"key_benefit_1\">Le bandeau Thin Headband On\/Off nouvelle g\u00e9n\u00e9ration int\u00e8gre une technologie de ventilation optimale dans un bandeau de sport tendance et compact. Volontairement plus fine que le mod\u00e8le classique, cette version est adapt\u00e9e aux activit\u00e9s estivales avec son tissage plus structur\u00e9 et l\u00e9ger qui offre une thermor\u00e9gulation extr\u00eamement efficace gr\u00e2ce \u00e0 ses zones de ventilation int\u00e9gr\u00e9es. La sueur s\u2019\u00e9vacue rapidement tandis que le tissu hydrophobe s\u00e8che jusqu\u2019\u00e0 7\u00a0fois plus vite que les bandeaux traditionnels pour que vous restiez au frais et gardiez les id\u00e9es claires par temps chaud. Les microfibres ultradouces et extensibles \u00e9pousent le contour de votre t\u00eate et de vos oreilles sans points de pression d\u00e9sagr\u00e9ables\u00a0: finis les cheveux rebelles et la sueur dans les yeux lorsque vous explorez des sentiers inconnus. Garanti sans frottement, il se porte aussi parfaitement sous une capuche ou un casque lorsque vous avez besoin de cette protection suppl\u00e9mentaire. Fonctionnel et efficace avec le nouveau logo de la marque, c\u2019est l\u2019accessoire parfait pour compl\u00e9ter votre \u00e9quipement de sport Compressport.<\/p>\n","protected":false},"excerpt":{"rendered":"<p>Le bandeau Thin Headband On\/Off nouvelle g\u00e9n\u00e9ration int\u00e8gre une technologie de ventilation optimale dans un bandeau de sport tendance et compact. Volontairement plus fine que le mod\u00e8le classique, cette version est adapt\u00e9e aux activit\u00e9s estivales avec son tissage plus structur\u00e9 et l\u00e9ger qui offre une thermor\u00e9gulation extr\u00eamement efficace gr\u00e2ce \u00e0 ses zones de ventilation int\u00e9gr\u00e9es. [&hellip;]<\/p>\n","protected":false},"featured_media":2170,"template":"","meta":[],"pwb-brand":[97],"product_brand":[],"product_cat":[25],"product_tag":[],"class_list":{"0":"post-2169","1":"product","2":"type-product","3":"status-publish","4":"has-post-thumbnail","6":"pwb-brand-compressport","7":"product_cat-bonnets-bandeaux","9":"first","10":"instock","11":"shipping-taxable","12":"purchasable","13":"product-type-simple"},"brands":[{"id":97,"name":"COMPRESSPORT","slug":"compressport"}],"_links":{"self":[{"href":"https:\/\/rrunning.tribalt.agency\/index.php?rest_route=\/wp\/v2\/product\/2169","targetHints":{"allow":["GET"]}}],"collection":[{"href":"https:\/\/rrunning.tribalt.agency\/index.php?rest_route=\/wp\/v2\/product"}],"about":[{"href":"https:\/\/rrunning.tribalt.agency\/index.php?rest_route=\/wp\/v2\/types\/product"}],"wp:featuredmedia":[{"embeddable":true,"href":"https:\/\/rrunning.tribalt.agency\/index.php?rest_route=\/wp\/v2\/media\/2170"}],"wp:attachment":[{"href":"https:\/\/rrunning.tribalt.agency\/index.php?rest_route=%2Fwp%2Fv2%2Fmedia&parent=2169"}],"wp:term":[{"taxonomy":"pwb-brand","embeddable":true,"href":"https:\/\/rrunning.tribalt.agency\/index.php?rest_route=%2Fwp%2Fv2%2Fpwb-brand&post=2169"},{"taxonomy":"product_brand","embeddable":true,"href":"https:\/\/rrunning.tribalt.agency\/index.php?rest_route=%2Fwp%2Fv2%2Fproduct_brand&post=2169"},{"taxonomy":"product_cat","embeddable":true,"href":"https:\/\/rrunning.tribalt.agency\/index.php?rest_route=%2Fwp%2Fv2%2Fproduct_cat&post=2169"},{"taxonomy":"product_tag","embeddable":true,"href":"https:\/\/rrunning.tribalt.agency\/index.php?rest_route=%2Fwp%2Fv2%2Fproduct_tag&post=2169"}],"curies":[{"name":"wp","href":"https:\/\/api.w.org\/{rel}","templated":true}]}}