{"id":2153,"date":"2025-07-07T16:57:32","date_gmt":"2025-07-07T14:57:32","guid":{"rendered":"https:\/\/rrunning.tribalt.agency\/?post_type=product&#038;p=2153"},"modified":"2025-09-02T10:42:54","modified_gmt":"2025-09-02T08:42:54","slug":"terrex-agravic-3","status":"publish","type":"product","link":"https:\/\/rrunning.tribalt.agency\/?product=terrex-agravic-3","title":{"rendered":"Terrex Agravic 3"},"content":{"rendered":"<p>D\u00e9couvre un mix parfait entre confort, durabilit\u00e9 et stabilit\u00e9. La tige respirante garde tes pieds au frais. La toute nouvelle semelle interm\u00e9diaire Lightstrike plus souple est con\u00e7ue pour offrir un amorti et une foul\u00e9e dynamiques qui peuvent r\u00e9sister \u00e0 l'impact de chaque foul\u00e9e. Avec l'Agravic 3, tu peux courir chaque trail en toute confiance gr\u00e2ce \u00e0 sa semelle ext\u00e9rieure en caoutchouc Continental\u2122 \u00e0 crampons de 4 mm qui t'assure une accroche sup\u00e9rieure sur les surfaces s\u00e8ches et mouill\u00e9es.<\/p>\n<ul class=\"gl-list\">\n<li class=\"gl-vspace-bpall-small\">Chaussant standard.<\/li>\n<li class=\"gl-vspace-bpall-small\">Fermeture \u00e0 lacets.<\/li>\n<li class=\"gl-vspace-bpall-small\">Tige textile et synth\u00e9tique avec empi\u00e8cements r\u00e9sistant \u00e0 l'abrasion.<\/li>\n<li class=\"gl-vspace-bpall-small\">Amorti Lightstrike.<\/li>\n<li class=\"gl-vspace-bpall-small\">Plaque de stabilit\u00e9 en TPU.<\/li>\n<li class=\"gl-vspace-bpall-small\">Languette \u00e0 goussets.<\/li>\n<\/ul>\n<ul class=\"gl-list\">\n<li class=\"gl-vspace-bpall-small\">Poids\u00a0: 275 g\u00a0(pointure\u00a042 2\/3).<\/li>\n<li class=\"gl-vspace-bpall-small\">Drop semelle interm\u00e9diaire\u00a0: 8\u00a0mm (talon\u00a0: 31 mm \/ avant-pied : 23 mm).<\/li>\n<li class=\"gl-vspace-bpall-small\">Semelle ext\u00e9rieure en caoutchouc Continental\u2122 avec crampons internes de 4 mm et crampons externes de 5 mm.<\/li>\n<li class=\"gl-vspace-bpall-small\">Contient au moins 20 % de mat\u00e9riaux recycl\u00e9s.<\/li>\n<li class=\"gl-vspace-bpall-small\">Couleur du produit : Pulse Blue \/ Grey One \/ Semi Impact Orange<\/li>\n<li class=\"gl-vspace-bpall-small\">Code du produit : IH0982<\/li>\n<\/ul>\n<p>Drop : 8 mm<\/p>\n","protected":false},"excerpt":{"rendered":"<p>D\u00e9couvre un mix parfait entre confort, durabilit\u00e9 et stabilit\u00e9. La tige respirante garde tes pieds au frais. La toute nouvelle semelle interm\u00e9diaire Lightstrike plus souple est con\u00e7ue pour offrir un amorti et une foul\u00e9e dynamiques qui peuvent r\u00e9sister \u00e0 l'impact de chaque foul\u00e9e. Avec l'Agravic 3, tu peux courir chaque trail en toute confiance gr\u00e2ce [&hellip;]<\/p>\n","protected":false},"featured_media":3055,"template":"","meta":[],"pwb-brand":[149],"product_brand":[],"product_cat":[16,36,22,39],"product_tag":[],"class_list":{"0":"post-2153","1":"product","2":"type-product","3":"status-publish","4":"has-post-thumbnail","6":"pwb-brand-adidas","7":"product_cat-non-classe","8":"product_cat-chaussures-femmes","9":"product_cat-running","10":"product_cat-trail","12":"first","13":"instock","14":"sale","15":"shipping-taxable","16":"purchasable","17":"product-type-simple"},"brands":[{"id":149,"name":"ADIDAS","slug":"adidas"}],"_links":{"self":[{"href":"https:\/\/rrunning.tribalt.agency\/index.php?rest_route=\/wp\/v2\/product\/2153","targetHints":{"allow":["GET"]}}],"collection":[{"href":"https:\/\/rrunning.tribalt.agency\/index.php?rest_route=\/wp\/v2\/product"}],"about":[{"href":"https:\/\/rrunning.tribalt.agency\/index.php?rest_route=\/wp\/v2\/types\/product"}],"wp:featuredmedia":[{"embeddable":true,"href":"https:\/\/rrunning.tribalt.agency\/index.php?rest_route=\/wp\/v2\/media\/3055"}],"wp:attachment":[{"href":"https:\/\/rrunning.tribalt.agency\/index.php?rest_route=%2Fwp%2Fv2%2Fmedia&parent=2153"}],"wp:term":[{"taxonomy":"pwb-brand","embeddable":true,"href":"https:\/\/rrunning.tribalt.agency\/index.php?rest_route=%2Fwp%2Fv2%2Fpwb-brand&post=2153"},{"taxonomy":"product_brand","embeddable":true,"href":"https:\/\/rrunning.tribalt.agency\/index.php?rest_route=%2Fwp%2Fv2%2Fproduct_brand&post=2153"},{"taxonomy":"product_cat","embeddable":true,"href":"https:\/\/rrunning.tribalt.agency\/index.php?rest_route=%2Fwp%2Fv2%2Fproduct_cat&post=2153"},{"taxonomy":"product_tag","embeddable":true,"href":"https:\/\/rrunning.tribalt.agency\/index.php?rest_route=%2Fwp%2Fv2%2Fproduct_tag&post=2153"}],"curies":[{"name":"wp","href":"https:\/\/api.w.org\/{rel}","templated":true}]}}