{"id":2152,"date":"2025-07-07T16:50:56","date_gmt":"2025-07-07T14:50:56","guid":{"rendered":"https:\/\/rrunning.tribalt.agency\/?post_type=product&#038;p=2152"},"modified":"2025-07-07T16:51:47","modified_gmt":"2025-07-07T14:51:47","slug":"spiderweb-headband-on-off-white","status":"publish","type":"product","link":"https:\/\/rrunning.tribalt.agency\/?product=spiderweb-headband-on-off-white","title":{"rendered":"SPIDERWEB HEADBAND ON\/OFF WHITE"},"content":{"rendered":"<p class=\"key_benefit_1\">Diego Pazos porte g\u00e9n\u00e9ralement cette visi\u00e8re running Compressport d\u00e9cal\u00e9e avec son traditionnel n\u0153ud papillon, pour un look unique et totalement \"Diego\" sur les sentiers des ultras. D\u00e9velopp\u00e9 sur demande explicite de notre champion, le Spiderweb Headband regroupe les propri\u00e9t\u00e9s thermor\u00e9gulantes du Headband On\/Off avec la protection solaire transparente de la visi\u00e8re Spiderweb. Le bandeau \u00e9lastique en microfibre perfor\u00e9 offre un contr\u00f4le constant de la temp\u00e9rature au niveau de la t\u00eate pour un confort in\u00e9gal\u00e9. La technologie on\/off \u00e9vacue rapidement la transpiration et permet au tissu de s\u00e9cher jusqu'\u00e0 7 fois plus rapidement qu'un bandeau traditionnel afin que la t\u00eate reste au frais m\u00eame dans des conditions tr\u00e8s chaudes. La visi\u00e8re structur\u00e9e transparente offre une protection solaire tout en vous permettant de garder un oeil sur le chemin sans lever la t\u00eate. Comme tout rebel qui se doit, Diego porte sa visi\u00e8re \u00e0 l'envers, mais si vous \u00eates \u00e0 la recherche d'un bandeau fashion avec visi\u00e8re solaire int\u00e9gr\u00e9e, alors la Spiderweb Headband est pour vous. Hauteur : 7,5cm<\/p>\n","protected":false},"excerpt":{"rendered":"<p>Diego Pazos porte g\u00e9n\u00e9ralement cette visi\u00e8re running Compressport d\u00e9cal\u00e9e avec son traditionnel n\u0153ud papillon, pour un look unique et totalement \"Diego\" sur les sentiers des ultras. D\u00e9velopp\u00e9 sur demande explicite de notre champion, le Spiderweb Headband regroupe les propri\u00e9t\u00e9s thermor\u00e9gulantes du Headband On\/Off avec la protection solaire transparente de la visi\u00e8re Spiderweb. Le bandeau \u00e9lastique [&hellip;]<\/p>\n","protected":false},"featured_media":2154,"template":"","meta":[],"pwb-brand":[97],"product_brand":[],"product_cat":[26],"product_tag":[],"class_list":{"0":"post-2152","1":"product","2":"type-product","3":"status-publish","4":"has-post-thumbnail","6":"pwb-brand-compressport","7":"product_cat-casquettes-visieres","9":"first","10":"instock","11":"shipping-taxable","12":"purchasable","13":"product-type-simple"},"brands":[{"id":97,"name":"COMPRESSPORT","slug":"compressport"}],"_links":{"self":[{"href":"https:\/\/rrunning.tribalt.agency\/index.php?rest_route=\/wp\/v2\/product\/2152","targetHints":{"allow":["GET"]}}],"collection":[{"href":"https:\/\/rrunning.tribalt.agency\/index.php?rest_route=\/wp\/v2\/product"}],"about":[{"href":"https:\/\/rrunning.tribalt.agency\/index.php?rest_route=\/wp\/v2\/types\/product"}],"wp:featuredmedia":[{"embeddable":true,"href":"https:\/\/rrunning.tribalt.agency\/index.php?rest_route=\/wp\/v2\/media\/2154"}],"wp:attachment":[{"href":"https:\/\/rrunning.tribalt.agency\/index.php?rest_route=%2Fwp%2Fv2%2Fmedia&parent=2152"}],"wp:term":[{"taxonomy":"pwb-brand","embeddable":true,"href":"https:\/\/rrunning.tribalt.agency\/index.php?rest_route=%2Fwp%2Fv2%2Fpwb-brand&post=2152"},{"taxonomy":"product_brand","embeddable":true,"href":"https:\/\/rrunning.tribalt.agency\/index.php?rest_route=%2Fwp%2Fv2%2Fproduct_brand&post=2152"},{"taxonomy":"product_cat","embeddable":true,"href":"https:\/\/rrunning.tribalt.agency\/index.php?rest_route=%2Fwp%2Fv2%2Fproduct_cat&post=2152"},{"taxonomy":"product_tag","embeddable":true,"href":"https:\/\/rrunning.tribalt.agency\/index.php?rest_route=%2Fwp%2Fv2%2Fproduct_tag&post=2152"}],"curies":[{"name":"wp","href":"https:\/\/api.w.org\/{rel}","templated":true}]}}