{"id":2138,"date":"2025-07-07T16:37:49","date_gmt":"2025-07-07T14:37:49","guid":{"rendered":"https:\/\/rrunning.tribalt.agency\/?post_type=product&#038;p=2138"},"modified":"2025-09-16T19:13:09","modified_gmt":"2025-09-16T17:13:09","slug":"wave-rider-tt-2","status":"publish","type":"product","link":"https:\/\/rrunning.tribalt.agency\/?product=wave-rider-tt-2","title":{"rendered":"WAVE RIDER TT 2"},"content":{"rendered":"<p>Lancez-vous hors de sentiers battus avec la WAVE RIDER, le tout-terrain s'offre \u00e0 vous. Avec un renfort talon dot\u00e9 de la nouvelle MIZUNO ENERZY NXT l\u00e9g\u00e8re et souple, votre foul\u00e9e sera encore plus souple et fluide \u00e0 chaque foul\u00e9e. La mousse MIZUNO ENERZY int\u00e9gr\u00e9e \u00e0 la partie sup\u00e9rieure de la semelle interm\u00e9diaire offre un tr\u00e8s bon amorti et un excellent retour d'\u00e9nergie, tandis que la MIZUNO WAVE optimise la propulsion avant. Le caoutchouc Wgrip de la semelle ext\u00e9rieure sp\u00e9cialement con\u00e7u pour la course en terrains vari\u00e9s offre une adh\u00e9rence et une traction exceptionnelles. - MIZUNO ENERZY NXT La nouvelle g\u00e9n\u00e9ration de mat\u00e9riaux Mizuno utilisent des ressources respectueuses de l'environnement garantissant douceur, retour d'\u00e9nergie exceptionnel et l\u00e9g\u00e8ret\u00e9. Cela est le cas du renfort talon qui est fortement sollicit\u00e9 \u00e0 chaque foul\u00e9e. - MOUSSE MIZUNO ENERZY La technologie MIZUNO ENERZY, qui offre un amorti et un retour d'\u00e9nergie exceptionnels, est ins\u00e9r\u00e9e dans la semelle interm\u00e9diaire sup\u00e9rieure. - MIZUNO WAVE En plus d'offrir amorti et stabilit\u00e9, la WAVE PLATE favorise la propulsion vers l'avant et le transfert de poids en douceur. 4) Adh\u00e9rence Wgrip Le caoutchouc utilis\u00e9 offre une bien meilleure adh\u00e9rence sur les surfaces humides et s\u00e8ches que le caoutchouc traditionnel. Le motif de la semelle ext\u00e9rieure a \u00e9t\u00e9 con\u00e7u pour la course sur terrains vari\u00e9s. Ce mod\u00e8le pr\u00e9sente une adh\u00e9rence exceptionnelle et une traction optimis\u00e9e.<\/p>\n<p>Drop : 12mm<\/p>\n<p>Couleur : MOLE\/RYTHMIC RED\/EVENING PRIMROSE<\/p>\n","protected":false},"excerpt":{"rendered":"<p>Lancez-vous hors de sentiers battus avec la WAVE RIDER, le tout-terrain s'offre \u00e0 vous. Avec un renfort talon dot\u00e9 de la nouvelle MIZUNO ENERZY NXT l\u00e9g\u00e8re et souple, votre foul\u00e9e sera encore plus souple et fluide \u00e0 chaque foul\u00e9e. La mousse MIZUNO ENERZY int\u00e9gr\u00e9e \u00e0 la partie sup\u00e9rieure de la semelle interm\u00e9diaire offre un tr\u00e8s [&hellip;]<\/p>\n","protected":false},"featured_media":3154,"template":"","meta":[],"pwb-brand":[17],"product_brand":[],"product_cat":[36,22,39],"product_tag":[],"class_list":{"0":"post-2138","1":"product","2":"type-product","3":"status-publish","4":"has-post-thumbnail","6":"pwb-brand-mizuno","7":"product_cat-chaussures-femmes","8":"product_cat-running","9":"product_cat-trail","11":"first","12":"instock","13":"sale","14":"shipping-taxable","15":"purchasable","16":"product-type-simple"},"brands":[{"id":17,"name":"MIZUNO","slug":"mizuno"}],"_links":{"self":[{"href":"https:\/\/rrunning.tribalt.agency\/index.php?rest_route=\/wp\/v2\/product\/2138","targetHints":{"allow":["GET"]}}],"collection":[{"href":"https:\/\/rrunning.tribalt.agency\/index.php?rest_route=\/wp\/v2\/product"}],"about":[{"href":"https:\/\/rrunning.tribalt.agency\/index.php?rest_route=\/wp\/v2\/types\/product"}],"wp:featuredmedia":[{"embeddable":true,"href":"https:\/\/rrunning.tribalt.agency\/index.php?rest_route=\/wp\/v2\/media\/3154"}],"wp:attachment":[{"href":"https:\/\/rrunning.tribalt.agency\/index.php?rest_route=%2Fwp%2Fv2%2Fmedia&parent=2138"}],"wp:term":[{"taxonomy":"pwb-brand","embeddable":true,"href":"https:\/\/rrunning.tribalt.agency\/index.php?rest_route=%2Fwp%2Fv2%2Fpwb-brand&post=2138"},{"taxonomy":"product_brand","embeddable":true,"href":"https:\/\/rrunning.tribalt.agency\/index.php?rest_route=%2Fwp%2Fv2%2Fproduct_brand&post=2138"},{"taxonomy":"product_cat","embeddable":true,"href":"https:\/\/rrunning.tribalt.agency\/index.php?rest_route=%2Fwp%2Fv2%2Fproduct_cat&post=2138"},{"taxonomy":"product_tag","embeddable":true,"href":"https:\/\/rrunning.tribalt.agency\/index.php?rest_route=%2Fwp%2Fv2%2Fproduct_tag&post=2138"}],"curies":[{"name":"wp","href":"https:\/\/api.w.org\/{rel}","templated":true}]}}