{"id":2116,"date":"2025-07-07T15:33:05","date_gmt":"2025-07-07T13:33:05","guid":{"rendered":"https:\/\/rrunning.tribalt.agency\/?post_type=product&#038;p=2116"},"modified":"2025-07-07T15:58:42","modified_gmt":"2025-07-07T13:58:42","slug":"racing-trucker-cap-black-red","status":"publish","type":"product","link":"https:\/\/rrunning.tribalt.agency\/?product=racing-trucker-cap-black-red","title":{"rendered":"RACING TRUCKER CAP BLACK\/RED"},"content":{"rendered":"<p class=\"key_benefit_1\">Les casquettes sont comme les chaussures et les chemises: il vous en faut (au moins!) une pour toute situation, dont un Trucker Cap ! Cette casquette Compressport est id\u00e9ale pour un look branch\u00e9 avant et apr\u00e8s l'entra\u00eenement ou la course. La visi\u00e8re courb\u00e9e prot\u00e8ge du soleil et vous \u00e9vite des cheveux rebelles dans les yeux. Un filet classique \u00e0 l'arri\u00e8re assure un design 100% mode mais aussi une ventilation optimale quand le thermom\u00e8tre grimpe. La casquette est facilement ajustable gr\u00e2ce \u00e0 la fermeture \"snapback\" traditionnelle du trucker. Notre logo Racing est brod\u00e9 sur l'avant pour un style dynamique au briefing de course, \u00e0 l'after ou encore \u00e0 la plage.<\/p>\n","protected":false},"excerpt":{"rendered":"<p>Les casquettes sont comme les chaussures et les chemises: il vous en faut (au moins!) une pour toute situation, dont un Trucker Cap ! Cette casquette Compressport est id\u00e9ale pour un look branch\u00e9 avant et apr\u00e8s l'entra\u00eenement ou la course. La visi\u00e8re courb\u00e9e prot\u00e8ge du soleil et vous \u00e9vite des cheveux rebelles dans les yeux. [&hellip;]<\/p>\n","protected":false},"featured_media":2117,"template":"","meta":[],"pwb-brand":[97],"product_brand":[],"product_cat":[26],"product_tag":[],"class_list":{"0":"post-2116","1":"product","2":"type-product","3":"status-publish","4":"has-post-thumbnail","6":"pwb-brand-compressport","7":"product_cat-casquettes-visieres","9":"first","10":"instock","11":"shipping-taxable","12":"purchasable","13":"product-type-simple"},"brands":[{"id":97,"name":"COMPRESSPORT","slug":"compressport"}],"_links":{"self":[{"href":"https:\/\/rrunning.tribalt.agency\/index.php?rest_route=\/wp\/v2\/product\/2116","targetHints":{"allow":["GET"]}}],"collection":[{"href":"https:\/\/rrunning.tribalt.agency\/index.php?rest_route=\/wp\/v2\/product"}],"about":[{"href":"https:\/\/rrunning.tribalt.agency\/index.php?rest_route=\/wp\/v2\/types\/product"}],"wp:featuredmedia":[{"embeddable":true,"href":"https:\/\/rrunning.tribalt.agency\/index.php?rest_route=\/wp\/v2\/media\/2117"}],"wp:attachment":[{"href":"https:\/\/rrunning.tribalt.agency\/index.php?rest_route=%2Fwp%2Fv2%2Fmedia&parent=2116"}],"wp:term":[{"taxonomy":"pwb-brand","embeddable":true,"href":"https:\/\/rrunning.tribalt.agency\/index.php?rest_route=%2Fwp%2Fv2%2Fpwb-brand&post=2116"},{"taxonomy":"product_brand","embeddable":true,"href":"https:\/\/rrunning.tribalt.agency\/index.php?rest_route=%2Fwp%2Fv2%2Fproduct_brand&post=2116"},{"taxonomy":"product_cat","embeddable":true,"href":"https:\/\/rrunning.tribalt.agency\/index.php?rest_route=%2Fwp%2Fv2%2Fproduct_cat&post=2116"},{"taxonomy":"product_tag","embeddable":true,"href":"https:\/\/rrunning.tribalt.agency\/index.php?rest_route=%2Fwp%2Fv2%2Fproduct_tag&post=2116"}],"curies":[{"name":"wp","href":"https:\/\/api.w.org\/{rel}","templated":true}]}}