{"id":2106,"date":"2025-07-07T15:28:36","date_gmt":"2025-07-07T13:28:36","guid":{"rendered":"https:\/\/rrunning.tribalt.agency\/?post_type=product&#038;p=2106"},"modified":"2025-07-07T15:29:47","modified_gmt":"2025-07-07T13:29:47","slug":"pro-racing-cap-black-white-print","status":"publish","type":"product","link":"https:\/\/rrunning.tribalt.agency\/?product=pro-racing-cap-black-white-print","title":{"rendered":"PRO RACING CAP BLACK\/WHITE PRINT"},"content":{"rendered":"<p class=\"key_benefit_1\">Con\u00e7ue \u00e0 l\u2019origine pour r\u00e9pondre aux besoins de nos athl\u00e8tes professionnels participant \u00e0 des \u00e9preuves aussi extr\u00eames que les championnats du monde IRONMAN\u00ae \u00e0 Kona, cette casquette de course ultral\u00e9g\u00e8re est parfaite pour les contextes tr\u00e8s chauds et humides. Une visi\u00e8re articul\u00e9e innovante monte pour ouvrir votre champ de vision et descend pour bloquer compl\u00e8tement les rayons du soleil. La casquette Pro Racing Ultra-light prot\u00e8ge parfaitement du soleil tout en restant ultral\u00e9g\u00e8re. Un tissu plus \u00e9pais sur le dessus de la t\u00eate prot\u00e8ge de la chaleur pour vous garder au frais. La casquette poss\u00e8de une poche plate et discr\u00e8te autour de la t\u00eate dans laquelle vous pouvez glisser des gla\u00e7ons. Autour de la t\u00eate, un maillage a\u00e9r\u00e9 \u00e9vacue efficacement l\u2019humidit\u00e9. Fini les v\u00eatements inconfortables, lourds et humides qui irritent et ne s\u00e8chent pas. Ergonomique, elle s\u2019adapte naturellement \u00e0 tous les cr\u00e2nes. Cette casquette de sport blanche offre un confort suppl\u00e9mentaire pour que vous puissiez l\u2019oublier et rester pleinement concentr\u00e9 sur votre course.<\/p>\n","protected":false},"excerpt":{"rendered":"<p>Con\u00e7ue \u00e0 l\u2019origine pour r\u00e9pondre aux besoins de nos athl\u00e8tes professionnels participant \u00e0 des \u00e9preuves aussi extr\u00eames que les championnats du monde IRONMAN\u00ae \u00e0 Kona, cette casquette de course ultral\u00e9g\u00e8re est parfaite pour les contextes tr\u00e8s chauds et humides. Une visi\u00e8re articul\u00e9e innovante monte pour ouvrir votre champ de vision et descend pour bloquer compl\u00e8tement [&hellip;]<\/p>\n","protected":false},"featured_media":2107,"template":"","meta":[],"pwb-brand":[97],"product_brand":[],"product_cat":[26],"product_tag":[],"class_list":{"0":"post-2106","1":"product","2":"type-product","3":"status-publish","4":"has-post-thumbnail","6":"pwb-brand-compressport","7":"product_cat-casquettes-visieres","9":"first","10":"instock","11":"shipping-taxable","12":"purchasable","13":"product-type-simple"},"brands":[{"id":97,"name":"COMPRESSPORT","slug":"compressport"}],"_links":{"self":[{"href":"https:\/\/rrunning.tribalt.agency\/index.php?rest_route=\/wp\/v2\/product\/2106","targetHints":{"allow":["GET"]}}],"collection":[{"href":"https:\/\/rrunning.tribalt.agency\/index.php?rest_route=\/wp\/v2\/product"}],"about":[{"href":"https:\/\/rrunning.tribalt.agency\/index.php?rest_route=\/wp\/v2\/types\/product"}],"wp:featuredmedia":[{"embeddable":true,"href":"https:\/\/rrunning.tribalt.agency\/index.php?rest_route=\/wp\/v2\/media\/2107"}],"wp:attachment":[{"href":"https:\/\/rrunning.tribalt.agency\/index.php?rest_route=%2Fwp%2Fv2%2Fmedia&parent=2106"}],"wp:term":[{"taxonomy":"pwb-brand","embeddable":true,"href":"https:\/\/rrunning.tribalt.agency\/index.php?rest_route=%2Fwp%2Fv2%2Fpwb-brand&post=2106"},{"taxonomy":"product_brand","embeddable":true,"href":"https:\/\/rrunning.tribalt.agency\/index.php?rest_route=%2Fwp%2Fv2%2Fproduct_brand&post=2106"},{"taxonomy":"product_cat","embeddable":true,"href":"https:\/\/rrunning.tribalt.agency\/index.php?rest_route=%2Fwp%2Fv2%2Fproduct_cat&post=2106"},{"taxonomy":"product_tag","embeddable":true,"href":"https:\/\/rrunning.tribalt.agency\/index.php?rest_route=%2Fwp%2Fv2%2Fproduct_tag&post=2106"}],"curies":[{"name":"wp","href":"https:\/\/api.w.org\/{rel}","templated":true}]}}