{"id":2098,"date":"2025-07-07T15:25:09","date_gmt":"2025-07-07T13:25:09","guid":{"rendered":"https:\/\/rrunning.tribalt.agency\/?post_type=product&#038;p=2098"},"modified":"2025-07-07T15:26:49","modified_gmt":"2025-07-07T13:26:49","slug":"podium-ss-tshirt-sugar","status":"publish","type":"product","link":"https:\/\/rrunning.tribalt.agency\/?product=podium-ss-tshirt-sugar","title":{"rendered":"PODIUM SS TSHIRT SUGAR"},"content":{"rendered":"<p class=\"key_benefit_1\">Adoptez l`esprit Compressport avec notre tout nouveau Podium T-shirt, con\u00e7u pour un confort d\u00e9contract\u00e9 avant et apr\u00e8s l`entra\u00eenement et la course. T\u00e9moignage de l`\u00e9l\u00e9gance d\u00e9contract\u00e9e, ce T-shirt en coton l\u00e9ger offre une sensation de douceur sur la peau et une respirabilit\u00e9 exceptionnelle pour que vous restiez frais. Fid\u00e8le \u00e0 notre ADN de performance, le tissu 3D et la construction sans couture garantissent l`absence d`irritation ou de frottement, quel que soit le temps. Des perforations techniques discr\u00e8tes sous les aisselles permettent d`\u00e9vacuer rapidement la transpiration ou l`humidit\u00e9. Fabriqu\u00e9e exclusivement en coton et imprim\u00e9e en s\u00e9rigraphie \u00e0 base d`eau, la chemise garantit un recyclage facile le moment venu. Avec sa coupe r\u00e9guli\u00e8re, son encolure ronde classique et son empi\u00e8cement d\u00e9contract\u00e9 sur les \u00e9paules, le T-shirt Podium offre \u00e0 la fois confort et style : le choix id\u00e9al pour les briefings de course, les c\u00e9r\u00e9monies de remise des prix ou pour tra\u00eener sur la piste tout en repr\u00e9sentant fi\u00e8rement la marque Compressport. Disponible avec notre petit logo de course pour une touche subtile ou avec une grande impression frontale pour une d\u00e9claration audacieuse.<\/p>\n","protected":false},"excerpt":{"rendered":"<p>Adoptez l`esprit Compressport avec notre tout nouveau Podium T-shirt, con\u00e7u pour un confort d\u00e9contract\u00e9 avant et apr\u00e8s l`entra\u00eenement et la course. T\u00e9moignage de l`\u00e9l\u00e9gance d\u00e9contract\u00e9e, ce T-shirt en coton l\u00e9ger offre une sensation de douceur sur la peau et une respirabilit\u00e9 exceptionnelle pour que vous restiez frais. Fid\u00e8le \u00e0 notre ADN de performance, le tissu [&hellip;]<\/p>\n","protected":false},"featured_media":2099,"template":"","meta":[],"pwb-brand":[97],"product_brand":[],"product_cat":[55],"product_tag":[],"class_list":{"0":"post-2098","1":"product","2":"type-product","3":"status-publish","4":"has-post-thumbnail","6":"pwb-brand-compressport","7":"product_cat-haut-textile-homme","9":"first","10":"instock","11":"shipping-taxable","12":"purchasable","13":"product-type-simple"},"brands":[{"id":97,"name":"COMPRESSPORT","slug":"compressport"}],"_links":{"self":[{"href":"https:\/\/rrunning.tribalt.agency\/index.php?rest_route=\/wp\/v2\/product\/2098","targetHints":{"allow":["GET"]}}],"collection":[{"href":"https:\/\/rrunning.tribalt.agency\/index.php?rest_route=\/wp\/v2\/product"}],"about":[{"href":"https:\/\/rrunning.tribalt.agency\/index.php?rest_route=\/wp\/v2\/types\/product"}],"wp:featuredmedia":[{"embeddable":true,"href":"https:\/\/rrunning.tribalt.agency\/index.php?rest_route=\/wp\/v2\/media\/2099"}],"wp:attachment":[{"href":"https:\/\/rrunning.tribalt.agency\/index.php?rest_route=%2Fwp%2Fv2%2Fmedia&parent=2098"}],"wp:term":[{"taxonomy":"pwb-brand","embeddable":true,"href":"https:\/\/rrunning.tribalt.agency\/index.php?rest_route=%2Fwp%2Fv2%2Fpwb-brand&post=2098"},{"taxonomy":"product_brand","embeddable":true,"href":"https:\/\/rrunning.tribalt.agency\/index.php?rest_route=%2Fwp%2Fv2%2Fproduct_brand&post=2098"},{"taxonomy":"product_cat","embeddable":true,"href":"https:\/\/rrunning.tribalt.agency\/index.php?rest_route=%2Fwp%2Fv2%2Fproduct_cat&post=2098"},{"taxonomy":"product_tag","embeddable":true,"href":"https:\/\/rrunning.tribalt.agency\/index.php?rest_route=%2Fwp%2Fv2%2Fproduct_tag&post=2098"}],"curies":[{"name":"wp","href":"https:\/\/api.w.org\/{rel}","templated":true}]}}