{"id":2080,"date":"2025-07-07T15:18:11","date_gmt":"2025-07-07T13:18:11","guid":{"rendered":"https:\/\/rrunning.tribalt.agency\/?post_type=product&#038;p=2080"},"modified":"2025-09-01T12:09:54","modified_gmt":"2025-09-01T10:09:54","slug":"performance-singlet-sugar-camo-print","status":"publish","type":"product","link":"https:\/\/rrunning.tribalt.agency\/?product=performance-singlet-sugar-camo-print","title":{"rendered":"PERFORMANCE SINGLET SUGAR\/CAMO PRINT"},"content":{"rendered":"<p class=\"key_benefit_1\">Relevez votre prochain d\u00e9fi sportif avec le Performance Singlet pour hommes, un m\u00e9lange id\u00e9al de polyvalence, d`innovation et de l\u00e9g\u00e8ret\u00e9. Ce haut sans manches associe les technologies \u00e9prouv\u00e9es de Compressport \u00e0 un tissu microfibre ultradoux \u00e0 s\u00e9chage rapide pour une s\u00e9ance de sport sans irritation ni frottement, m\u00eame dans les conditions les plus chaudes. Thermor\u00e9gulant et ventil\u00e9 gr\u00e2ce \u00e0 ses a\u00e9rations cibl\u00e9es \u00e0 l\u2019avant et dans le dos, vous resterez au frais et au sec lorsque l`effort s`intensifie. Que vous soyez sur les sentiers ou sur la piste, la structure sans coutures et le col \u00e0 coutures plates offrent un confort et une polyvalence sup\u00e9rieurs pour aller chercher vos objectifs. La coupe classique est non restrictive, avec une d\u00e9coupe arri\u00e8re qui d\u00e9gage l\u2019\u00e9paule pour une libert\u00e9 de mouvement optimale lors de toutes vos activit\u00e9s. Associez-le au Performance Short pour une tenue de performance qui saura vous accompagner des s\u00e9ances d\u2019entra\u00eenement \u00e0 la ligne d`arriv\u00e9e.<\/p>\n","protected":false},"excerpt":{"rendered":"<p>Relevez votre prochain d\u00e9fi sportif avec le Performance Singlet pour hommes, un m\u00e9lange id\u00e9al de polyvalence, d`innovation et de l\u00e9g\u00e8ret\u00e9. Ce haut sans manches associe les technologies \u00e9prouv\u00e9es de Compressport \u00e0 un tissu microfibre ultradoux \u00e0 s\u00e9chage rapide pour une s\u00e9ance de sport sans irritation ni frottement, m\u00eame dans les conditions les plus chaudes. Thermor\u00e9gulant [&hellip;]<\/p>\n","protected":false},"featured_media":2081,"template":"","meta":[],"pwb-brand":[97],"product_brand":[],"product_cat":[55],"product_tag":[],"class_list":{"0":"post-2080","1":"product","2":"type-product","3":"status-publish","4":"has-post-thumbnail","6":"pwb-brand-compressport","7":"product_cat-haut-textile-homme","9":"first","10":"instock","11":"shipping-taxable","12":"purchasable","13":"product-type-simple"},"brands":[{"id":97,"name":"COMPRESSPORT","slug":"compressport"}],"_links":{"self":[{"href":"https:\/\/rrunning.tribalt.agency\/index.php?rest_route=\/wp\/v2\/product\/2080","targetHints":{"allow":["GET"]}}],"collection":[{"href":"https:\/\/rrunning.tribalt.agency\/index.php?rest_route=\/wp\/v2\/product"}],"about":[{"href":"https:\/\/rrunning.tribalt.agency\/index.php?rest_route=\/wp\/v2\/types\/product"}],"wp:featuredmedia":[{"embeddable":true,"href":"https:\/\/rrunning.tribalt.agency\/index.php?rest_route=\/wp\/v2\/media\/2081"}],"wp:attachment":[{"href":"https:\/\/rrunning.tribalt.agency\/index.php?rest_route=%2Fwp%2Fv2%2Fmedia&parent=2080"}],"wp:term":[{"taxonomy":"pwb-brand","embeddable":true,"href":"https:\/\/rrunning.tribalt.agency\/index.php?rest_route=%2Fwp%2Fv2%2Fpwb-brand&post=2080"},{"taxonomy":"product_brand","embeddable":true,"href":"https:\/\/rrunning.tribalt.agency\/index.php?rest_route=%2Fwp%2Fv2%2Fproduct_brand&post=2080"},{"taxonomy":"product_cat","embeddable":true,"href":"https:\/\/rrunning.tribalt.agency\/index.php?rest_route=%2Fwp%2Fv2%2Fproduct_cat&post=2080"},{"taxonomy":"product_tag","embeddable":true,"href":"https:\/\/rrunning.tribalt.agency\/index.php?rest_route=%2Fwp%2Fv2%2Fproduct_tag&post=2080"}],"curies":[{"name":"wp","href":"https:\/\/api.w.org\/{rel}","templated":true}]}}