{"id":2068,"date":"2025-07-07T15:15:12","date_gmt":"2025-07-07T13:15:12","guid":{"rendered":"https:\/\/rrunning.tribalt.agency\/?post_type=product&#038;p=2068"},"modified":"2025-07-07T15:16:22","modified_gmt":"2025-07-07T13:16:22","slug":"performance-short-indigo","status":"publish","type":"product","link":"https:\/\/rrunning.tribalt.agency\/?product=performance-short-indigo","title":{"rendered":"PERFORMANCE SHORT INDIGO"},"content":{"rendered":"<p class=\"key_benefit_1\">Pr\u00e9parez tous vos objectifs avec le nouveau Performance Short pour hommes. L\u2019un des fers de lance de notre gamme Performance, ce short est un ajout indispensable \u00e0 votre garde-robe multisport. Fin et fluide, le tissu ultral\u00e9ger suit votre foul\u00e9e sans coller au niveau des cuisses. La coupe est plus longue que nos mod\u00e8les Racing et ne provoque pas de frottements ou d\u2019irritations, m\u00eame dans des conditions de forte chaleur. Un slip ultraconfortable et respirant en Lycra maintient tout ce qu`il faut en place, alors qu\u2019une poche arri\u00e8re zipp\u00e9e accueille une cl\u00e9 de voiture ou un gel \u00e9nerg\u00e9tique. Ce short de running est dot\u00e9 d`une ceinture plate avec un cordon de serrage pour un ajustement facile. Pens\u00e9 pour tous les sportifs passionn\u00e9s, ce short deviendra vite votre option privil\u00e9gi\u00e9e pour toutes vos s\u00e9ances d`entra\u00eenement : du running \u00e0 la salle en passant par le stade, il apporte la fonctionnalit\u00e9 et le style que vous cherchez pour booster vos performances.<\/p>\n","protected":false},"excerpt":{"rendered":"<p>Pr\u00e9parez tous vos objectifs avec le nouveau Performance Short pour hommes. L\u2019un des fers de lance de notre gamme Performance, ce short est un ajout indispensable \u00e0 votre garde-robe multisport. Fin et fluide, le tissu ultral\u00e9ger suit votre foul\u00e9e sans coller au niveau des cuisses. La coupe est plus longue que nos mod\u00e8les Racing et [&hellip;]<\/p>\n","protected":false},"featured_media":2071,"template":"","meta":[],"pwb-brand":[97],"product_brand":[],"product_cat":[57],"product_tag":[],"class_list":{"0":"post-2068","1":"product","2":"type-product","3":"status-publish","4":"has-post-thumbnail","6":"pwb-brand-compressport","7":"product_cat-bas-textile-homme","9":"first","10":"instock","11":"shipping-taxable","12":"purchasable","13":"product-type-simple"},"brands":[{"id":97,"name":"COMPRESSPORT","slug":"compressport"}],"_links":{"self":[{"href":"https:\/\/rrunning.tribalt.agency\/index.php?rest_route=\/wp\/v2\/product\/2068","targetHints":{"allow":["GET"]}}],"collection":[{"href":"https:\/\/rrunning.tribalt.agency\/index.php?rest_route=\/wp\/v2\/product"}],"about":[{"href":"https:\/\/rrunning.tribalt.agency\/index.php?rest_route=\/wp\/v2\/types\/product"}],"wp:featuredmedia":[{"embeddable":true,"href":"https:\/\/rrunning.tribalt.agency\/index.php?rest_route=\/wp\/v2\/media\/2071"}],"wp:attachment":[{"href":"https:\/\/rrunning.tribalt.agency\/index.php?rest_route=%2Fwp%2Fv2%2Fmedia&parent=2068"}],"wp:term":[{"taxonomy":"pwb-brand","embeddable":true,"href":"https:\/\/rrunning.tribalt.agency\/index.php?rest_route=%2Fwp%2Fv2%2Fpwb-brand&post=2068"},{"taxonomy":"product_brand","embeddable":true,"href":"https:\/\/rrunning.tribalt.agency\/index.php?rest_route=%2Fwp%2Fv2%2Fproduct_brand&post=2068"},{"taxonomy":"product_cat","embeddable":true,"href":"https:\/\/rrunning.tribalt.agency\/index.php?rest_route=%2Fwp%2Fv2%2Fproduct_cat&post=2068"},{"taxonomy":"product_tag","embeddable":true,"href":"https:\/\/rrunning.tribalt.agency\/index.php?rest_route=%2Fwp%2Fv2%2Fproduct_tag&post=2068"}],"curies":[{"name":"wp","href":"https:\/\/api.w.org\/{rel}","templated":true}]}}