{"id":2057,"date":"2025-07-07T15:10:40","date_gmt":"2025-07-07T13:10:40","guid":{"rendered":"https:\/\/rrunning.tribalt.agency\/?post_type=product&#038;p=2057"},"modified":"2025-09-01T12:10:30","modified_gmt":"2025-09-01T10:10:30","slug":"performance-ls-tshirt-ice-flow","status":"publish","type":"product","link":"https:\/\/rrunning.tribalt.agency\/?product=performance-ls-tshirt-ice-flow","title":{"rendered":"PERFORMANCE LS TSHIRT ICE FLOW"},"content":{"rendered":"<p class=\"key_benefit_1\">Compl\u00e9tant notre gamme de t-shirts pour une flexibilit\u00e9 maximale quel que soit le d\u00e9fi, le Performance TShirt \u00e0 manches longues offre une performance l\u00e9g\u00e8re et de haute technologie pour affronter l`intensit\u00e9 de l`entra\u00eenement avec le m\u00eame enthousiasme que les rigueurs de la course. Le tissu microfibre ultra-doux et la conception sans couture tr\u00e8s confortable garantissent que les frottements et les irritations ne sont plus qu`un mauvais souvenir. Avec sa coupe r\u00e9guli\u00e8re et sans restriction et ses excellentes propri\u00e9t\u00e9s de thermor\u00e9gulation, c`est le v\u00eatement polyvalent par excellence pour les efforts de haute intensit\u00e9 dans des conditions fra\u00eeches. Les mailles du corps sur le torse, le long de la colonne vert\u00e9brale et le long des manches offrent une ventilation cibl\u00e9e pour \u00e9vacuer rapidement l`humidit\u00e9 et vous garder frais de la piste aux sentiers. Les poignets ajust\u00e9s et l`encolure l\u00e9g\u00e8rement plus haute garantissent que les courants d`air froid restent \u00e0 l`\u00e9cart, tandis que l`empi\u00e8cement sur les \u00e9paules ajoute une touche de modernit\u00e9 \u00e0 vos entra\u00eenements. Technique, confortable et surtout efficace, le Performance LS T Shirt est en passe de devenir le haut ultime pour toute la saison que vous utiliserez encore et encore.<\/p>\n","protected":false},"excerpt":{"rendered":"<p>Compl\u00e9tant notre gamme de t-shirts pour une flexibilit\u00e9 maximale quel que soit le d\u00e9fi, le Performance TShirt \u00e0 manches longues offre une performance l\u00e9g\u00e8re et de haute technologie pour affronter l`intensit\u00e9 de l`entra\u00eenement avec le m\u00eame enthousiasme que les rigueurs de la course. Le tissu microfibre ultra-doux et la conception sans couture tr\u00e8s confortable garantissent [&hellip;]<\/p>\n","protected":false},"featured_media":2058,"template":"","meta":[],"pwb-brand":[97],"product_brand":[],"product_cat":[55],"product_tag":[],"class_list":{"0":"post-2057","1":"product","2":"type-product","3":"status-publish","4":"has-post-thumbnail","6":"pwb-brand-compressport","7":"product_cat-haut-textile-homme","9":"first","10":"instock","11":"shipping-taxable","12":"purchasable","13":"product-type-simple"},"brands":[{"id":97,"name":"COMPRESSPORT","slug":"compressport"}],"_links":{"self":[{"href":"https:\/\/rrunning.tribalt.agency\/index.php?rest_route=\/wp\/v2\/product\/2057","targetHints":{"allow":["GET"]}}],"collection":[{"href":"https:\/\/rrunning.tribalt.agency\/index.php?rest_route=\/wp\/v2\/product"}],"about":[{"href":"https:\/\/rrunning.tribalt.agency\/index.php?rest_route=\/wp\/v2\/types\/product"}],"wp:featuredmedia":[{"embeddable":true,"href":"https:\/\/rrunning.tribalt.agency\/index.php?rest_route=\/wp\/v2\/media\/2058"}],"wp:attachment":[{"href":"https:\/\/rrunning.tribalt.agency\/index.php?rest_route=%2Fwp%2Fv2%2Fmedia&parent=2057"}],"wp:term":[{"taxonomy":"pwb-brand","embeddable":true,"href":"https:\/\/rrunning.tribalt.agency\/index.php?rest_route=%2Fwp%2Fv2%2Fpwb-brand&post=2057"},{"taxonomy":"product_brand","embeddable":true,"href":"https:\/\/rrunning.tribalt.agency\/index.php?rest_route=%2Fwp%2Fv2%2Fproduct_brand&post=2057"},{"taxonomy":"product_cat","embeddable":true,"href":"https:\/\/rrunning.tribalt.agency\/index.php?rest_route=%2Fwp%2Fv2%2Fproduct_cat&post=2057"},{"taxonomy":"product_tag","embeddable":true,"href":"https:\/\/rrunning.tribalt.agency\/index.php?rest_route=%2Fwp%2Fv2%2Fproduct_tag&post=2057"}],"curies":[{"name":"wp","href":"https:\/\/api.w.org\/{rel}","templated":true}]}}