{"id":2052,"date":"2025-07-07T15:08:30","date_gmt":"2025-07-07T13:08:30","guid":{"rendered":"https:\/\/rrunning.tribalt.agency\/?post_type=product&#038;p=2052"},"modified":"2025-09-01T16:03:35","modified_gmt":"2025-09-01T14:03:35","slug":"ice-cap-sun-shade","status":"publish","type":"product","link":"https:\/\/rrunning.tribalt.agency\/?product=ice-cap-sun-shade","title":{"rendered":"ICE CAP SUN SHADE"},"content":{"rendered":"<p class=\"key_benefit_1\">Dessin\u00e9e pour notre courageuse ultra-traileuse Fernanda Maciel, alors qu\u2019elle s\u2019appr\u00eatait \u00e0 affronter les rigueurs du Marathon des Sables, la Ice Cap Sun Shade fait ses d\u00e9buts dans la gamme Compressport ! L\u2019arri\u00e8re de la t\u00eate jouant un r\u00f4le crucial dans la r\u00e9gulation de la temp\u00e9rature corporelle, cette casquette de running avec protection solaire haute technologie dispose d\u2019une poche \u00e0 glace ergonomique et quasiment invisible. \u00c9lastique et ajust\u00e9e, elle \u00e9vite \u00e0 tout contenu de rebondir ou bouger. Le tissu absorbant et antibact\u00e9rien au niveau du front emp\u00eache la sueur de couler dans les yeux et s\u00e8che rapidement pour un confort maximal. Le mesh blanc est exceptionnellement l\u00e9ger et respirant et \u00e9vacue rapidement l\u2019humidit\u00e9 afin que la casquette ne soit jamais lourde sur la t\u00eate. Une protection int\u00e9gr\u00e9e derri\u00e8re la t\u00eate pr\u00e9vient les coups de soleil au niveau de la nuque. La visi\u00e8re articul\u00e9e peut \u00eatre relev\u00e9e pour d\u00e9gager le champ de vision, ou baiss\u00e9e pour prot\u00e9ger les yeux et le visage du soleil. Destin\u00e9es aux coureurs les plus t\u00e9m\u00e9raires, la Ice Cap Sun Shade est la protection solaire ultime pour les courses \u00e0 \u00e9tapes \u00e0 travers les d\u00e9serts.<\/p>\n","protected":false},"excerpt":{"rendered":"<p>Dessin\u00e9e pour notre courageuse ultra-traileuse Fernanda Maciel, alors qu\u2019elle s\u2019appr\u00eatait \u00e0 affronter les rigueurs du Marathon des Sables, la Ice Cap Sun Shade fait ses d\u00e9buts dans la gamme Compressport ! L\u2019arri\u00e8re de la t\u00eate jouant un r\u00f4le crucial dans la r\u00e9gulation de la temp\u00e9rature corporelle, cette casquette de running avec protection solaire haute technologie [&hellip;]<\/p>\n","protected":false},"featured_media":3140,"template":"","meta":[],"pwb-brand":[97],"product_brand":[],"product_cat":[26],"product_tag":[],"class_list":{"0":"post-2052","1":"product","2":"type-product","3":"status-publish","4":"has-post-thumbnail","6":"pwb-brand-compressport","7":"product_cat-casquettes-visieres","9":"first","10":"instock","11":"shipping-taxable","12":"purchasable","13":"product-type-simple"},"brands":[{"id":97,"name":"COMPRESSPORT","slug":"compressport"}],"_links":{"self":[{"href":"https:\/\/rrunning.tribalt.agency\/index.php?rest_route=\/wp\/v2\/product\/2052","targetHints":{"allow":["GET"]}}],"collection":[{"href":"https:\/\/rrunning.tribalt.agency\/index.php?rest_route=\/wp\/v2\/product"}],"about":[{"href":"https:\/\/rrunning.tribalt.agency\/index.php?rest_route=\/wp\/v2\/types\/product"}],"wp:featuredmedia":[{"embeddable":true,"href":"https:\/\/rrunning.tribalt.agency\/index.php?rest_route=\/wp\/v2\/media\/3140"}],"wp:attachment":[{"href":"https:\/\/rrunning.tribalt.agency\/index.php?rest_route=%2Fwp%2Fv2%2Fmedia&parent=2052"}],"wp:term":[{"taxonomy":"pwb-brand","embeddable":true,"href":"https:\/\/rrunning.tribalt.agency\/index.php?rest_route=%2Fwp%2Fv2%2Fpwb-brand&post=2052"},{"taxonomy":"product_brand","embeddable":true,"href":"https:\/\/rrunning.tribalt.agency\/index.php?rest_route=%2Fwp%2Fv2%2Fproduct_brand&post=2052"},{"taxonomy":"product_cat","embeddable":true,"href":"https:\/\/rrunning.tribalt.agency\/index.php?rest_route=%2Fwp%2Fv2%2Fproduct_cat&post=2052"},{"taxonomy":"product_tag","embeddable":true,"href":"https:\/\/rrunning.tribalt.agency\/index.php?rest_route=%2Fwp%2Fv2%2Fproduct_tag&post=2052"}],"curies":[{"name":"wp","href":"https:\/\/api.w.org\/{rel}","templated":true}]}}