{"id":2047,"date":"2025-07-07T15:16:24","date_gmt":"2025-07-07T13:16:24","guid":{"rendered":"https:\/\/rrunning.tribalt.agency\/?post_type=product&#038;p=2047"},"modified":"2025-09-02T10:40:16","modified_gmt":"2025-09-02T08:40:16","slug":"xodus-ultra-3","status":"publish","type":"product","link":"https:\/\/rrunning.tribalt.agency\/?product=xodus-ultra-3","title":{"rendered":"XODUS ULTRA 3"},"content":{"rendered":"<p>Con\u00e7u sp\u00e9cifiquement pour les longues distances, c'est un confort ultra pour des distances ultra longues. Un design de plateforme et de paroi lat\u00e9rale plus large vous maintient en place Plus de rembourrage con\u00e7u pour aller loin Semelle ext\u00e9rieure PWTRAC am\u00e9lior\u00e9e pour une meilleure traction Pourquoi vous l'aimerez Le PWRRUN PB \u00e9conome en \u00e9nergie est notre rembourrage super mousse qui reprend sa forme<\/p>\n<p>Le cadre PWRRUN apporte durabilit\u00e9 et protection pour les longues distances Maille ferm\u00e9e et respirante gardant les pieds au frais et prot\u00e9g\u00e9s des d\u00e9bris Des crampons agiles de 4 mm et une semelle ext\u00e9rieure PWTRAC am\u00e9lior\u00e9e offrent l'adh\u00e9rence et la traction dont vous avez besoin<\/p>\n<p>Caract\u00e9ristiques Meilleur pour : Course en sentier \/ Sentier quotidien \/ Randonn\u00e9e Hauteur de crampon : 4 mm D\u00e9nivel\u00e9 talon-orteils : 6 mm (talon de 36 mm \/ avant-pied de 30 mm) Poids : 8,7 oz (249 g)<\/p>\n<p>Durabilit\u00e9 : Ce mod\u00e8le est v\u00e9gan et contient des mat\u00e9riaux recycl\u00e9s.<\/p>\n","protected":false},"excerpt":{"rendered":"<p>Con\u00e7u sp\u00e9cifiquement pour les longues distances, c'est un confort ultra pour des distances ultra longues. Un design de plateforme et de paroi lat\u00e9rale plus large vous maintient en place Plus de rembourrage con\u00e7u pour aller loin Semelle ext\u00e9rieure PWTRAC am\u00e9lior\u00e9e pour une meilleure traction Pourquoi vous l'aimerez Le PWRRUN PB \u00e9conome en \u00e9nergie est notre [&hellip;]<\/p>\n","protected":false},"featured_media":2067,"template":"","meta":[],"pwb-brand":[120],"product_brand":[],"product_cat":[16,36,22,39],"product_tag":[],"class_list":{"0":"post-2047","1":"product","2":"type-product","3":"status-publish","4":"has-post-thumbnail","6":"pwb-brand-saucony","7":"product_cat-non-classe","8":"product_cat-chaussures-femmes","9":"product_cat-running","10":"product_cat-trail","12":"first","13":"instock","14":"sale","15":"shipping-taxable","16":"purchasable","17":"product-type-simple"},"brands":[{"id":120,"name":"SAUCONY","slug":"saucony"}],"_links":{"self":[{"href":"https:\/\/rrunning.tribalt.agency\/index.php?rest_route=\/wp\/v2\/product\/2047","targetHints":{"allow":["GET"]}}],"collection":[{"href":"https:\/\/rrunning.tribalt.agency\/index.php?rest_route=\/wp\/v2\/product"}],"about":[{"href":"https:\/\/rrunning.tribalt.agency\/index.php?rest_route=\/wp\/v2\/types\/product"}],"wp:featuredmedia":[{"embeddable":true,"href":"https:\/\/rrunning.tribalt.agency\/index.php?rest_route=\/wp\/v2\/media\/2067"}],"wp:attachment":[{"href":"https:\/\/rrunning.tribalt.agency\/index.php?rest_route=%2Fwp%2Fv2%2Fmedia&parent=2047"}],"wp:term":[{"taxonomy":"pwb-brand","embeddable":true,"href":"https:\/\/rrunning.tribalt.agency\/index.php?rest_route=%2Fwp%2Fv2%2Fpwb-brand&post=2047"},{"taxonomy":"product_brand","embeddable":true,"href":"https:\/\/rrunning.tribalt.agency\/index.php?rest_route=%2Fwp%2Fv2%2Fproduct_brand&post=2047"},{"taxonomy":"product_cat","embeddable":true,"href":"https:\/\/rrunning.tribalt.agency\/index.php?rest_route=%2Fwp%2Fv2%2Fproduct_cat&post=2047"},{"taxonomy":"product_tag","embeddable":true,"href":"https:\/\/rrunning.tribalt.agency\/index.php?rest_route=%2Fwp%2Fv2%2Fproduct_tag&post=2047"}],"curies":[{"name":"wp","href":"https:\/\/api.w.org\/{rel}","templated":true}]}}