{"id":2029,"date":"2025-07-07T14:47:23","date_gmt":"2025-07-07T12:47:23","guid":{"rendered":"https:\/\/rrunning.tribalt.agency\/?post_type=product&#038;p=2029"},"modified":"2025-09-01T15:43:25","modified_gmt":"2025-09-01T13:43:25","slug":"hurricane-windproof-jacket-black","status":"publish","type":"product","link":"https:\/\/rrunning.tribalt.agency\/?product=hurricane-windproof-jacket-black","title":{"rendered":"HURRICANE WINDPROOF JACKET BLACK"},"content":{"rendered":"<p class=\"key_benefit_1\">Lorsque votre programme implique de sortir alors que le vent souffle, la veste coupe-vent Hurricane toutes saisons est l\u2019armure dont vous avez besoin pour aller au bout. D\u00e9velopp\u00e9e sp\u00e9cifiquement pour apporter une protection exceptionnelle contre le vent, cette veste poids plume int\u00e8gre les technologies Compressport embl\u00e9matiques dans seulement 100\u00a0g de tissu. Sur le devant, le mat\u00e9riau Tafta offre une protection ultime contre les vents forts pour vous garder au chaud lorsque les \u00e9l\u00e9ments sont contre vous. Le mat\u00e9riau du dos et des manches est dot\u00e9 de notre technologie On\/Off embl\u00e9matique\u00a0: les alv\u00e9oles intelligentes s\u2019ouvrent pour une respirabilit\u00e9 optimale afin de garder le baselayer au chaud et au sec. La coupe est parfaitement ajust\u00e9e pour \u00e9viter tout battement g\u00eanant. Comme une seconde peau, vous oublierez que vous le portez. Gr\u00e2ce \u00e0 son effet stretch \u00ab\u00a04-way\u00a0\u00bb, cette veste vous conf\u00e8re une totale libert\u00e9 de mouvement et s\u2019\u00e9tire facilement sur un sac de trail. Ouvrez la fermeture \u00e0 glissi\u00e8re autobloquante sur toute la longueur pour plus de respirabilit\u00e9 lorsque le soleil se l\u00e8ve. Une poche de poitrine pratique vous permet de garder l\u2019essentiel \u00e0 port\u00e9e de main. R\u00e9versible, cette poche peut accueillir la veste une fois pli\u00e9e. Glissez-la rapidement dans une poche ou une ceinture Freebelt lorsque le vent se calme. Les manches longues et le col haut offrent une protection et une chaleur suppl\u00e9mentaires, tout comme la conception plus longue \u00e0 l\u2019arri\u00e8re. Les d\u00e9tails r\u00e9fl\u00e9chissants sont indispensables pour rester visible et en s\u00e9curit\u00e9 lorsque la luminosit\u00e9 est faible. La veste comporte donc des logos r\u00e9fl\u00e9chissants \u00e0 l\u2019avant et \u00e0 l\u2019arri\u00e8re, des points \u00e0 la base du dos et des bandes autour des poignets. Tr\u00e8s doux au toucher, vous n\u2019entendrez aucun bruissement quand vous vous d\u00e9placerez. Con\u00e7ue avant tout pour contrer le vent, sa conception l\u00e9g\u00e8rement d\u00e9perlante vous permet de traverser les averses inattendues. Parfaite pour le trail, le cyclisme, le ski de fond ou toute autre activit\u00e9 de plein air.<\/p>\n","protected":false},"excerpt":{"rendered":"<p>Lorsque votre programme implique de sortir alors que le vent souffle, la veste coupe-vent Hurricane toutes saisons est l\u2019armure dont vous avez besoin pour aller au bout. D\u00e9velopp\u00e9e sp\u00e9cifiquement pour apporter une protection exceptionnelle contre le vent, cette veste poids plume int\u00e8gre les technologies Compressport embl\u00e9matiques dans seulement 100\u00a0g de tissu. Sur le devant, le [&hellip;]<\/p>\n","protected":false},"featured_media":2031,"template":"","meta":[],"pwb-brand":[97],"product_brand":[],"product_cat":[58],"product_tag":[],"class_list":{"0":"post-2029","1":"product","2":"type-product","3":"status-publish","4":"has-post-thumbnail","6":"pwb-brand-compressport","7":"product_cat-vestes-textile-homme","9":"first","10":"instock","11":"shipping-taxable","12":"purchasable","13":"product-type-simple"},"brands":[{"id":97,"name":"COMPRESSPORT","slug":"compressport"}],"_links":{"self":[{"href":"https:\/\/rrunning.tribalt.agency\/index.php?rest_route=\/wp\/v2\/product\/2029","targetHints":{"allow":["GET"]}}],"collection":[{"href":"https:\/\/rrunning.tribalt.agency\/index.php?rest_route=\/wp\/v2\/product"}],"about":[{"href":"https:\/\/rrunning.tribalt.agency\/index.php?rest_route=\/wp\/v2\/types\/product"}],"wp:featuredmedia":[{"embeddable":true,"href":"https:\/\/rrunning.tribalt.agency\/index.php?rest_route=\/wp\/v2\/media\/2031"}],"wp:attachment":[{"href":"https:\/\/rrunning.tribalt.agency\/index.php?rest_route=%2Fwp%2Fv2%2Fmedia&parent=2029"}],"wp:term":[{"taxonomy":"pwb-brand","embeddable":true,"href":"https:\/\/rrunning.tribalt.agency\/index.php?rest_route=%2Fwp%2Fv2%2Fpwb-brand&post=2029"},{"taxonomy":"product_brand","embeddable":true,"href":"https:\/\/rrunning.tribalt.agency\/index.php?rest_route=%2Fwp%2Fv2%2Fproduct_brand&post=2029"},{"taxonomy":"product_cat","embeddable":true,"href":"https:\/\/rrunning.tribalt.agency\/index.php?rest_route=%2Fwp%2Fv2%2Fproduct_cat&post=2029"},{"taxonomy":"product_tag","embeddable":true,"href":"https:\/\/rrunning.tribalt.agency\/index.php?rest_route=%2Fwp%2Fv2%2Fproduct_tag&post=2029"}],"curies":[{"name":"wp","href":"https:\/\/api.w.org\/{rel}","templated":true}]}}